{"id":2820,"date":"2024-04-30T06:33:43","date_gmt":"2024-04-30T06:33:43","guid":{"rendered":"https:\/\/bearcatmfg.com\/top-rated-chip-seal-equipo-de-texas\/"},"modified":"2024-04-30T06:33:43","modified_gmt":"2024-04-30T06:33:43","slug":"top-rated-chip-seal-equipo-de-texas","status":"publish","type":"page","link":"https:\/\/bearcatmfg.com\/es\/top-rated-chip-seal-equipo-de-texas\/","title":{"rendered":"Top-Rated Chip Seal Equipo de Texas"},"content":{"rendered":"<h3>El mejor lugar para encontrar el mejor equipo de asfalto en Texas<\/h3>\n<p>BearCat Manufacturing es su \u00fanica fuente de equipos de asfaltado de primera clase en Texas. Nuestra tradici\u00f3n de dise\u00f1o, ingenier\u00eda y fabricaci\u00f3n de la mejor maquinaria de mantenimiento de carreteras comenz\u00f3 en 1969. Desde entonces, se nos conoce como uno de los fabricantes m\u00e1s fiables de <a href=\"https:\/\/bearcatmfg.com\/asphalt-distributors-texas\/\">distribuidores de asfalto<\/a>, <a href=\"https:\/\/bearcatmfg.com\/chip-spreaders-texas\/\">esparcidores de gravilla<\/a>, <a href=\"https:\/\/bearcatmfg.com\/crack-sealers-texas\/\">selladores de grietas<\/a> y mucho m\u00e1s. Adem\u00e1s, ofrecemos soluciones de <a href=\"https:\/\/bearcatmfg.com\/product-category\/custom-equipment\/\">equipamiento personalizadas<\/a> dise\u00f1adas espec\u00edficamente para ayudar a nuestros socios contratistas de mantenimiento de carreteras en sus negocios. Adem\u00e1s, nuestro servicio de atenci\u00f3n al cliente de categor\u00eda mundial le ofrece una asistencia amable cuando necesite m\u00e1s informaci\u00f3n, piezas de repuesto e instrucciones de funcionamiento. <a href=\"https:\/\/bearcatmfg.com\/contact-us\/\">Env\u00edenos un correo electr\u00f3nico<\/a> ahora para ponerse en contacto con nuestros departamentos de servicio, ventas, garant\u00eda, piezas, informaci\u00f3n t\u00e9cnica o atenci\u00f3n al cliente.<\/p>\n<h3>\u00bfPor qu\u00e9 elegir BearCat Manufacturing para el equipo de sellado de virutas?<\/h3>\n<p>Nunca dejamos de introducir mejoras e innovaciones en nuestros equipos de asfaltado de primera categor\u00eda. Por ejemplo, nuestro asiento del operador, recientemente redise\u00f1ado, est\u00e1 recibiendo elogios como quiz\u00e1s el m\u00e1s c\u00f3modo jam\u00e1s fabricado en equipos de mantenimiento de carreteras. Adem\u00e1s, nuestro historial como uno de los fabricantes m\u00e1s fiables del sector no tiene parang\u00f3n. Con nuestros productos, puede hacer que las operaciones sean m\u00e1s eficientes en t\u00e9rminos de costes y tiempo. Nuestro equipo de asfaltado requiere menos inversi\u00f3n de tiempo, dinero y mano de obra. Como resultado, puede reducir los gastos generales y aceptar trabajos en m\u00e1s obras.<\/p>\n<h3>Los mejores distribuidores de asfalto de su clase<\/h3>\n<p>Usted tiene muchas opciones cuando elige el equipo de sellado de virutas BearCat Manufacturing en Texas. Puede encontrar el equipo adecuado para su negocio entre estos modelos disponibles:<\/p>\n<ul>\n<li><strong>Distribuidor de asfalto BC-502 &#8211; <\/strong>Los contratistas han apodado a este producto una \u00ableyenda\u00bb en la construcci\u00f3n y mantenimiento de carreteras debido a su inigualable productividad. Este modelo incluye grandes caracter\u00edsticas como el control computarizado de la velocidad, una barra de pulverizaci\u00f3n, un sistema de calefacci\u00f3n y un dep\u00f3sito de acero.<\/li>\n<li><strong>Distribuidor de asfalto de caucho granulado &#8211; <\/strong>Al igual que el BC-502, esta maquinaria puede mover grandes cantidades de material viscoso con rapidez. Los materiales viscosos se transportan f\u00e1cilmente gracias a las excelentes caracter\u00edsticas del producto, como los quemadores di\u00e9sel de alto rendimiento, los tubos de entrada extragrandes y el sinf\u00edn interno.<\/li>\n<li><strong>Sistemas de pulverizaci\u00f3n para el control del polvo: <\/strong>nuestros sistemas de pulverizaci\u00f3n para el control del polvo pueden sustituir a los sistemas m\u00e1s antiguos de los equipos existentes, funcionan para conversiones de adaptaci\u00f3n y pueden complementar la maquinaria nueva.<\/li>\n<li><strong>Remolque jalador de asfalto &#8211; <\/strong>El remolque jalador de dos ejes de BearCat Manufacturing puede transportar hasta 20 toneladas de materiales al sitio de su proyecto. Adem\u00e1s, tambi\u00e9n puede volcar r\u00e1pidamente toda la carga \u00fatil de una sola vez.<\/li>\n<\/ul>\n<h3>Los mejores esparcidores de virutas<\/h3>\n<p>Tambi\u00e9n puede elegir entre varias opciones de esparcidores de gravilla con los equipos de sellado de gravilla de mayor calidad de BearCat Manufacturing en Texas. Ofrecemos las siguientes soluciones:<\/p>\n<ul>\n<li><strong>Esparcidor T\u00e1ndem de 20&#8242; &#8211; <\/strong>Este es nuestro modelo m\u00e1s grande, proporcion\u00e1ndole una extensi\u00f3n de 10&#8242; a 20&#8242; que esparcir\u00e1 materiales m\u00e1s r\u00e1pido y sobre un \u00e1rea m\u00e1s grande.<\/li>\n<li><strong>16&#8242; Tandem Spreader &#8211; <\/strong>Este es el modelo m\u00e1s peque\u00f1o, pero a\u00fan productivo. Viene con grandes caracter\u00edsticas, como una cinta de gran capacidad, control de velocidad informatizado y tolva trasera plegable, al igual que el modelo de mayor tama\u00f1o.<\/li>\n<\/ul>\n<div class=\"left-img\"><img decoding=\"async\" src=\"Https:\/\/bearcatmfg.com\/wp-content\/uploads\/2023\/03\/Chip-Spreaders-Texas-1-500x350.jpg\" alt=\"Top-Rated Chip Seal Equipo de Texas\" title=\"\"><\/div>\n<h3>P\u00f3ngase en contacto con nosotros para obtener el mejor equipo de asfaltado de Texas<\/h3>\n<p>Ofrezca a su empresa de construcci\u00f3n de carreteras una ventaja competitiva con el mejor rendimiento de los equipos de asfaltado de Texas. BearCat Manufacturing es el lugar donde encontrar soluciones inmejorables. Ll\u00e1menos ahora al 928-684-7851 para obtener un presupuesto gratuito o m\u00e1s informaci\u00f3n. Para obtener respuesta a cualquiera de tus preguntas, tambi\u00e9n puedes ponerte en <a href=\"https:\/\/bearcatmfg.com\/contact-us\/\">contacto<\/a> con nosotros en l\u00ednea a trav\u00e9s de nuestro c\u00f3modo <a href=\"https:\/\/bearcatmfg.com\/contact-us\/\">formulario de contacto<\/a>.<\/p>\n","protected":false},"excerpt":{"rendered":"<p>El mejor lugar para encontrar el mejor equipo de asfalto en Texas BearCat Manufacturing es su \u00fanica fuente de equipos de asfaltado de primera clase en Texas. Nuestra tradici\u00f3n de dise\u00f1o, ingenier\u00eda y fabricaci\u00f3n de la mejor maquinaria de mantenimiento de carreteras comenz\u00f3 en 1969. Desde entonces, se nos conoce como uno de los fabricantes &hellip; <a href=\"https:\/\/bearcatmfg.com\/es\/top-rated-chip-seal-equipo-de-texas\/\" class=\"more-link\">Continue reading <span class=\"screen-reader-text\">Top-Rated Chip Seal Equipo de Texas<\/span><\/a><\/p>\n","protected":false},"author":1,"featured_media":2011,"parent":0,"menu_order":0,"comment_status":"closed","ping_status":"closed","template":"","meta":{"_acf_changed":false,"footnotes":""},"class_list":["post-2820","page","type-page","status-publish","has-post-thumbnail","hentry"],"acf":[],"_links":{"self":[{"href":"https:\/\/bearcatmfg.com\/es\/wp-json\/wp\/v2\/pages\/2820","targetHints":{"allow":["GET"]}}],"collection":[{"href":"https:\/\/bearcatmfg.com\/es\/wp-json\/wp\/v2\/pages"}],"about":[{"href":"https:\/\/bearcatmfg.com\/es\/wp-json\/wp\/v2\/types\/page"}],"author":[{"embeddable":true,"href":"https:\/\/bearcatmfg.com\/es\/wp-json\/wp\/v2\/users\/1"}],"replies":[{"embeddable":true,"href":"https:\/\/bearcatmfg.com\/es\/wp-json\/wp\/v2\/comments?post=2820"}],"version-history":[{"count":0,"href":"https:\/\/bearcatmfg.com\/es\/wp-json\/wp\/v2\/pages\/2820\/revisions"}],"wp:featuredmedia":[{"embeddable":true,"href":"https:\/\/bearcatmfg.com\/es\/wp-json\/wp\/v2\/media\/2011"}],"wp:attachment":[{"href":"https:\/\/bearcatmfg.com\/es\/wp-json\/wp\/v2\/media?parent=2820"}],"curies":[{"name":"wp","href":"https:\/\/api.w.org\/{rel}","templated":true}]}}