{"id":2821,"date":"2024-04-30T06:34:00","date_gmt":"2024-04-30T06:34:00","guid":{"rendered":"https:\/\/bearcatmfg.com\/selladores-de-grietas-mejor-valorados\/"},"modified":"2024-12-16T07:09:58","modified_gmt":"2024-12-16T07:09:58","slug":"selladores-de-grietas-mejor-valorados","status":"publish","type":"page","link":"https:\/\/bearcatmfg.com\/es\/selladores-de-grietas-mejor-valorados\/","title":{"rendered":"Selladores de grietas mejor valorados"},"content":{"rendered":"<h3>Conf\u00ede en los mejores selladores de grietas de BearCat<\/h3>\n<p>Independientemente de las necesidades de su empresa contratista de asfalto, el equipo que todo equipo de mantenimiento de carreteras debe tener es una selladora de grietas. Las selladoras de <a href=\"https:\/\/bearcatmfg.com\/crack-sealers-illinois\/\">grietas<\/a> permiten a los contratistas realizar una reparaci\u00f3n r\u00e1pida y eficaz de grietas en cualquier superficie de pavimento. Y para los propietarios y los ayuntamientos que hacen todo lo posible por mantener las carreteras pavimentadas y los solares en buenas condiciones, la reparaci\u00f3n de grietas es de gran ayuda. Afortunadamente, su empresa puede encontrar f\u00e1cilmente selladoras de grietas de primera categor\u00eda en Arizona al seleccionar a uno de los principales fabricantes de <a href=\"https:\/\/bearcatmfg.com\/asphalt-machines\/\">m\u00e1quinas de asfalto<\/a> de EE.UU.: BearCat Manufacturing.<\/p>\n<h3>Confiar en la reparaci\u00f3n de grietas<\/h3>\n<p>Aunque hay un mont\u00f3n de servicios que puede ofrecer para ayudar a mantener y restaurar el asfalto, la reparaci\u00f3n de grietas sigue siendo una soluci\u00f3n incre\u00edblemente eficaz. Por no hablar de que es un servicio m\u00e1s f\u00e1cil de ofrecer y m\u00e1s asequible para todas las partes implicadas. Con <a href=\"https:\/\/bearcatmfg.com\/crack-sealers-arizona\/\">los selladores de grietas<\/a>, su empresa puede ayudar a los clientes con:<\/p>\n<ul>\n<li><strong>Ralentizar el deterioro del asfalto<\/strong> &#8211; Desde el tr\u00e1fico a la humedad o los vertidos qu\u00edmicos, cualquier n\u00famero de factores puede desgastar el estado de su pavimento. Y a medida que las grietas comienzan a formarse, s\u00f3lo abre su asfalto a empeorar el deterioro como desmoronarse o deshacerse. Sin embargo, el sellado de grietas impide que el agua y los productos qu\u00edmicos penetren bajo el pavimento y evita que el deterioro se extienda.<\/li>\n<li><strong>Prolongaci\u00f3n de la vida \u00fatil del pavimento<\/strong>: si se sellan las grietas y se ralentiza el deterioro, estos esfuerzos pueden prolongar la vida \u00fatil del pavimento. Siempre que los servicios de sellado de grietas y mantenimiento sean constantes, podr\u00e1 mantener su pavimento en condiciones de uso m\u00e1s all\u00e1 de su vida \u00fatil media de 25 a\u00f1os.<\/li>\n<li><strong>Mejora de la seguridad vial<\/strong> &#8211; A medida que el asfalto se agrieta y se desmorona, se vuelve m\u00e1s peligroso de atravesar tanto para los conductores como para los peatones. Las piedras y la gravilla pueden da\u00f1ar los bajos del veh\u00edculo, mientras que los baches pueden afectar gravemente a las ruedas y la suspensi\u00f3n. Afortunadamente, mientras se mantenga al d\u00eda con el mantenimiento de la carretera mediante la reparaci\u00f3n de grietas, estos problemas nunca llegar\u00e1n a desarrollarse del todo.<\/li>\n<li><strong>Ahorro de dinero<\/strong> &#8211; En \u00faltima instancia, de los trabajos de pavimentaci\u00f3n de asfalto que un cliente puede solicitar, el sellado de grietas es m\u00e1s com\u00fanmente el m\u00e1s asequible. De este modo, los clientes que no quieren arruinarse pero s\u00ed mantener su pavimento disponen de un servicio en el que pueden confiar. Y sus clientes no son los \u00fanicos que pueden beneficiarse del ahorro de costes; los materiales y la mano de obra que intervienen en el sellado de grietas son m\u00ednimos, lo que mantiene bajos los costes del servicio.<\/li>\n<\/ul>\n<h3>Caracter\u00edsticas de nuestras selladoras de grietas<\/h3>\n<p>Necesita selladores de grietas de primera categor\u00eda para garantizar que su empresa pueda ofrecer <a href=\"https:\/\/bearcatmfg.com\/crack-repair\/\">servicios de reparaci\u00f3n de grietas<\/a> r\u00e1pidos y de alta calidad. BearCat MFG lo tiene cubierto con nuestras m\u00e1quinas de sellado de grietas de caucho BK-250 y BK-400. Nuestras m\u00e1quinas presentan unos \u00edndices de producci\u00f3n impresionantes, lo que permite a los operarios reducir los costes por turno con cada proyecto de reparaci\u00f3n. Entre las caracter\u00edsticas adicionales de nuestros <a href=\"https:\/\/bearcatmfg.com\/crack-sealers-tennessee\/\">selladores de grietas<\/a> se incluyen:<\/p>\n<ul class=\"col-2\">\n<li>Capacidad del dep\u00f3sito de sellante de 250-400 galones<\/li>\n<li>Puertas de carga selladas de f\u00e1cil acceso<\/li>\n<li>Sistema de control informatizado de f\u00e1cil manejo<\/li>\n<li>Sistema ecol\u00f3gico sin descarga de agua<\/li>\n<li>Caja de mangueras calentada para la aplicaci\u00f3n inmediata del sellador<\/li>\n<li>Quemador cerrado de gas\u00f3leo de alta presi\u00f3n con encendido autom\u00e1tico<\/li>\n<li>Sistema de calefacci\u00f3n indirecta cerrado con control de caudal absoluto<\/li>\n<\/ul>\n<div class=\"left-img\"><img loading=\"lazy\" decoding=\"async\" class=\"alignnone\" src=\"https:\/\/bearcatmfg.com\/wp-content\/uploads\/2023\/07\/Top-Rated-Crack-Sealers-1-500x350.jpg\" alt=\"Selladoras de grietas rojas de m\u00e1xima calidad dise\u00f1adas y fabricadas por BearCat MFG\" width=\"500\" height=\"350\" title=\"\"><\/div>\n<h3>P\u00f3ngase en contacto con nosotros<\/h3>\n<p>Si su empresa contratista de asfalto a\u00fan carece del equipo adecuado para la reparaci\u00f3n de grietas, no tiene por qu\u00e9 preocuparse. Encuentre con BearCat MFG los selladores de grietas de mayor calidad que su personal de mantenimiento de carreteras necesita para tener \u00e9xito. Para obtener m\u00e1s informaci\u00f3n sobre nuestros productos de asfalto o solicitar un presupuesto, llame al <a href=\"tel:9286847851\">928-684-7851<\/a>. Estamos ubicados en 3650 N Sabin Brown Rd, Wickenburg, AZ 85390. BearCat Manufacturing tiene su sede en <a href=\"https:\/\/bearcatmfg.com\/asphalt-repair-equipment-arizona\/\">Arizona<\/a> y presta servicio a clientes de <a href=\"https:\/\/bearcatmfg.com\/asphalt-repair-equipment-illinois\/\">Illinois<\/a>, <a href=\"https:\/\/bearcatmfg.com\/asphalt-repair-equipment-tennessee\/\">Tennessee<\/a>, <a href=\"https:\/\/bearcatmfg.com\/asphalt-repair-equipment-texas\/\">Texas<\/a> y Estados Unidos.<\/p>\n","protected":false},"excerpt":{"rendered":"<p>Conf\u00ede en los mejores selladores de grietas de BearCat Independientemente de las necesidades de su empresa contratista de asfalto, el equipo que todo equipo de mantenimiento de carreteras debe tener es una selladora de grietas. Las selladoras de grietas permiten a los contratistas realizar una reparaci\u00f3n r\u00e1pida y eficaz de grietas en cualquier superficie de &hellip; <a href=\"https:\/\/bearcatmfg.com\/es\/selladores-de-grietas-mejor-valorados\/\" class=\"more-link\">Continue reading <span class=\"screen-reader-text\">Selladores de grietas mejor valorados<\/span><\/a><\/p>\n","protected":false},"author":1,"featured_media":2243,"parent":0,"menu_order":0,"comment_status":"closed","ping_status":"closed","template":"","meta":{"_acf_changed":false,"footnotes":""},"class_list":["post-2821","page","type-page","status-publish","has-post-thumbnail","hentry"],"acf":[],"_links":{"self":[{"href":"https:\/\/bearcatmfg.com\/es\/wp-json\/wp\/v2\/pages\/2821","targetHints":{"allow":["GET"]}}],"collection":[{"href":"https:\/\/bearcatmfg.com\/es\/wp-json\/wp\/v2\/pages"}],"about":[{"href":"https:\/\/bearcatmfg.com\/es\/wp-json\/wp\/v2\/types\/page"}],"author":[{"embeddable":true,"href":"https:\/\/bearcatmfg.com\/es\/wp-json\/wp\/v2\/users\/1"}],"replies":[{"embeddable":true,"href":"https:\/\/bearcatmfg.com\/es\/wp-json\/wp\/v2\/comments?post=2821"}],"version-history":[{"count":3,"href":"https:\/\/bearcatmfg.com\/es\/wp-json\/wp\/v2\/pages\/2821\/revisions"}],"predecessor-version":[{"id":4095,"href":"https:\/\/bearcatmfg.com\/es\/wp-json\/wp\/v2\/pages\/2821\/revisions\/4095"}],"wp:featuredmedia":[{"embeddable":true,"href":"https:\/\/bearcatmfg.com\/es\/wp-json\/wp\/v2\/media\/2243"}],"wp:attachment":[{"href":"https:\/\/bearcatmfg.com\/es\/wp-json\/wp\/v2\/media?parent=2821"}],"curies":[{"name":"wp","href":"https:\/\/api.w.org\/{rel}","templated":true}]}}