{"id":2822,"date":"2024-04-30T06:36:09","date_gmt":"2024-04-30T06:36:09","guid":{"rendered":"https:\/\/bearcatmfg.com\/maquinas-de-asfaltado-arizona\/"},"modified":"2024-04-30T06:36:09","modified_gmt":"2024-04-30T06:36:09","slug":"maquinas-de-asfaltado-arizona","status":"publish","type":"page","link":"https:\/\/bearcatmfg.com\/es\/maquinas-de-asfaltado-arizona\/","title":{"rendered":"M\u00e1quinas de asfaltado Arizona"},"content":{"rendered":"<h3>Mant\u00e9ngase al d\u00eda con el mantenimiento de carreteras utilizando m\u00e1quinas de asfaltado en Arizona<\/h3>\n<p>La industria del asfalto est\u00e1 activa en Arizona. Entre la ampliaci\u00f3n de las infraestructuras locales y el mantenimiento de los solares, carreteras y autopistas existentes, el trabajo nunca termina en el Estado del Gran Ca\u00f1\u00f3n. Afortunadamente, con los <a href=\"https:\/\/bearcatmfg.com\/best-asphalt-equipment\/\">equipos de asfalto<\/a> de primera categor\u00eda de BearCat Manufacturing, los contratistas de asfalto pueden satisfacer la demanda de los clientes. Nuestra gama de maquinaria de mantenimiento de carreteras es inigualable, especialmente cuando se trata de las <a href=\"https:\/\/bearcatmfg.com\/chip-seal-machines\/\">m\u00e1quinas de asfaltado<\/a> de BearCat en Arizona.<\/p>\n<h3>El servicio de asfaltado n\u00ba 1 para contratistas y clientes.<\/h3>\n<p>En los \u00faltimos a\u00f1os, el sellado de gravilla ha ganado adeptos entre contratistas, propietarios de terrenos y municipios que buscan las mejores formas de reparar y restaurar el pavimento. El pavimento subyacente se recupera y refuerza aplicando capas de asfalto l\u00edquido y gravilla asf\u00e1ltica a la superficie de una carretera. Con <a href=\"https:\/\/bearcatmfg.com\/chip-seal-service\/\">los servicios de sellado de virutas<\/a>, tambi\u00e9n puede esperar beneficios como:<\/p>\n<ul class=\"col-2\">\n<li>Mayor durabilidad y resistencia frente a la humedad, los productos qu\u00edmicos, los rayos UV y el tr\u00e1fico<\/li>\n<li>Mayor longevidad m\u00e1s all\u00e1 de la vida \u00fatil inicial del pavimento<\/li>\n<li>Actualizaci\u00f3n del color del asfalto<\/li>\n<li>M\u00e1s calzadas antideslizantes<\/li>\n<li>Menos deslumbramiento para los conductores en d\u00edas soleados<\/li>\n<li>Los materiales reciclados reducen los costes de material<\/li>\n<li>Demanda de mano de obra simplificada con el equipo adecuado<\/li>\n<\/ul>\n<h3>\u00bfQu\u00e9 se necesita para el sellado de virutas?<\/h3>\n<p>Por supuesto, los servicios de sellado de virutas son imposibles de ofrecer para su negocio sin las m\u00e1quinas de sellado de virutas adecuadas en Arizona. Con BearCat Manufacturing, su empresa puede encontrar todo lo que necesita. Desde nuestros <a href=\"https:\/\/bearcatmfg.com\/asphalt-distributor-truck\/\">camiones distribuidores<\/a> de confianza hasta las ofertas de equipos personalizados, permitimos a los contratistas lograr el sellado de virutas y sobresalir en ello. Algunas de nuestras m\u00e1quinas de asfaltado incluyen:<\/p>\n<ul>\n<li><strong>Camiones distribuidores<\/strong>\n<ul>\n<li>El primer paso para el sellado de virutas es la aplicaci\u00f3n de asfalto l\u00edquido a una superficie de pavimento, lo que es posible con los <a href=\"https:\/\/bearcatmfg.com\/asphalt-distributors-arizona\/\">distribuidores de asfalto<\/a>. Los camiones distribuidores de BearCat son de primera l\u00ednea y ofrecen a los contratistas un control preciso sobre la tasa, la cantidad y la velocidad de aplicaci\u00f3n del asfalto. Y con capacidades de dep\u00f3sito de entre 1.000 y 4.500 galones, su equipo puede gestionar proyectos de asfalto de cualquier tama\u00f1o.<\/li>\n<\/ul>\n<\/li>\n<li><strong>Astilladoras en t\u00e1ndem<\/strong>\n<ul>\n<li>Para esparcidores de virutas que alcanzan altos \u00edndices de productividad y utilizan controles digitales precisos, BearCat le tiene cubierto. Nuestras astilladoras en t\u00e1ndem vienen equipadas con correas de alta capacidad, sistemas de refrigeraci\u00f3n hidr\u00e1ulica y del motor, una tolva de distribuci\u00f3n ajustable y otras impresionantes caracter\u00edsticas. No es de extra\u00f1ar que nuestros <a href=\"https:\/\/bearcatmfg.com\/chip-spreaders-arizona\/\">esparcidores de gravilla<\/a> hayan batido r\u00e9cords en el sector durante la \u00faltima d\u00e9cada.<\/li>\n<\/ul>\n<\/li>\n<li><strong>Equipos y sistemas personalizados<\/strong>\n<ul>\n<li>Algunos de los <a href=\"https:\/\/bearcatmfg.com\/product-category\/custom-equipment\/\">equipos\/sistemas<\/a> m\u00e1s exclusivos y <a href=\"https:\/\/bearcatmfg.com\/product-category\/custom-equipment\/\">personalizados<\/a> de BearCat est\u00e1n a disposici\u00f3n de los contratistas que los necesiten. Por ejemplo, producimos las extendedoras SP-200 Roadtec Spray Pavers para simplificar el sellado de gravilla combinando asfalto l\u00edquido y gravilla en una sola mezcla. O bien, nuestro sistema de reciclado en fr\u00edo in situ permite a los contratistas reciclar y reutilizar el asfalto viejo mientras est\u00e1n en la obra. Mejore su proceso de sellado de virutas con nuestra maquinaria especializada.<\/li>\n<\/ul>\n<\/li>\n<\/ul>\n<div class=\"left-img\"><img loading=\"lazy\" decoding=\"async\" class=\"alignnone\" src=\"https:\/\/bearcatmfg.com\/wp-content\/uploads\/2023\/05\/seal-coating-and-chip-sealing-asphalt-pavement-street.jpg\" alt=\"M\u00e1quinas de asfaltado en Arizona aplicando asfalto y gravilla a una carretera\" width=\"500\" height=\"350\" title=\"\"><\/div>\n<h3>Llama a BearCat<\/h3>\n<p>Suministrar a su empresa contratista las mejores m\u00e1quinas de asfaltado disponibles en Arizona es f\u00e1cil gracias a la maquinaria de mantenimiento de carreteras de primera categor\u00eda de BearCat Manufacturing. Para obtener m\u00e1s informaci\u00f3n sobre BearCat y nuestros productos de asfalto, p\u00f3ngase en contacto con nosotros hoy mismo en el <a href=\"tel:9286847851\">928-684-7851<\/a>. Estamos ubicados en 3650 N Sabin Brown Rd, Wickenburg, AZ 85390. BearCat Manufacturing tiene su sede en Arizona y presta servicio a clientes de Illinois, Tennessee, Texas y Estados Unidos.<\/p>\n","protected":false},"excerpt":{"rendered":"<p>Mant\u00e9ngase al d\u00eda con el mantenimiento de carreteras utilizando m\u00e1quinas de asfaltado en Arizona La industria del asfalto est\u00e1 activa en Arizona. Entre la ampliaci\u00f3n de las infraestructuras locales y el mantenimiento de los solares, carreteras y autopistas existentes, el trabajo nunca termina en el Estado del Gran Ca\u00f1\u00f3n. Afortunadamente, con los equipos de asfalto &hellip; <a href=\"https:\/\/bearcatmfg.com\/es\/maquinas-de-asfaltado-arizona\/\" class=\"more-link\">Continue reading <span class=\"screen-reader-text\">M\u00e1quinas de asfaltado Arizona<\/span><\/a><\/p>\n","protected":false},"author":1,"featured_media":2142,"parent":0,"menu_order":0,"comment_status":"closed","ping_status":"closed","template":"","meta":{"_acf_changed":false,"footnotes":""},"class_list":["post-2822","page","type-page","status-publish","has-post-thumbnail","hentry"],"acf":[],"_links":{"self":[{"href":"https:\/\/bearcatmfg.com\/es\/wp-json\/wp\/v2\/pages\/2822","targetHints":{"allow":["GET"]}}],"collection":[{"href":"https:\/\/bearcatmfg.com\/es\/wp-json\/wp\/v2\/pages"}],"about":[{"href":"https:\/\/bearcatmfg.com\/es\/wp-json\/wp\/v2\/types\/page"}],"author":[{"embeddable":true,"href":"https:\/\/bearcatmfg.com\/es\/wp-json\/wp\/v2\/users\/1"}],"replies":[{"embeddable":true,"href":"https:\/\/bearcatmfg.com\/es\/wp-json\/wp\/v2\/comments?post=2822"}],"version-history":[{"count":0,"href":"https:\/\/bearcatmfg.com\/es\/wp-json\/wp\/v2\/pages\/2822\/revisions"}],"wp:featuredmedia":[{"embeddable":true,"href":"https:\/\/bearcatmfg.com\/es\/wp-json\/wp\/v2\/media\/2142"}],"wp:attachment":[{"href":"https:\/\/bearcatmfg.com\/es\/wp-json\/wp\/v2\/media?parent=2822"}],"curies":[{"name":"wp","href":"https:\/\/api.w.org\/{rel}","templated":true}]}}