{"id":3828,"date":"2024-09-02T05:23:56","date_gmt":"2024-09-02T05:23:56","guid":{"rendered":"https:\/\/bearcatmfg.com\/mejores-esparcidores-de-virutas-arizona\/"},"modified":"2025-02-25T09:03:22","modified_gmt":"2025-02-25T09:03:22","slug":"mejores-esparcidores-de-virutas-arizona","status":"publish","type":"page","link":"https:\/\/bearcatmfg.com\/es\/mejores-esparcidores-de-virutas-arizona\/","title":{"rendered":"Mejores esparcidores de virutas Arizona"},"content":{"rendered":"<h3>El mejor equipo de sellado de virutas para el mantenimiento del asfalto<\/h3>\n<p>El asfaltado es una forma muy eficaz de reparar y mantener las carreteras de todo Estados Unidos. Tambi\u00e9n requiere equipos muy especializados. Ah\u00ed es donde <a href=\"https:\/\/bearcatmfg.com\/about-us\/\">BearCat Manufacturing<\/a> puede ayudar. Durante d\u00e9cadas, BearCat MFG ha construido los mejores <a href=\"https:\/\/bearcatmfg.com\/best-chip-spreaders-for-sale\/\">esparcidores de gravilla<\/a> para las carreteras de Arizona. Un esparcidor de gravilla te ofrece lo que necesitas para dar a tus clientes una opci\u00f3n asequible que alargar\u00e1 la vida de una carretera o terreno hasta 12 a\u00f1os. Con nuestros esparcidores de gravilla, podr\u00e1s gestionar f\u00e1cilmente la aplicaci\u00f3n del sellado de gravilla con un equipo que te diferenciar\u00e1 de tus competidores.     <\/p>\n<h3>Por qu\u00e9 necesitas equipos BearCat<\/h3>\n<p>Los esparcidores de gravilla son f\u00e1ciles de usar e incre\u00edblemente eficaces para el mantenimiento y la reparaci\u00f3n de carreteras. Los equipos de mantenimiento de carreteras utilizan esparcidores de gravilla para el proceso de sellado de gravilla. El sellado de virutas se hace para sellar grietas en el pavimento, echando capas de asfalto a la calzada y acab\u00e1ndolo con varias capas de \u00e1rido fino. El sellado de virutas es r\u00e1pido, eficaz y requiere menos materiales y mano de obra para llevarlo a cabo. Los contratistas de asfalto necesitan un esparcidor de gravilla en su flota para hacer bien sus trabajos de sellado de gravilla. Y cuando busques los mejores esparcidores de gravilla de Arizona, somos la empresa a la que debes llamar.     <\/p>\n<p>Adem\u00e1s de nuestras <a href=\"https:\/\/bearcatmfg.com\/asphalt-chip-spreaders-arizona\/\">extendedoras<\/a> y <a href=\"https:\/\/bearcatmfg.com\/top-rated-chip-seal-equipment\/\">selladoras<\/a> de virutas, BearCat MFG vende el equipo de mantenimiento de carreteras que necesitas para dirigir con \u00e9xito una empresa de asfalto. Adem\u00e1s de nuestros esparcidores de gravilla, tenemos distribuidores de <a href=\"https:\/\/bearcatmfg.com\/top-rated-asphalt-distrbutors-arizona\/\">asfalto<\/a> est\u00e1ndar, distribuidores de asfalto de caucho granulado especializados y mucho m\u00e1s. Tambi\u00e9n fabricamos selladoras de grietas y nuestra <a href=\"https:\/\/bearcatmfg.com\/our-products\/roadtec-spray-paver\/\">extendedora por pulverizaci\u00f3n Roadtec<\/a> personalizada, as\u00ed como los sistemas de transporte que necesitas para tu negocio. Tambi\u00e9n ofrecemos planes de financiaci\u00f3n flexibles para que puedas conseguir el equipo que necesitas para que tu empresa funcione sin problemas.   <\/p>\n<h3>Acerca de BearCat<\/h3>\n<p>Desde 1969, BearCat Manufacturing ha sido el nombre l\u00edder en la industria de equipos de asfalto. Seguimos siendo l\u00edderes porque hemos fabricado equipos duraderos y eficientes en los que conf\u00edan contratistas de todo el pa\u00eds. Los contratistas conocen nuestro nombre porque hemos dado prioridad a la innovaci\u00f3n t\u00e9cnica y al rendimiento. Y trabajamos duro para ofrecerte s\u00f3lo lo mejor para tus necesidades de construcci\u00f3n de carreteras. Nuestros equipos de primera clase te ofrecen las mejores soluciones de asfalto del mercado. BearCat es el nombre en el que puedes confiar.     <\/p>\n<div class=\"left-img\"><img loading=\"lazy\" decoding=\"async\" class=\"alignnone\" src=\"https:\/\/bearcatmfg.com\/wp-content\/uploads\/2024\/09\/road-service-repairs-thehighway.jpg\" alt=\"BearCat MFG fabrica los mejores esparcidores de virutas de Arizona\" width=\"500\" height=\"350\" title=\"\"><\/div>\n<h3>Contacte con BearCat hoy mismo<\/h3>\n<p>Para saber m\u00e1s sobre los mejores esparcidores de gravilla para trabajos de asfalto en Arizona, ponte en contacto con BearCat Manufacturing. <a href=\"https:\/\/bearcatmfg.com\/contact-us\/\">Ponte en contacto con nosotros hoy mismo<\/a> para hablar de nuestros equipos de esparcido de gravilla, as\u00ed como de nuestra l\u00ednea completa de productos de asfalto. Llama <a href=\"tel:9286847851\">al 928-684-7851<\/a> para hablar con el equipo BearCat.  <\/p>\n","protected":false},"excerpt":{"rendered":"<p>El mejor equipo de sellado de virutas para el mantenimiento del asfalto El asfaltado es una forma muy eficaz de reparar y mantener las carreteras de todo Estados Unidos. Tambi\u00e9n requiere equipos muy especializados. Ah\u00ed es donde BearCat Manufacturing puede ayudar. Durante d\u00e9cadas, BearCat MFG ha construido los mejores esparcidores de gravilla para las carreteras &hellip; <a href=\"https:\/\/bearcatmfg.com\/es\/mejores-esparcidores-de-virutas-arizona\/\" class=\"more-link\">Continue reading <span class=\"screen-reader-text\">Mejores esparcidores de virutas Arizona<\/span><\/a><\/p>\n","protected":false},"author":1,"featured_media":3820,"parent":0,"menu_order":0,"comment_status":"closed","ping_status":"closed","template":"","meta":{"_acf_changed":false,"footnotes":""},"class_list":["post-3828","page","type-page","status-publish","has-post-thumbnail","hentry"],"acf":[],"_links":{"self":[{"href":"https:\/\/bearcatmfg.com\/es\/wp-json\/wp\/v2\/pages\/3828","targetHints":{"allow":["GET"]}}],"collection":[{"href":"https:\/\/bearcatmfg.com\/es\/wp-json\/wp\/v2\/pages"}],"about":[{"href":"https:\/\/bearcatmfg.com\/es\/wp-json\/wp\/v2\/types\/page"}],"author":[{"embeddable":true,"href":"https:\/\/bearcatmfg.com\/es\/wp-json\/wp\/v2\/users\/1"}],"replies":[{"embeddable":true,"href":"https:\/\/bearcatmfg.com\/es\/wp-json\/wp\/v2\/comments?post=3828"}],"version-history":[{"count":1,"href":"https:\/\/bearcatmfg.com\/es\/wp-json\/wp\/v2\/pages\/3828\/revisions"}],"predecessor-version":[{"id":4226,"href":"https:\/\/bearcatmfg.com\/es\/wp-json\/wp\/v2\/pages\/3828\/revisions\/4226"}],"wp:featuredmedia":[{"embeddable":true,"href":"https:\/\/bearcatmfg.com\/es\/wp-json\/wp\/v2\/media\/3820"}],"wp:attachment":[{"href":"https:\/\/bearcatmfg.com\/es\/wp-json\/wp\/v2\/media?parent=3828"}],"curies":[{"name":"wp","href":"https:\/\/api.w.org\/{rel}","templated":true}]}}