{"id":3829,"date":"2024-09-02T05:23:57","date_gmt":"2024-09-02T05:23:57","guid":{"rendered":"https:\/\/bearcatmfg.com\/los-mejores-esparcidores-de-virutas-en-venta\/"},"modified":"2025-02-25T09:03:23","modified_gmt":"2025-02-25T09:03:23","slug":"los-mejores-esparcidores-de-virutas-en-venta","status":"publish","type":"page","link":"https:\/\/bearcatmfg.com\/es\/los-mejores-esparcidores-de-virutas-en-venta\/","title":{"rendered":"Los mejores esparcidores de virutas en venta"},"content":{"rendered":"<h3>Descubre las ventajas de los esparcidores de gravilla para el mantenimiento de las carreteras<\/h3>\n<p>El asfaltado es un m\u00e9todo muy eficaz para reparar y mantener las carreteras de todo Estados Unidos, pero requiere equipos especializados. Ah\u00ed es donde entra <a href=\"https:\/\/bearcatmfg.com\/about-us\/\">BearCat Manufacturing<\/a>. Durante d\u00e9cadas, BearCat MFG ha fabricado esparcidores de gravilla de la m\u00e1xima calidad, especialmente adecuados para carreteras muy transitadas. Nuestros esparcidores <a href=\"https:\/\/bearcatmfg.com\/product-category\/chip-spreaders\/\">de<\/a> gravilla te proporcionan las herramientas que necesitas para ofrecer a tus clientes una soluci\u00f3n rentable que puede prolongar la vida de una carretera o terreno hasta 12 a\u00f1os. Con los esparcidores de gravilla BearCat, gestionar\u00e1s el proceso de sellado de gravilla con facilidad, lo que te dar\u00e1 una ventaja competitiva en el sector. Cuando busques los mejores esparcidores de gravilla en venta, puedes confiar en el nombre BearCat.     <\/p>\n<h3>Por qu\u00e9 elegir BearCat<\/h3>\n<p>Los esparcidores de gravilla son herramientas f\u00e1ciles de usar y muy eficaces para el mantenimiento y la reparaci\u00f3n de carreteras. Tambi\u00e9n son esenciales para el proceso de sellado. Los equipos de carreteras utilizan esparcidores de gravilla para aplicar el sellado de gravilla, que consiste en sellar las grietas del pavimento colocando capas de asfalto sobre la superficie de la calzada y cubri\u00e9ndolas con varias capas de \u00e1rido fino. Este m\u00e9todo es r\u00e1pido, eficaz y requiere menos materiales y mano de obra. Eso significa que los esparcidores de gravilla son un activo valioso para cualquier contratista de asfalto. Si buscas los mejores esparcidores de gravilla en venta, BearCat MFG es la empresa a la que debes llamar.     <\/p>\n<p>Adem\u00e1s de nuestras selladoras y esparcidoras de gravilla, BearCat MFG ofrece una amplia gama de equipos de mantenimiento de carreteras para que tu negocio del asfalto prospere. Nuestro inventario incluye <a href=\"https:\/\/bearcatmfg.com\/top-rated-asphalt-distributors\/\">distribuidores de asfalto<\/a> est\u00e1ndar, distribuidores especializados de asfalto de caucho granulado, <a href=\"https:\/\/bearcatmfg.com\/top-rated-crack-sealers\/\">selladoras de grietas<\/a> y nuestra <a href=\"https:\/\/bearcatmfg.com\/our-products\/roadtec-spray-paver\/\">extendedora de rociado Roadtec<\/a> personalizada. Tambi\u00e9n proporcionamos los sistemas de transporte necesarios para que tus operaciones funcionen sin problemas. Adem\u00e1s, con nuestros flexibles planes de financiaci\u00f3n, puedes conseguir f\u00e1cilmente el equipo que necesitas para mantener tu negocio en marcha.   <\/p>\n<h3>Acerca de BearCat<\/h3>\n<p><a href=\"https:\/\/bearcatmfg.com\/about-us\/\">BearCat Manufacturing<\/a> es una empresa l\u00edder en el sector de equipos de asfalto desde 1969. Hemos mantenido nuestro liderazgo fabricando equipos duraderos y eficientes en los que conf\u00edan los contratistas de todo el pa\u00eds. Nuestra reputaci\u00f3n se basa en el compromiso con la innovaci\u00f3n t\u00e9cnica y el rendimiento de primer nivel. Proporcionamos las mejores soluciones para tus necesidades de construcci\u00f3n de carreteras, fabricando equipos de primera clase que ofrecen resultados extraordinarios. BearCat es el nombre en el que puedes confiar para todas tus necesidades de asfalto.    <\/p>\n<div class=\"left-img\"><img loading=\"lazy\" decoding=\"async\" class=\"alignnone\" src=\"https:\/\/bearcatmfg.com\/wp-content\/uploads\/2024\/09\/asphalt-worker.jpg\" alt=\"BearCat MFG fabrica los mejores esparcidores de virutas en venta de Estados Unidos\" width=\"500\" height=\"350\" title=\"\"><\/div>\n<h3>Contacte con BearCat hoy mismo<\/h3>\n<p>Para saber c\u00f3mo puedes conseguir los mejores esparcidores de gravilla en venta, ponte en contacto con BearCat Manufacturing hoy mismo. Ponte en <a href=\"https:\/\/bearcatmfg.com\/contact-us\/\">contacto<\/a> para hablar de nuestros equipos de esparcido de gravilla y de nuestra l\u00ednea completa de productos para el mantenimiento del asfalto. Ll\u00e1manos hoy al <a href=\"tel:9286847851\">928-684-7851<\/a> para hablar con el equipo BearCat.  <\/p>\n","protected":false},"excerpt":{"rendered":"<p>Descubre las ventajas de los esparcidores de gravilla para el mantenimiento de las carreteras El asfaltado es un m\u00e9todo muy eficaz para reparar y mantener las carreteras de todo Estados Unidos, pero requiere equipos especializados. Ah\u00ed es donde entra BearCat Manufacturing. Durante d\u00e9cadas, BearCat MFG ha fabricado esparcidores de gravilla de la m\u00e1xima calidad, especialmente &hellip; <a href=\"https:\/\/bearcatmfg.com\/es\/los-mejores-esparcidores-de-virutas-en-venta\/\" class=\"more-link\">Continue reading <span class=\"screen-reader-text\">Los mejores esparcidores de virutas en venta<\/span><\/a><\/p>\n","protected":false},"author":1,"featured_media":3766,"parent":0,"menu_order":0,"comment_status":"closed","ping_status":"closed","template":"","meta":{"_acf_changed":false,"footnotes":""},"class_list":["post-3829","page","type-page","status-publish","has-post-thumbnail","hentry"],"acf":[],"_links":{"self":[{"href":"https:\/\/bearcatmfg.com\/es\/wp-json\/wp\/v2\/pages\/3829","targetHints":{"allow":["GET"]}}],"collection":[{"href":"https:\/\/bearcatmfg.com\/es\/wp-json\/wp\/v2\/pages"}],"about":[{"href":"https:\/\/bearcatmfg.com\/es\/wp-json\/wp\/v2\/types\/page"}],"author":[{"embeddable":true,"href":"https:\/\/bearcatmfg.com\/es\/wp-json\/wp\/v2\/users\/1"}],"replies":[{"embeddable":true,"href":"https:\/\/bearcatmfg.com\/es\/wp-json\/wp\/v2\/comments?post=3829"}],"version-history":[{"count":1,"href":"https:\/\/bearcatmfg.com\/es\/wp-json\/wp\/v2\/pages\/3829\/revisions"}],"predecessor-version":[{"id":4227,"href":"https:\/\/bearcatmfg.com\/es\/wp-json\/wp\/v2\/pages\/3829\/revisions\/4227"}],"wp:featuredmedia":[{"embeddable":true,"href":"https:\/\/bearcatmfg.com\/es\/wp-json\/wp\/v2\/media\/3766"}],"wp:attachment":[{"href":"https:\/\/bearcatmfg.com\/es\/wp-json\/wp\/v2\/media?parent=3829"}],"curies":[{"name":"wp","href":"https:\/\/api.w.org\/{rel}","templated":true}]}}