{"id":3869,"date":"2024-09-27T06:55:06","date_gmt":"2024-09-27T06:55:06","guid":{"rendered":"https:\/\/bearcatmfg.com\/equipos-de-asfalto-nevada\/"},"modified":"2025-02-25T09:03:23","modified_gmt":"2025-02-25T09:03:23","slug":"equipos-de-asfalto-nevada","status":"publish","type":"page","link":"https:\/\/bearcatmfg.com\/es\/equipos-de-asfalto-nevada\/","title":{"rendered":"Equipos de asfalto Nevada"},"content":{"rendered":"<h3>El mejor equipo de sellado de virutas para el mantenimiento del asfalto<\/h3>\n<p>Cuando trabajas en el sector de las carreteras y el asfalto, quieres saber que tu maquinaria es fiable. Despu\u00e9s de todo, cualquier tiempo de inactividad puede crear problemas importantes para realizar tu trabajo a tiempo y dentro del presupuesto. En <a href=\"https:\/\/bearcatmfg.com\/about-us\/\">BearCat Manufacturing<\/a>, te proporcionamos el equipo que necesitas para mantener tus carreteras con \u00e9xito. Si buscas el mejor equipo de asfalto para las carreteras de Nevada, BearCat es el nombre en el que puedes confiar. Con nuestro equipo, puedes asegurarte de que tus carreteras se mantengan en las mejores condiciones.    <\/p>\n<h3>Por qu\u00e9 necesitas equipos BearCat<\/h3>\n<p>Tanto si tus proyectos son grandes como peque\u00f1os, BearCat MFG tiene equipos especializados para satisfacer tus necesidades. Hemos hecho el trabajo para asegurarnos de que tienes las mejores herramientas a tu disposici\u00f3n. Por eso BearCat MFG pone a tu disposici\u00f3n una gama completa de <a href=\"https:\/\/bearcatmfg.com\/equipment-new-asphalt-contractors-need\/\">equipos de asfalto<\/a>, que garantizan que tus carreteras se mantengan en \u00f3ptimas condiciones.  <\/p>\n<p>Nuestros <a href=\"https:\/\/bearcatmfg.com\/top-rated-asphalt-distributors\/\">distribuidores<\/a> desempe\u00f1an un papel vital en la pavimentaci\u00f3n y construcci\u00f3n de carreteras, dise\u00f1ados para ser duraderos, de alto rendimiento y fiables para rociar asfalto l\u00edquido con seguridad. <a href=\"https:\/\/bearcatmfg.com\/top-rated-chip-spreaders\/\">Los esparcidores de gravilla<\/a> ofrecen una soluci\u00f3n r\u00e1pida y eficaz para reparar superficies de carreteras con \u00e1ridos finos que requieren equipos especializados. <a href=\"https:\/\/bearcatmfg.com\/best-crack-sealers\/\">Las selladoras de grietas<\/a> rellenan eficazmente las grietas de las calzadas, reduciendo costes y tiempo a la vez que mejoran la seguridad vial. Proporcionamos todo el equipo esencial para que tu negocio de asfalto funcione sin problemas y con eficacia. Cuando necesites equipos de asfalto en Nevada, puedes confiar en que BearCat tiene lo mejor que hay disponible.  <\/p>\n<h3>Acerca de BearCat<\/h3>\n<p><a href=\"https:\/\/bearcatmfg.com\/about-us\/\">BearCat MFG<\/a> fue fundada en 1969 por Ken Hill y Don Carson con la misi\u00f3n de proporcionar a los clientes soluciones a medida para la industria del asfalto. Nuestra historia est\u00e1 arraigada en la innovaci\u00f3n, desde la modificaci\u00f3n de camiones para permitir funciones controladas desde la cabina hasta el dise\u00f1o de nuestra propia barra de pulverizaci\u00f3n con v\u00e1lvulas de pulverizaci\u00f3n pop y aletas de ruptura. Este esp\u00edritu de ingenio, iniciado por Hill y Carson, sigue siendo el n\u00facleo de lo que hacemos hoy. Nuestro equipo encontrar\u00e1 el ajuste perfecto para tus necesidades. Siempre buscamos nuevas formas de dar a nuestros clientes exactamente lo que buscan.    <\/p>\n<div class=\"left-img\"><img loading=\"lazy\" decoding=\"async\" class=\"alignnone\" src=\"https:\/\/bearcatmfg.com\/wp-content\/uploads\/2024\/09\/vibratory-asphalt-roller-compactor-compacting-new-asphalt-pavement-road-service-repairs-the.webp\" alt=\"Bearcat Manufacturing construye equipos de asfalto para las carreteras de Nevada\" width=\"500\" height=\"350\" title=\"\"><\/div>\n<h3>Contacte con BearCat hoy mismo<\/h3>\n<p>BearCat MFG tiene su sede en Arizona, pero servimos con orgullo a clientes de todo Estados Unidos. Para saber m\u00e1s sobre nuestra oferta de equipos, no dudes en <a href=\"https:\/\/bearcatmfg.com\/contact-us\/\">ponerte en contacto con nosotros<\/a> en el <a href=\"tel:9286847851\">928-684-7851<\/a>. Nuestro equipo est\u00e1 preparado para hablar de lo que mejor se adapte a tus necesidades como fabricante de los mejores equipos de asfalto de Nevada. Tambi\u00e9n puedes ponerte en contacto con nosotros a trav\u00e9s de nuestro sitio web para consultas fuera del horario de oficina.   <\/p>\n","protected":false},"excerpt":{"rendered":"<p>El mejor equipo de sellado de virutas para el mantenimiento del asfalto Cuando trabajas en el sector de las carreteras y el asfalto, quieres saber que tu maquinaria es fiable. Despu\u00e9s de todo, cualquier tiempo de inactividad puede crear problemas importantes para realizar tu trabajo a tiempo y dentro del presupuesto. En BearCat Manufacturing, te &hellip; <a href=\"https:\/\/bearcatmfg.com\/es\/equipos-de-asfalto-nevada\/\" class=\"more-link\">Continue reading <span class=\"screen-reader-text\">Equipos de asfalto Nevada<\/span><\/a><\/p>\n","protected":false},"author":1,"featured_media":3859,"parent":0,"menu_order":0,"comment_status":"closed","ping_status":"closed","template":"","meta":{"_acf_changed":false,"footnotes":""},"class_list":["post-3869","page","type-page","status-publish","has-post-thumbnail","hentry"],"acf":[],"_links":{"self":[{"href":"https:\/\/bearcatmfg.com\/es\/wp-json\/wp\/v2\/pages\/3869","targetHints":{"allow":["GET"]}}],"collection":[{"href":"https:\/\/bearcatmfg.com\/es\/wp-json\/wp\/v2\/pages"}],"about":[{"href":"https:\/\/bearcatmfg.com\/es\/wp-json\/wp\/v2\/types\/page"}],"author":[{"embeddable":true,"href":"https:\/\/bearcatmfg.com\/es\/wp-json\/wp\/v2\/users\/1"}],"replies":[{"embeddable":true,"href":"https:\/\/bearcatmfg.com\/es\/wp-json\/wp\/v2\/comments?post=3869"}],"version-history":[{"count":1,"href":"https:\/\/bearcatmfg.com\/es\/wp-json\/wp\/v2\/pages\/3869\/revisions"}],"predecessor-version":[{"id":4228,"href":"https:\/\/bearcatmfg.com\/es\/wp-json\/wp\/v2\/pages\/3869\/revisions\/4228"}],"wp:featuredmedia":[{"embeddable":true,"href":"https:\/\/bearcatmfg.com\/es\/wp-json\/wp\/v2\/media\/3859"}],"wp:attachment":[{"href":"https:\/\/bearcatmfg.com\/es\/wp-json\/wp\/v2\/media?parent=3869"}],"curies":[{"name":"wp","href":"https:\/\/api.w.org\/{rel}","templated":true}]}}