{"id":3874,"date":"2024-09-27T07:03:32","date_gmt":"2024-09-27T07:03:32","guid":{"rendered":"https:\/\/bearcatmfg.com\/equipo-de-asfaltado-minnesota\/"},"modified":"2025-01-22T05:21:20","modified_gmt":"2025-01-22T05:21:20","slug":"equipo-de-asfaltado-minnesota","status":"publish","type":"page","link":"https:\/\/bearcatmfg.com\/es\/equipo-de-asfaltado-minnesota\/","title":{"rendered":"Equipo de asfaltado Minnesota"},"content":{"rendered":"<h3>Por qu\u00e9 considerar la maquinaria de asfaltado para el mantenimiento de carreteras<\/h3>\n<p>Los equipos de mantenimiento de carreteras y los contratistas de asfalto que busquen alternativas a la pavimentaci\u00f3n tradicional de asfalto deben considerar los servicios de asfaltado <a href=\"https:\/\/bearcatmfg.com\/chip-and-seal\/\">y sellado<\/a>. Ofrecer asfaltado y sellado es clave para satisfacer las diversas demandas de los clientes. El equipo adecuado de asfaltado garantiza que puedas gestionar eficazmente cualquier proyecto de mantenimiento de carreteras. Y cuando necesites equipos de asfaltado en Minnesota, <a href=\"https:\/\/bearcatmfg.com\/about-us\/\">BearCat Manufacturing<\/a> es un nombre que debes conocer. Fabricamos los principales esparcidores de gravilla del sector, dise\u00f1ados para ayudarte a hacer bien el trabajo en todo momento.    <\/p>\n<h3>Conf\u00eda en el nombre BearCat para las carreteras de Minnesota<\/h3>\n<p>El asfaltado suele elegirse para carreteras poco transitadas y calles secundarias por su rentabilidad y sencillez. Es muy solicitado por contratistas, empresas privadas y ayuntamientos por varias razones: <\/p>\n<ul>\n<li><strong>Mayor seguridad &#8211;<\/strong> Las carreteras asfaltadas mejoran las condiciones de conducci\u00f3n gracias a su superficie antideslizante, reduciendo los accidentes con lluvia o hielo.<br \/>\nTambi\u00e9n tienen propiedades antideslumbrantes, que reducen la fatiga visual de los conductores en d\u00edas soleados. <\/li>\n<li><strong>Durabilidad &#8211; <\/strong>Las carreteras asfaltadas duran m\u00e1s que el asfalto est\u00e1ndar, que requiere un mantenimiento frecuente para evitar que se agriete y deteriore.<br \/>\nLos esparcidores de gravilla distribuyen uniformemente el agregado asf\u00e1ltico sobre el pavimento existente, incrust\u00e1ndolo en la superficie y prolongando la vida \u00fatil de la carretera hasta 12 a\u00f1os. <\/li>\n<li><strong>Eficacia y asequibilidad<\/strong> &#8211; El sellado de virutas es m\u00e1s r\u00e1pido y asequible que la sustituci\u00f3n completa del asfalto. Al utilizar \u00e1ridos de asfalto reciclado, se reducen los costes de material, y la reducci\u00f3n del tiempo y la mano de obra necesarios lo convierten en una soluci\u00f3n que ahorra costes a tus clientes. <\/li>\n<\/ul>\n<p>Adem\u00e1s, BearCat MFG ofrece una gama completa de equipos para apoyar tus proyectos de asfalto, incluidos:<\/p>\n<ul>\n<li><strong><a href=\"https:\/\/bearcatmfg.com\/what-are-the-best-brands-for-asphalt-distributors\/\">Distribuidores de asfalto<\/a> &#8211; <\/strong>Con dep\u00f3sitos de acero, barras de pulverizaci\u00f3n, sistemas de calefacci\u00f3n y control de caudal informatizado, nuestros distribuidores permiten una aplicaci\u00f3n eficaz del asfalto l\u00edquido a las superficies de las carreteras, un primer paso fundamental en el sellado de virutas.<\/li>\n<li><strong><a href=\"https:\/\/bearcatmfg.com\/best-chip-spreaders-for-sale\/\">Esparcidores<\/a> <\/strong>de gravilla <strong>&#8211; <\/strong>Nuestros esparcidores de gravilla garantizan una distribuci\u00f3n uniforme de la gravilla sobre el pavimento, uni\u00e9ndose al asfalto l\u00edquido para sellar y proteger la superficie de la carretera.<\/li>\n<li><strong>Equipo a medida &#8211; <\/strong>BearCat MFG tambi\u00e9n ofrece la <a href=\"https:\/\/bearcatmfg.com\/our-products\/roadtec-spray-paver\/\">extendedora de rociado Roadtec<\/a>, que agiliza el proceso de sellado de virutas combinando la aplicaci\u00f3n de asfalto l\u00edquido y virutas de \u00e1ridos en un solo paso eficaz.<\/li>\n<\/ul>\n<p>Deja que BearCat te muestre por qu\u00e9 tenemos el mejor equipo de asfaltado de Minnesota y m\u00e1s all\u00e1.<\/p>\n<h3>Acerca de BearCat MFG<\/h3>\n<p>Desde 1969, <a href=\"https:\/\/bearcatmfg.com\/about-us\/\">BearCat Manufacturing<\/a> ha sido un l\u00edder de confianza en el sector de los equipos de mantenimiento de carreteras. Dise\u00f1amos y construimos equipos duraderos y altamente eficientes para contratistas de asfalto de todo Estados Unidos. Nuestras m\u00e1quinas de mantenimiento de carreteras son conocidas por su innovaci\u00f3n t\u00e9cnica y su excepcional rendimiento, que satisfacen las demandas del sector de la construcci\u00f3n de carreteras. Dondequiera que opere tu empresa, puedes confiar en que nuestros equipos de primera clase te proporcionar\u00e1n el apoyo y la calidad que necesitas.   <\/p>\n<div class=\"left-img\"><img loading=\"lazy\" decoding=\"async\" class=\"alignnone\" src=\"https:\/\/bearcatmfg.com\/wp-content\/uploads\/2024\/09\/works-on-the-highway.webp\" alt=\"BearCat Manufacturing construye los mejores equipos de asfaltado para las carreteras de Minnesota\" width=\"500\" height=\"350\" title=\"\"><\/div>\n<h3>Contacte con BearCat hoy mismo<\/h3>\n<p>Para obtener equipos de asfaltado de la m\u00e1xima calidad en Minnesota, elige BearCat Manufacturing. <a href=\"https:\/\/bearcatmfg.com\/contact-us\/\">Ponte en contacto con nosotros<\/a> hoy mismo en el <a href=\"tel:9286847851\">928-684-7851<\/a> para obtener m\u00e1s informaci\u00f3n sobre nuestros productos y descubrir c\u00f3mo pueden mejorar tu negocio de asfalto. <\/p>\n","protected":false},"excerpt":{"rendered":"<p>Por qu\u00e9 considerar la maquinaria de asfaltado para el mantenimiento de carreteras Los equipos de mantenimiento de carreteras y los contratistas de asfalto que busquen alternativas a la pavimentaci\u00f3n tradicional de asfalto deben considerar los servicios de asfaltado y sellado. Ofrecer asfaltado y sellado es clave para satisfacer las diversas demandas de los clientes. El &hellip; <a href=\"https:\/\/bearcatmfg.com\/es\/equipo-de-asfaltado-minnesota\/\" class=\"more-link\">Continue reading <span class=\"screen-reader-text\">Equipo de asfaltado Minnesota<\/span><\/a><\/p>\n","protected":false},"author":1,"featured_media":3766,"parent":0,"menu_order":0,"comment_status":"closed","ping_status":"closed","template":"","meta":{"_acf_changed":false,"footnotes":""},"class_list":["post-3874","page","type-page","status-publish","has-post-thumbnail","hentry"],"acf":[],"_links":{"self":[{"href":"https:\/\/bearcatmfg.com\/es\/wp-json\/wp\/v2\/pages\/3874","targetHints":{"allow":["GET"]}}],"collection":[{"href":"https:\/\/bearcatmfg.com\/es\/wp-json\/wp\/v2\/pages"}],"about":[{"href":"https:\/\/bearcatmfg.com\/es\/wp-json\/wp\/v2\/types\/page"}],"author":[{"embeddable":true,"href":"https:\/\/bearcatmfg.com\/es\/wp-json\/wp\/v2\/users\/1"}],"replies":[{"embeddable":true,"href":"https:\/\/bearcatmfg.com\/es\/wp-json\/wp\/v2\/comments?post=3874"}],"version-history":[{"count":1,"href":"https:\/\/bearcatmfg.com\/es\/wp-json\/wp\/v2\/pages\/3874\/revisions"}],"predecessor-version":[{"id":4160,"href":"https:\/\/bearcatmfg.com\/es\/wp-json\/wp\/v2\/pages\/3874\/revisions\/4160"}],"wp:featuredmedia":[{"embeddable":true,"href":"https:\/\/bearcatmfg.com\/es\/wp-json\/wp\/v2\/media\/3766"}],"wp:attachment":[{"href":"https:\/\/bearcatmfg.com\/es\/wp-json\/wp\/v2\/media?parent=3874"}],"curies":[{"name":"wp","href":"https:\/\/api.w.org\/{rel}","templated":true}]}}