{"id":3895,"date":"2024-10-09T10:02:39","date_gmt":"2024-10-09T10:02:39","guid":{"rendered":"https:\/\/bearcatmfg.com\/distribuidor-de-asfalto-minnesota\/"},"modified":"2025-02-25T09:02:38","modified_gmt":"2025-02-25T09:02:38","slug":"distribuidor-de-asfalto-minnesota","status":"publish","type":"page","link":"https:\/\/bearcatmfg.com\/es\/distribuidor-de-asfalto-minnesota\/","title":{"rendered":"Distribuidor de asfalto Minnesota"},"content":{"rendered":"<h3>Elige al mejor distribuidor para tus necesidades de mantenimiento del asfalto<\/h3>\n<p>Uno de los equipos m\u00e1s importantes que necesitas en la industria del asfalto es un <a href=\"https:\/\/bearcatmfg.com\/our-products\/bc-502-asphalt-distributor\/\">distribuidor de asfalto<\/a>. Con un distribuidor de asfalto, puedes rociar con facilidad y precisi\u00f3n entre 1.000 y 4.500 galones de asfalto l\u00edquido para proyectos de carreteras. Con un distribuidor de asfalto de calidad, puedes confiar en que tu equipo sea eficiente y fiable para tus necesidades de asfaltado y sellado de virutas. Y cuando necesites el mejor distribuidor de asfalto de Minnesota, el nombre en el que debes confiar es <a href=\"https:\/\/bearcatmfg.com\/about-us\/\">BearCat Manufacturing<\/a>.   <\/p>\n<h3>Las ventajas de los distribuidores BearCat<\/h3>\n<p>Las empresas de pavimentaci\u00f3n con asfalto conf\u00edan en los mejores equipos de pavimentaci\u00f3n para hacer bien el trabajo. De hecho, los distribuidores de asfalto son cruciales para hacer el trabajo con rapidez y precisi\u00f3n. Con un distribuidor de asfalto, puedes:  <\/p>\n<ul>\n<li><strong>Transporta asfalto con facilidad<\/strong>: los distribuidores BearCat pueden transportar entre 1.000 y 5.000 galones de asfalto l\u00edquido a trav\u00e9s de largas distancias, manteniendo el asfalto fresco para el trabajo.<\/li>\n<li>Termina <strong>el trabajo m\u00e1s r\u00e1pido <\/strong>&#8211; Los distribuidores de asfalto aplican capas consistentes de asfalto a velocidades y ritmos ajustables. Esta automatizaci\u00f3n permite terminar m\u00e1s r\u00e1pidamente los trabajos de pavimentaci\u00f3n. <\/li>\n<li><strong>Reduce la mano de obra <\/strong>&#8211; Los distribuidores BearCat son muy eficientes y s\u00f3lo utilizan un operario, lo que reduce la mano de obra necesaria para la distribuci\u00f3n de asfalto l\u00edquido.<\/li>\n<li><strong>Recubrir uniformemente una superficie <\/strong>&#8211; En comparaci\u00f3n con las aplicaciones manuales, los distribuidores BearCat tienen una barra pulverizadora que aplica una capa uniforme y consistente de asfalto a las superficies. Esto significa que el operador s\u00f3lo tiene que conducir; la barra pulverizadora se encarga del resto. <\/li>\n<\/ul>\n<p>BearCat es el nombre en el que debes confiar cuando necesites un distribuidor de asfalto en Minnesota. Sin embargo, BearCat ofrece mucho m\u00e1s. Disponemos de una gama completa de equipos de asfalto, incluidos equipos de <a href=\"https:\/\/bearcatmfg.com\/chip-seal-equipment-minnesota\/\">asfaltado<\/a> y <a href=\"https:\/\/bearcatmfg.com\/product-category\/chip-spreaders\/\">esparcidores de gravilla<\/a> y pavimentadoras pulverizadoras que agilizan el proceso de asfaltado. Cuando necesites el <a href=\"https:\/\/bearcatmfg.com\/what-equipment-do-you-need-for-road-repair\/\">equipo<\/a> en el que puedas confiar para tus necesidades de construcci\u00f3n con asfalto, BearCat es la marca que necesitas para completar tu equipo.   <\/p>\n<h3>Por qu\u00e9 elegir BearCat<\/h3>\n<p>BearCat MFG fue fundada en 1969 por Ken Hill y Don Carson. Desde aquellos primeros d\u00edas, nuestra misi\u00f3n siempre ha sido proporcionar a los clientes soluciones personalizadas para la industria del asfalto. Siempre hemos cre\u00eddo en la innovaci\u00f3n. Desde el principio, apostamos por la innovaci\u00f3n, dise\u00f1ando productos BearCat con funciones controladas desde la cabina, as\u00ed como barras de pulverizaci\u00f3n con v\u00e1lvulas de pulverizaci\u00f3n pop y alas de ruptura. Y estas ideas siguen estando en el coraz\u00f3n de lo que hacemos hoy. Encontraremos el ajuste perfecto para tus necesidades, y nos esforzaremos por darte exactamente lo que buscas para mejorar tu negocio del asfalto.     <\/p>\n<div class=\"left-img\"><img loading=\"lazy\" decoding=\"async\" class=\"alignnone\" src=\"https:\/\/bearcatmfg.com\/wp-content\/uploads\/2024\/10\/asphalt-road-roller-under-construction.webp\" alt=\"BearCat MGF es la mejor opci\u00f3n a elegir cuando necesites un Distribuidor de Asfalto en Minnesota para tu negocio de asfalto\" width=\"500\" height=\"350\" title=\"\"><\/div>\n<h3>Contacte con BearCat hoy mismo<\/h3>\n<p>Ponte en contacto con BearCat MFG hoy mismo para hablar de c\u00f3mo puedes incorporar a tu negocio al mejor distribuidor de asfalto de Minnesota. Para obtener m\u00e1s informaci\u00f3n, ponte <a href=\"https:\/\/bearcatmfg.com\/contact-us\/\">en contacto con nosotros<\/a> directamente en el <a href=\"tel:9286847851\">928-684-7851<\/a>. Estamos deseando servirte.  <\/p>\n","protected":false},"excerpt":{"rendered":"<p>Elige al mejor distribuidor para tus necesidades de mantenimiento del asfalto Uno de los equipos m\u00e1s importantes que necesitas en la industria del asfalto es un distribuidor de asfalto. Con un distribuidor de asfalto, puedes rociar con facilidad y precisi\u00f3n entre 1.000 y 4.500 galones de asfalto l\u00edquido para proyectos de carreteras. Con un distribuidor &hellip; <a href=\"https:\/\/bearcatmfg.com\/es\/distribuidor-de-asfalto-minnesota\/\" class=\"more-link\">Continue reading <span class=\"screen-reader-text\">Distribuidor de asfalto Minnesota<\/span><\/a><\/p>\n","protected":false},"author":1,"featured_media":3892,"parent":0,"menu_order":0,"comment_status":"closed","ping_status":"closed","template":"","meta":{"_acf_changed":false,"footnotes":""},"class_list":["post-3895","page","type-page","status-publish","has-post-thumbnail","hentry"],"acf":[],"_links":{"self":[{"href":"https:\/\/bearcatmfg.com\/es\/wp-json\/wp\/v2\/pages\/3895","targetHints":{"allow":["GET"]}}],"collection":[{"href":"https:\/\/bearcatmfg.com\/es\/wp-json\/wp\/v2\/pages"}],"about":[{"href":"https:\/\/bearcatmfg.com\/es\/wp-json\/wp\/v2\/types\/page"}],"author":[{"embeddable":true,"href":"https:\/\/bearcatmfg.com\/es\/wp-json\/wp\/v2\/users\/1"}],"replies":[{"embeddable":true,"href":"https:\/\/bearcatmfg.com\/es\/wp-json\/wp\/v2\/comments?post=3895"}],"version-history":[{"count":2,"href":"https:\/\/bearcatmfg.com\/es\/wp-json\/wp\/v2\/pages\/3895\/revisions"}],"predecessor-version":[{"id":4225,"href":"https:\/\/bearcatmfg.com\/es\/wp-json\/wp\/v2\/pages\/3895\/revisions\/4225"}],"wp:featuredmedia":[{"embeddable":true,"href":"https:\/\/bearcatmfg.com\/es\/wp-json\/wp\/v2\/media\/3892"}],"wp:attachment":[{"href":"https:\/\/bearcatmfg.com\/es\/wp-json\/wp\/v2\/media?parent=3895"}],"curies":[{"name":"wp","href":"https:\/\/api.w.org\/{rel}","templated":true}]}}