{"id":3915,"date":"2024-10-28T05:18:23","date_gmt":"2024-10-28T05:18:23","guid":{"rendered":"https:\/\/bearcatmfg.com\/equipo-de-asfaltado-nevada\/"},"modified":"2025-01-22T05:19:40","modified_gmt":"2025-01-22T05:19:40","slug":"equipo-de-asfaltado-nevada","status":"publish","type":"page","link":"https:\/\/bearcatmfg.com\/es\/equipo-de-asfaltado-nevada\/","title":{"rendered":"Equipo de asfaltado Nevada"},"content":{"rendered":"<h3>Por qu\u00e9 la pavimentaci\u00f3n con aglomerado es respetuosa con el medio ambiente<\/h3>\n<p>Cuando se trata de pavimentar carreteras, aparcamientos y entradas de veh\u00edculos, elegir una soluci\u00f3n respetuosa con el medio ambiente es cada vez m\u00e1s importante. El sellado de virutas, tambi\u00e9n conocido como alquitr\u00e1n y virutas, ofrece una alternativa sostenible a los m\u00e9todos tradicionales de pavimentaci\u00f3n con asfalto. Es un m\u00e9todo muy utilizado para <a href=\"https:\/\/bearcatmfg.com\/asphalt-resurfacing\/\">repavimentar carreteras<\/a>, sobre todo en zonas rurales. Proporciona numerosas ventajas medioambientales que lo convierten en una opci\u00f3n ecoconsciente. Si buscas el mejor <a href=\"https:\/\/bearcatmfg.com\/top-rated-chip-seal-equipment\/\">equipo de asfaltado<\/a> de Nevada, llama a BearCat Manufacturing al <a href=\"tel:9286847851\">928-684-7851<\/a>.    <\/p>\n<h3>El sellado asf\u00e1ltico utiliza menos materias primas<\/h3>\n<p>Una de las principales ventajas medioambientales del sellado de virutas es que utiliza menos materias primas que la pavimentaci\u00f3n tradicional de asfalto. El sellado de virutas consiste en aplicar una fina capa de emulsi\u00f3n asf\u00e1ltica seguida de una capa de peque\u00f1os \u00e1ridos, o virutas. Despu\u00e9s viene la compactaci\u00f3n de las virutas. Este proceso requiere menos material asf\u00e1ltico que la pavimentaci\u00f3n asf\u00e1ltica en toda su profundidad, lo que reduce el consumo de recursos naturales. Al minimizar el uso de nuevos materiales, el sellado de virutas contribuye a los esfuerzos de conservaci\u00f3n y reduce la huella de carbono global de los proyectos de mantenimiento y construcci\u00f3n de carreteras. Otras ventajas de este proceso son     <\/p>\n<ul>\n<li>El asfaltado se aplica a menudo sobre firmes existentes. Esto lo convierte en una opci\u00f3n muy sostenible. En lugar de retirar y sustituir el asfalto viejo, el sello de virutas puede colocarse directamente sobre la carretera existente. Esto reduce la necesidad de nuevos materiales y el impacto medioambiental asociado a su producci\u00f3n, transporte e instalaci\u00f3n. Al reutilizar la infraestructura viaria existente, el asfaltado minimiza los residuos y promueve un enfoque m\u00e1s circular y eficiente de la pavimentaci\u00f3n.    <\/li>\n<li>La producci\u00f3n e instalaci\u00f3n del pavimento de asfalto tradicional requiere grandes cantidades de energ\u00eda, desde calentar el asfalto hasta transportar los materiales a las obras. En cambio, el asfalto troceado puede aplicarse a temperaturas m\u00e1s bajas y con equipos que consumen menos energ\u00eda. La emulsi\u00f3n asf\u00e1ltica utilizada en el sellado de virutas no necesita calentarse a las mismas altas temperaturas que la mezcla asf\u00e1ltica en caliente tradicional, lo que reduce el consumo de energ\u00eda durante el proceso de aplicaci\u00f3n. Esto ayuda a reducir las emisiones de gases de efecto invernadero asociadas a la construcci\u00f3n y mantenimiento de carreteras, haciendo del sellado de virutas una opci\u00f3n m\u00e1s eficiente desde el punto de vista energ\u00e9tico.   <\/li>\n<li>Las islas urbanas de calor son zonas que experimentan temperaturas significativamente m\u00e1s altas debido a las actividades humanas, principalmente a causa de superficies oscuras que absorben el calor, como las carreteras de asfalto. Las superficies asfaltadas suelen ser de color m\u00e1s claro que el asfalto tradicional, lo que ayuda a reflejar la luz solar en vez de absorberla. Esta propiedad reflectante reduce el efecto isla de calor, contribuyendo a que los entornos urbanos y rurales sean m\u00e1s frescos. Al ayudar a regular la temperatura de la superficie, el asfalto troceado contribuye a bajar la temperatura ambiente, reduciendo la necesidad de refrigeraci\u00f3n, que consume mucha energ\u00eda, en los edificios y viviendas cercanos.   <\/li>\n<\/ul>\n<h3>Las superficies de asfalto son duraderas y requieren poco mantenimiento<\/h3>\n<p>La reducci\u00f3n de los intervalos de mantenimiento disminuye el impacto medioambiental. Adem\u00e1s, el sellado de gravilla ayuda a proteger la superficie subyacente de la carretera de la penetraci\u00f3n de la humedad y los da\u00f1os meteorol\u00f3gicos, alargando la vida de la carretera y reduciendo la necesidad de futuras reparaciones. Menos reparaciones significan menos interrupciones del tr\u00e1fico y menos emisiones de los veh\u00edculos y equipos de construcci\u00f3n a lo largo del tiempo.  <\/p>\n<h3>Elige el sellado de virutas para un drenaje sostenible<\/h3>\n<p>Las superficies asfaltadas suelen ser m\u00e1s porosas que el asfalto tradicional, lo que permite un mejor drenaje del agua. La mejora del drenaje reduce el riesgo de que el agua se acumule en la calzada, lo que puede provocar erosi\u00f3n, inundaciones y da\u00f1os en la carretera. Al permitir que el agua se filtre por la superficie, el asfaltado ayuda a mantener el flujo natural de las aguas pluviales, reduciendo la escorrent\u00eda y fomentando ecosistemas m\u00e1s sanos en las zonas circundantes.  <\/p>\n<div class=\"left-img\"><img loading=\"lazy\" decoding=\"async\" class=\"alignnone\" src=\"https:\/\/bearcatmfg.com\/wp-content\/uploads\/2024\/10\/Chip-Seal-Equipment-Nevada-seo.webp\" alt=\"Se ve un equipo de asfaltado. BearCat Manufacturing vende equipos de asfaltado en Nevada.\" width=\"500\" height=\"350\" title=\"\"><\/div>\n<h3>Estamos Aqu\u00ed Para Atender Todas Tus Necesidades De Sellado De Astillas<\/h3>\n<p>Contar con el equipo de sellado de virutas adecuado garantizar\u00e1 la durabilidad del firme de tus carreteras. Acude a BearCat Manufacturing para asegurarte de que cuentas con el mejor equipo. Para comprar el mejor equipo de asfaltado de Nevada, llama a<br \/>\n<a href=\"tel:9286847851\">928-684-7851<\/a>.<\/p>\n","protected":false},"excerpt":{"rendered":"<p>Por qu\u00e9 la pavimentaci\u00f3n con aglomerado es respetuosa con el medio ambiente Cuando se trata de pavimentar carreteras, aparcamientos y entradas de veh\u00edculos, elegir una soluci\u00f3n respetuosa con el medio ambiente es cada vez m\u00e1s importante. El sellado de virutas, tambi\u00e9n conocido como alquitr\u00e1n y virutas, ofrece una alternativa sostenible a los m\u00e9todos tradicionales de &hellip; <a href=\"https:\/\/bearcatmfg.com\/es\/equipo-de-asfaltado-nevada\/\" class=\"more-link\">Continue reading <span class=\"screen-reader-text\">Equipo de asfaltado Nevada<\/span><\/a><\/p>\n","protected":false},"author":1,"featured_media":3910,"parent":0,"menu_order":0,"comment_status":"closed","ping_status":"closed","template":"","meta":{"_acf_changed":false,"footnotes":""},"class_list":["post-3915","page","type-page","status-publish","has-post-thumbnail","hentry"],"acf":[],"_links":{"self":[{"href":"https:\/\/bearcatmfg.com\/es\/wp-json\/wp\/v2\/pages\/3915","targetHints":{"allow":["GET"]}}],"collection":[{"href":"https:\/\/bearcatmfg.com\/es\/wp-json\/wp\/v2\/pages"}],"about":[{"href":"https:\/\/bearcatmfg.com\/es\/wp-json\/wp\/v2\/types\/page"}],"author":[{"embeddable":true,"href":"https:\/\/bearcatmfg.com\/es\/wp-json\/wp\/v2\/users\/1"}],"replies":[{"embeddable":true,"href":"https:\/\/bearcatmfg.com\/es\/wp-json\/wp\/v2\/comments?post=3915"}],"version-history":[{"count":1,"href":"https:\/\/bearcatmfg.com\/es\/wp-json\/wp\/v2\/pages\/3915\/revisions"}],"predecessor-version":[{"id":4154,"href":"https:\/\/bearcatmfg.com\/es\/wp-json\/wp\/v2\/pages\/3915\/revisions\/4154"}],"wp:featuredmedia":[{"embeddable":true,"href":"https:\/\/bearcatmfg.com\/es\/wp-json\/wp\/v2\/media\/3910"}],"wp:attachment":[{"href":"https:\/\/bearcatmfg.com\/es\/wp-json\/wp\/v2\/media?parent=3915"}],"curies":[{"name":"wp","href":"https:\/\/api.w.org\/{rel}","templated":true}]}}