{"id":4063,"date":"2024-12-04T09:01:01","date_gmt":"2024-12-04T09:01:01","guid":{"rendered":"https:\/\/bearcatmfg.com\/distribuidor-de-asfalto-iowa\/"},"modified":"2025-01-22T05:19:40","modified_gmt":"2025-01-22T05:19:40","slug":"distribuidor-de-asfalto-iowa","status":"publish","type":"page","link":"https:\/\/bearcatmfg.com\/es\/distribuidor-de-asfalto-iowa\/","title":{"rendered":"Distribuidor de asfalto Iowa"},"content":{"rendered":"<h3>\u00a1El distribuidor de asfalto que hace el trabajo!<\/h3>\n<p>La calidad del <a href=\"https:\/\/bearcatmfg.com\/asphalt-equipment-iowa\/\">distribuidor de asfalto<\/a> y del equipo de asfalto relacionado que elijas desempe\u00f1a un papel fundamental en los proyectos de pavimentaci\u00f3n, garantizando la aplicaci\u00f3n sin problemas del asfalto para carreteras, calzadas, aparcamientos y otras superficies. Seleccionar el distribuidor adecuado puede influir significativamente en el \u00e9xito general de tus proyectos. Si buscas el mejor distribuidor de asfalto de Iowa, recurre a BearCat Manufacturing. Ll\u00e1manos hoy mismo al 928-684-7851.   <\/p>\n<h3>S\u00f3lo ofrecemos productos de alta calidad<\/h3>\n<p>Invertir en distribuidores de asfalto y equipos afines de alta calidad es esencial para los profesionales de <a href=\"https:\/\/bearcatmfg.com\/asphalt-machines-for-rent\/\">los sectores de la pavimentaci\u00f3n y la construcci\u00f3n<\/a>. Tanto si pavimentas calzadas, carreteras o aparcamientos, un equipo fiable garantiza eficacia, resultados superiores y ahorro de costes a largo plazo. A continuaci\u00f3n te explicamos por qu\u00e9 adquirir distribuidores de asfalto y maquinaria relacionada de primera categor\u00eda debe ser una prioridad para tu empresa:  <\/p>\n<ul>\n<li><strong>Mayor rendimiento y eficacia: <\/strong>Nuestros distribuidores de asfalto de primer nivel garantizan precisi\u00f3n y eficacia. Los equipos de alta calidad garantizan una aplicaci\u00f3n uniforme del asfalto, un uso \u00f3ptimo del material y una reducci\u00f3n de los residuos. Con controles avanzados y tecnolog\u00eda moderna, estas m\u00e1quinas ayudan a los contratistas a completar los proyectos m\u00e1s r\u00e1pidamente manteniendo una calidad superior, lo que en \u00faltima instancia aumenta la productividad y la rentabilidad.  <\/li>\n<li><strong>Resultados constantes y de alta calidad: <\/strong>La calidad de tu equipo repercute directamente en los resultados de tus proyectos. Un distribuidor de asfalto BearCat bien dise\u00f1ado aplica los materiales de forma uniforme y precisa, evitando problemas como superficies irregulares, grietas o desgaste prematuro. Esta consistencia aumenta la durabilidad y el atractivo est\u00e9tico del proyecto terminado, mejorando la satisfacci\u00f3n del cliente y tu reputaci\u00f3n en el sector.  <\/li>\n<li><strong>Rentabilidad a largo plazo: <\/strong>Aunque los equipos de alta calidad pueden requerir una mayor inversi\u00f3n inicial, a menudo resultan m\u00e1s econ\u00f3micos a largo plazo. Nuestros distribuidores de asfalto duraderos y bien construidos requieren reparaciones y sustituciones menos frecuentes, lo que reduce los costes de mantenimiento. Adem\u00e1s, su eficiencia ayuda a minimizar el desperdicio de material y los gastos de mano de obra, mejorando a\u00fan m\u00e1s tu cuenta de resultados.  <\/li>\n<li><strong>Fiabilidad y reducci\u00f3n del tiempo de inactividad: <\/strong>Entendemos que tus proyectos de construcci\u00f3n y pavimentaci\u00f3n a menudo se desarrollan con calendarios ajustados, y las aver\u00edas de los equipos pueden causar costosos retrasos. Los distribuidores de asfalto de alta calidad de BearCat est\u00e1n dise\u00f1ados para ser fiables, con componentes robustos que soportan un uso intensivo. Al elegir marcas y modelos de confianza, puedes reducir el riesgo de paradas inesperadas, manteniendo tus proyectos en marcha.  <\/li>\n<\/ul>\n<h3>Puedes contar con nuestras normas de seguridad<\/h3>\n<p>La seguridad es una prioridad m\u00e1xima en cualquier obra. Nuestros distribuidores de asfalto de alta calidad est\u00e1n dise\u00f1ados pensando en la seguridad, con controles avanzados, interfaces f\u00e1ciles de usar y mecanismos de seguridad para proteger a operarios y trabajadores. <\/p>\n<div class=\"left-img\"><img loading=\"lazy\" decoding=\"async\" class=\"alignnone\" src=\"https:\/\/bearcatmfg.com\/wp-content\/uploads\/2024\/12\/Asphalt-Distributor-Iowa-2.jpg\" alt=\"BearCat Manufacturing vende el mejor distribuidor de asfalto y equipos relacionados de Iowa.\" width=\"500\" height=\"350\" title=\"\"><\/div>\n<h3>BearCat ofrece los mejores distribuidores<\/h3>\n<p>Haz de BearCat Manufacturing tu socio para asegurarte de que dispones del mejor equipo para hacer bien el trabajo. Para obtener el mejor distribuidor de asfalto de Iowa, llama al <a href=\"tel:9286847851\">928-684-7851<\/a> <\/p>\n","protected":false},"excerpt":{"rendered":"<p>\u00a1El distribuidor de asfalto que hace el trabajo! La calidad del distribuidor de asfalto y del equipo de asfalto relacionado que elijas desempe\u00f1a un papel fundamental en los proyectos de pavimentaci\u00f3n, garantizando la aplicaci\u00f3n sin problemas del asfalto para carreteras, calzadas, aparcamientos y otras superficies. Seleccionar el distribuidor adecuado puede influir significativamente en el \u00e9xito &hellip; <a href=\"https:\/\/bearcatmfg.com\/es\/distribuidor-de-asfalto-iowa\/\" class=\"more-link\">Continue reading <span class=\"screen-reader-text\">Distribuidor de asfalto Iowa<\/span><\/a><\/p>\n","protected":false},"author":1,"featured_media":4045,"parent":0,"menu_order":0,"comment_status":"closed","ping_status":"closed","template":"","meta":{"_acf_changed":false,"footnotes":""},"class_list":["post-4063","page","type-page","status-publish","has-post-thumbnail","hentry"],"acf":[],"_links":{"self":[{"href":"https:\/\/bearcatmfg.com\/es\/wp-json\/wp\/v2\/pages\/4063","targetHints":{"allow":["GET"]}}],"collection":[{"href":"https:\/\/bearcatmfg.com\/es\/wp-json\/wp\/v2\/pages"}],"about":[{"href":"https:\/\/bearcatmfg.com\/es\/wp-json\/wp\/v2\/types\/page"}],"author":[{"embeddable":true,"href":"https:\/\/bearcatmfg.com\/es\/wp-json\/wp\/v2\/users\/1"}],"replies":[{"embeddable":true,"href":"https:\/\/bearcatmfg.com\/es\/wp-json\/wp\/v2\/comments?post=4063"}],"version-history":[{"count":1,"href":"https:\/\/bearcatmfg.com\/es\/wp-json\/wp\/v2\/pages\/4063\/revisions"}],"predecessor-version":[{"id":4155,"href":"https:\/\/bearcatmfg.com\/es\/wp-json\/wp\/v2\/pages\/4063\/revisions\/4155"}],"wp:featuredmedia":[{"embeddable":true,"href":"https:\/\/bearcatmfg.com\/es\/wp-json\/wp\/v2\/media\/4045"}],"wp:attachment":[{"href":"https:\/\/bearcatmfg.com\/es\/wp-json\/wp\/v2\/media?parent=4063"}],"curies":[{"name":"wp","href":"https:\/\/api.w.org\/{rel}","templated":true}]}}