{"id":4064,"date":"2024-12-04T09:01:02","date_gmt":"2024-12-04T09:01:02","guid":{"rendered":"https:\/\/bearcatmfg.com\/distribuidor-de-asfalto-kansas\/"},"modified":"2025-01-22T05:19:41","modified_gmt":"2025-01-22T05:19:41","slug":"distribuidor-de-asfalto-kansas","status":"publish","type":"page","link":"https:\/\/bearcatmfg.com\/es\/distribuidor-de-asfalto-kansas\/","title":{"rendered":"Distribuidor de asfalto Kansas"},"content":{"rendered":"<h3>C\u00f3mo saber que ha llegado la hora de un nuevo distribuidor de asfalto<\/h3>\n<p>Un buen distribuidor de asfalto es un activo fundamental para los contratistas de pavimentaci\u00f3n, los municipios y las empresas de construcci\u00f3n de carreteras. Sin embargo, como toda maquinaria, tiene una vida \u00fatil finita. Saber cu\u00e1ndo invertir en un nuevo equipo distribuidor de asfalto es esencial para mantener la eficacia, la seguridad y la calidad de tus proyectos. Si buscas un nuevo distribuidor de asfalto, BearCat Manufacturing es tu socio para asegurarte de que cuentas con <a href=\"https:\/\/bearcatmfg.com\/asphalt-equipment-kansas\/\">el equipo de asfalto adecuado.<\/a> Para obtener el mejor distribuidor de asfalto de Kansas, ll\u00e1manos al 928-684-7851   <\/p>\n<h3>\u00bfHa llegado el momento de actualizar tu equipo?<\/h3>\n<p>Si tu actual distribuidor de asfalto requiere reparaciones o mantenimiento constantes, puede que ya no sea rentable mantenerlo en funcionamiento. Las aver\u00edas frecuentes no s\u00f3lo aumentan los gastos, sino que tambi\u00e9n alteran los plazos de los proyectos. Con el tiempo, invertir en equipos nuevos y fiables es m\u00e1s econ\u00f3mico que arreglar continuamente maquinaria anticuada. \u00a1 <a href=\"https:\/\/ridgestonecap.com\/apply-now\/bearcatmfg\/\" target=\"_blank\" rel=\"noopener\">Hay financiaci\u00f3n disponible<\/a>! Otros signos de que puede haber llegado el momento de invertir en un nuevo distribuidor son  <\/p>\n<ul>\n<li>Disminuci\u00f3n del rendimiento: A medida que los equipos envejecen, pueden perder eficacia y precisi\u00f3n. Los signos de un rendimiento decreciente incluyen una aplicaci\u00f3n desigual del asfalto, patrones de pulverizaci\u00f3n incoherentes o capacidades de calentamiento reducidas. Estos problemas pueden dar lugar a resultados mediocres, da\u00f1ar potencialmente tu reputaci\u00f3n y aumentar el desperdicio de material. La actualizaci\u00f3n a equipos modernos garantiza un rendimiento constante y unos resultados de mayor calidad.   <\/li>\n<li>Tecnolog\u00eda obsoleta: Los avances en la tecnolog\u00eda de distribuci\u00f3n de asfalto han hecho que los equipos modernos sean m\u00e1s eficaces, seguros y f\u00e1ciles de manejar. \u00bfA tu equipo le faltan funciones como controles digitales y sistemas de pulverizaci\u00f3n automatizados? La actualizaci\u00f3n puede mejorar significativamente la productividad y reducir los costes de explotaci\u00f3n.  <\/li>\n<li>Aumento de la demanda de proyectos: Si tu negocio est\u00e1 creciendo y te encargas de proyectos m\u00e1s grandes o complejos, es posible que tu equipo actual no satisfaga el aumento de la demanda. Los modelos m\u00e1s antiguos pueden tener dificultades para seguir el ritmo de la escala y el alcance de los trabajos de pavimentaci\u00f3n modernos. Nuestros distribuidores est\u00e1n dise\u00f1ados con mayor capacidad y versatilidad para manejar los diversos requisitos de los proyectos.  <\/li>\n<li>Aumento de los costes de combustible y energ\u00eda: Los distribuidores de asfalto m\u00e1s antiguos suelen consumir menos combustible, lo que supone mayores costes de funcionamiento. Los equipos modernos est\u00e1n dise\u00f1ados para optimizar el consumo de combustible y reducir el uso de energ\u00eda, ahorr\u00e1ndote dinero a largo plazo. Si has notado que tus gastos de combustible aumentan constantemente, puede que haya llegado el momento de invertir en una m\u00e1quina m\u00e1s eficiente.  <\/li>\n<\/ul>\n<h3>Aseg\u00farate de que tu equipo cumple los requisitos de seguridad<\/h3>\n<p>La seguridad debe ser siempre la m\u00e1xima prioridad en cualquier obra. Los equipos m\u00e1s antiguos pueden carecer de funciones de seguridad esenciales o no cumplir las normas actualizadas del sector. Actualizar los distribuidores BearCat con sus avanzados mecanismos de seguridad puede proteger a tu equipo, reducir los accidentes y garantizar el cumplimiento de la normativa.  <\/p>\n<h3>\u00bfTienes equipos antiguos con tiempos de inactividad excesivos?<\/h3>\n<p>El tiempo de inactividad de los equipos puede ser costoso, sobre todo en proyectos con plazos ajustados. Si tu actual distribuidor de asfalto se aver\u00eda con frecuencia o requiere largas reparaciones, es probable que est\u00e9 afectando a tu cuenta de resultados. Nuestros distribuidores de asfalto minimizan el tiempo de inactividad, manteniendo tus proyectos en marcha y mejorando la satisfacci\u00f3n del cliente.  <\/p>\n<div class=\"left-img\"><img loading=\"lazy\" decoding=\"async\" class=\"alignnone\" src=\"https:\/\/bearcatmfg.com\/wp-content\/uploads\/2024\/12\/Asphalt-Distributor-Iowa-2.jpg\" alt=\"BearCat Manufacturing vende el mejor distribuidor de asfalto y equipos relacionados de Kansas.\" width=\"500\" height=\"350\" title=\"\"><\/div>\n<h3>Cuando se trata de distribuidores de asfalto, conf\u00eda en BearCat<\/h3>\n<p>Reconocer las se\u00f1ales de que ha llegado el momento de sustituir tu maquinaria de distribuidoras de asfalto puede ahorrarte tiempo, dinero y frustraciones. Eval\u00faa tu maquinaria actual en busca de un rendimiento decreciente, costes crecientes y caracter\u00edsticas anticuadas. Actualiz\u00e1ndote con los modernos equipos de alta calidad de BearCat, mejorar\u00e1s tus operaciones, obtendr\u00e1s mejores resultados y posicionar\u00e1s tu negocio para el \u00e9xito a largo plazo. Recuerda, para comprar el mejor distribuidor de asfalto de Kansas, llama a BearCat al <a href=\"\">928-684-7851<\/a>   <\/p>\n","protected":false},"excerpt":{"rendered":"<p>C\u00f3mo saber que ha llegado la hora de un nuevo distribuidor de asfalto Un buen distribuidor de asfalto es un activo fundamental para los contratistas de pavimentaci\u00f3n, los municipios y las empresas de construcci\u00f3n de carreteras. Sin embargo, como toda maquinaria, tiene una vida \u00fatil finita. Saber cu\u00e1ndo invertir en un nuevo equipo distribuidor de &hellip; <a href=\"https:\/\/bearcatmfg.com\/es\/distribuidor-de-asfalto-kansas\/\" class=\"more-link\">Continue reading <span class=\"screen-reader-text\">Distribuidor de asfalto Kansas<\/span><\/a><\/p>\n","protected":false},"author":1,"featured_media":4045,"parent":0,"menu_order":0,"comment_status":"closed","ping_status":"closed","template":"","meta":{"_acf_changed":false,"footnotes":""},"class_list":["post-4064","page","type-page","status-publish","has-post-thumbnail","hentry"],"acf":[],"_links":{"self":[{"href":"https:\/\/bearcatmfg.com\/es\/wp-json\/wp\/v2\/pages\/4064","targetHints":{"allow":["GET"]}}],"collection":[{"href":"https:\/\/bearcatmfg.com\/es\/wp-json\/wp\/v2\/pages"}],"about":[{"href":"https:\/\/bearcatmfg.com\/es\/wp-json\/wp\/v2\/types\/page"}],"author":[{"embeddable":true,"href":"https:\/\/bearcatmfg.com\/es\/wp-json\/wp\/v2\/users\/1"}],"replies":[{"embeddable":true,"href":"https:\/\/bearcatmfg.com\/es\/wp-json\/wp\/v2\/comments?post=4064"}],"version-history":[{"count":1,"href":"https:\/\/bearcatmfg.com\/es\/wp-json\/wp\/v2\/pages\/4064\/revisions"}],"predecessor-version":[{"id":4156,"href":"https:\/\/bearcatmfg.com\/es\/wp-json\/wp\/v2\/pages\/4064\/revisions\/4156"}],"wp:featuredmedia":[{"embeddable":true,"href":"https:\/\/bearcatmfg.com\/es\/wp-json\/wp\/v2\/media\/4045"}],"wp:attachment":[{"href":"https:\/\/bearcatmfg.com\/es\/wp-json\/wp\/v2\/media?parent=4064"}],"curies":[{"name":"wp","href":"https:\/\/api.w.org\/{rel}","templated":true}]}}