{"id":4065,"date":"2024-12-04T09:01:02","date_gmt":"2024-12-04T09:01:02","guid":{"rendered":"https:\/\/bearcatmfg.com\/distribuidor-de-asfalto-nevada\/"},"modified":"2025-01-22T05:19:41","modified_gmt":"2025-01-22T05:19:41","slug":"distribuidor-de-asfalto-nevada","status":"publish","type":"page","link":"https:\/\/bearcatmfg.com\/es\/distribuidor-de-asfalto-nevada\/","title":{"rendered":"Distribuidor de asfalto Nevada"},"content":{"rendered":"<h3>Las caracter\u00edsticas m\u00e1s importantes que hay que buscar en un nuevo distribuidor de asfalto<\/h3>\n<p>Invertir en un <a href=\"https:\/\/bearcatmfg.com\/what-are-the-best-brands-for-asphalt-distributors\/\">nuevo distribuidor de asfalto<\/a> es una decisi\u00f3n importante que puede repercutir enormemente en la eficacia y la calidad de tus proyectos de pavimentaci\u00f3n. Con los avances en tecnolog\u00eda y dise\u00f1o de equipos, los distribuidores de asfalto actuales ofrecen una variedad de caracter\u00edsticas que mejoran el rendimiento, la durabilidad y la facilidad de uso. Si buscas el mejor distribuidor de asfalto de Nevada, llama a BearCat Manufacturing al 928-684-7851.  <\/p>\n<h3>Somos El Creador De &#8216;La Leyenda<\/h3>\n<p>Comprender las caracter\u00edsticas m\u00e1s importantes que debes buscar te garantiza obtener el mejor valor y las mejores capacidades para tu inversi\u00f3n. El <a href=\"https:\/\/bearcatmfg.com\/our-products\/bc-502-asphalt-distributor\/\">distribuidor de asfalto BC-502<\/a> de BearCat se conoce com\u00fanmente en el sector como \u00abla leyenda\u00bb gracias a su inigualable productividad. Viene de serie con:  <\/p>\n<ul class=\"col-2\">\n<li>Control de tasa computarizado<\/li>\n<li>Mandos del operador dentro de la cabina<\/li>\n<li>Sistemas de descarga y frenado<\/li>\n<li>Dep\u00f3sito de acero Retrofit<\/li>\n<li>Barra de rociado del sistema de calefacci\u00f3n<\/li>\n<li>V\u00e1lvulas de pulverizaci\u00f3n de bombas de asfalto calentadas<\/li>\n<li>Colectores de tres v\u00e1lvulas<\/li>\n<\/ul>\n<h3>Elige cuidadosamente tus componentes personalizables<\/h3>\n<p>En BearCat, comprendemos la necesidad de personalizar los equipos para adaptarlos a tus necesidades individuales. Por eso ofrecemos una variedad de componentes personalizables en nuestra BC-502, entre los que se incluyen: <\/p>\n<ul class=\"col-3\">\n<li>Longitud de la barra de pulverizaci\u00f3n<\/li>\n<li>Espejos neumaticos<\/li>\n<li>Alas plegables<\/li>\n<li>Enganche mec\u00e1nico de la barra de pulverizaci\u00f3n<\/li>\n<li>Marcadores de l\u00ednea<\/li>\n<li>Bomba empaquetada o sellada<\/li>\n<li>Mangueras de alimentaci\u00f3n de barras<\/li>\n<li>Quemadores<\/li>\n<li>Manguera de carga de calor el\u00e9ctrico<\/li>\n<li>V\u00e1lvula rotativa de carga lateral<\/li>\n<li>Pestillo de la barra rociadora hidr\u00e1ulica<\/li>\n<li>Caja de herramientas h\u00fameda o caja de boquillas<\/li>\n<\/ul>\n<h3>Por qu\u00e9 es importante elegir las caracter\u00edsticas adecuadas<\/h3>\n<p>Seleccionar un<a href=\"https:\/\/bearcatmfg.com\/equipment-new-asphalt-contractors-need\/\"> nuevo distribuidor de asfalto<\/a> con las mejores caracter\u00edsticas garantiza un rendimiento superior, menores costes operativos y mejores resultados en los proyectos. La tecnolog\u00eda avanzada, la construcci\u00f3n duradera y las mejoras de seguridad hacen de los distribuidores modernos herramientas inestimables para los profesionales de la pavimentaci\u00f3n. <\/p>\n<h3>Los equipos de alta calidad merecen la pena<\/h3>\n<p>Invertir en un distribuidor de asfalto de alta calidad es esencial para cualquiera que trabaje en el sector de la pavimentaci\u00f3n y la construcci\u00f3n. Tanto si pavimentas carreteras, calzadas, aparcamientos o cualquier otra cosa, utilizar el mejor equipo garantiza eficacia, resultados superiores y ahorro de costes a largo plazo.   <a href=\"https:\/\/ridgestonecap.com\/apply-now\/bearcatmfg\/\" target=\"_blank\" rel=\"noopener\">Hay financiaci\u00f3n disponible.<\/a><\/p>\n<div class=\"left-img\"><img loading=\"lazy\" decoding=\"async\" class=\"alignnone\" src=\"https:\/\/bearcatmfg.com\/wp-content\/uploads\/2024\/12\/Asphalt-Distributor-Iowa-2.jpg\" alt=\"BearCat Manufacturing vende el mejor distribuidor de asfalto y equipos relacionados de Nevada.\" width=\"500\" height=\"350\" title=\"\"><\/div>\n<h3>Cuando se trata de distribuidores de asfalto, conf\u00eda en BearCat<\/h3>\n<p>Al comprar un nuevo distribuidor de asfalto, da prioridad a las caracter\u00edsticas que mejoren la precisi\u00f3n, la eficacia y la longevidad. Si te centras en las capacidades adecuadas, podr\u00e1s maximizar tu inversi\u00f3n y obtener resultados de pavimentaci\u00f3n de alta calidad en cada proyecto. Para comprar el mejor distribuidor de asfalto de Nevada, llama a BearCat al <a href=\"tel:9286847851\">928-684-7851<\/a>.  <\/p>\n","protected":false},"excerpt":{"rendered":"<p>Las caracter\u00edsticas m\u00e1s importantes que hay que buscar en un nuevo distribuidor de asfalto Invertir en un nuevo distribuidor de asfalto es una decisi\u00f3n importante que puede repercutir enormemente en la eficacia y la calidad de tus proyectos de pavimentaci\u00f3n. Con los avances en tecnolog\u00eda y dise\u00f1o de equipos, los distribuidores de asfalto actuales ofrecen &hellip; <a href=\"https:\/\/bearcatmfg.com\/es\/distribuidor-de-asfalto-nevada\/\" class=\"more-link\">Continue reading <span class=\"screen-reader-text\">Distribuidor de asfalto Nevada<\/span><\/a><\/p>\n","protected":false},"author":1,"featured_media":4045,"parent":0,"menu_order":0,"comment_status":"closed","ping_status":"closed","template":"","meta":{"_acf_changed":false,"footnotes":""},"class_list":["post-4065","page","type-page","status-publish","has-post-thumbnail","hentry"],"acf":[],"_links":{"self":[{"href":"https:\/\/bearcatmfg.com\/es\/wp-json\/wp\/v2\/pages\/4065","targetHints":{"allow":["GET"]}}],"collection":[{"href":"https:\/\/bearcatmfg.com\/es\/wp-json\/wp\/v2\/pages"}],"about":[{"href":"https:\/\/bearcatmfg.com\/es\/wp-json\/wp\/v2\/types\/page"}],"author":[{"embeddable":true,"href":"https:\/\/bearcatmfg.com\/es\/wp-json\/wp\/v2\/users\/1"}],"replies":[{"embeddable":true,"href":"https:\/\/bearcatmfg.com\/es\/wp-json\/wp\/v2\/comments?post=4065"}],"version-history":[{"count":1,"href":"https:\/\/bearcatmfg.com\/es\/wp-json\/wp\/v2\/pages\/4065\/revisions"}],"predecessor-version":[{"id":4157,"href":"https:\/\/bearcatmfg.com\/es\/wp-json\/wp\/v2\/pages\/4065\/revisions\/4157"}],"wp:featuredmedia":[{"embeddable":true,"href":"https:\/\/bearcatmfg.com\/es\/wp-json\/wp\/v2\/media\/4045"}],"wp:attachment":[{"href":"https:\/\/bearcatmfg.com\/es\/wp-json\/wp\/v2\/media?parent=4065"}],"curies":[{"name":"wp","href":"https:\/\/api.w.org\/{rel}","templated":true}]}}