{"id":4142,"date":"2025-01-22T05:14:21","date_gmt":"2025-01-22T05:14:21","guid":{"rendered":"https:\/\/bearcatmfg.com\/equipos-de-reparacion-de-asfalto-minnesota\/"},"modified":"2025-02-25T09:03:25","modified_gmt":"2025-02-25T09:03:25","slug":"equipos-de-reparacion-de-asfalto-minnesota","status":"publish","type":"page","link":"https:\/\/bearcatmfg.com\/es\/equipos-de-reparacion-de-asfalto-minnesota\/","title":{"rendered":"Equipos de reparaci\u00f3n de asfalto Minnesota"},"content":{"rendered":"<h3>C\u00f3mo elegir el mejor equipo de reparaci\u00f3n de asfalto para tus necesidades<\/h3>\n<p>Cuando se trata de mantener calzadas de asfalto, aparcamientos o carreteras, es crucial disponer <a href=\"https:\/\/bearcatmfg.com\/what-equipment-do-you-need-for-road-repair\/\">del equipo de reparaci\u00f3n de asfalto adecuado<\/a>. El asfalto da\u00f1ado puede suponer riesgos para la seguridad, reducir el atractivo de la acera y aumentar los costes de reparaci\u00f3n a largo plazo. Tanto si eres contratista, administrador de fincas o aficionado al bricolaje, seleccionar las herramientas adecuadas puede marcar la diferencia. Para el mejor equipo de reparaci\u00f3n de asfalto de Minnesota, puedes confiar en BearCat Manufacturing.    Ll\u00e1manos al <a href=\"tel:9286847851\">928-684-7851<\/a>.<\/p>\n<h3>Eval\u00faa tus necesidades de reparaci\u00f3n<\/h3>\n<p>El primer paso para seleccionar el equipo de reparaci\u00f3n del asfalto es identificar el alcance del proyecto. \u00bfVas a rellenar peque\u00f1as grietas, parchear baches o repavimentar una superficie mayor? Conocer el tipo y el alcance de los da\u00f1os determinar\u00e1 las herramientas y los materiales necesarios. Por ejemplo:   <\/p>\n<ul>\n<li><strong>Grietas &#8211; <\/strong>Las grietas peque\u00f1as pueden repararse con equipos de relleno de grietas, como botes de vertido o aplicadores de sellador de grietas.<\/li>\n<li><strong>Baches &#8211; <\/strong>Requieren materiales y equipos de parcheo, como parchadoras en fr\u00edo o calentadores de infrarrojos.<\/li>\n<li><strong>Reasfaltado &#8211; <\/strong>Los trabajos de mayor envergadura pueden requerir equipos pesados, como rodillos asf\u00e1lticos o selladoras.<\/li>\n<\/ul>\n<h3>Tipos de equipos de reparaci\u00f3n de asfalto<\/h3>\n<p>Nuestra completa l\u00ednea de equipos incluye todo lo que necesitas:<\/p>\n<ul class=\"col-3\">\n<li><a href=\"https:\/\/bearcatmfg.com\/asphalt-distributor-minnesota\/\">Distribuidores de asfalto<\/a><\/li>\n<li><a href=\"https:\/\/bearcatmfg.com\/top-rated-chip-spreaders\/\">Esparcidores de virutas<\/a><\/li>\n<li><a href=\"https:\/\/bearcatmfg.com\/top-rated-crack-sealers\/\">Selladores de grietas<\/a><\/li>\n<li><a href=\"https:\/\/bearcatmfg.com\/our-products\/dust-control-spray-systems\/\">Adoquines pulverizados<\/a><\/li>\n<li><a href=\"https:\/\/bearcatmfg.com\/our-products\/pre-coat-chip-foaming-system\/\">Sistema de espumado de virutas de precapa<\/a><\/li>\n<li><a href=\"https:\/\/bearcatmfg.com\/our-products\/cold-in-place-recycling\/\">Reciclaje en fr\u00edo<\/a><\/li>\n<\/ul>\n<h3>S\u00ed, \u00a1podemos ense\u00f1arte a utilizarlo!<\/h3>\n<p>Nuestra Escuela de Mantenimiento BearCat te ayudar\u00e1 a llevar el mantenimiento del asfalto al siguiente nivel. Te guiaremos a trav\u00e9s de la preparaci\u00f3n adecuada de la superficie, la aplicaci\u00f3n, el mantenimiento, las normas de seguridad y mucho m\u00e1s. Aprender\u00e1s a manejar, mantener y solucionar los problemas de nuestros equipos m\u00e1s modernos, incluidos nuestros distribuidores, esparcidores de gravilla, selladoras de grietas y asfaltadoras RES. Si tienes alguna pregunta sobre cualquiera de nuestros equipos, podremos responderla. Incluso podemos organizar una formaci\u00f3n individualizada en tus instalaciones o en las nuestras.    <\/p>\n<div class=\"left-img\"><img loading=\"lazy\" decoding=\"async\" class=\"alignnone\" src=\"https:\/\/bearcatmfg.com\/wp-content\/uploads\/2025\/01\/Asphalt-Repair-Equipment-Minnesota-seo2-500x350.jpg\" alt=\"BearCat tiene los mejores Equipos de Reparaci\u00f3n de Asfalto de Minnesota.\" width=\"500\" height=\"350\" title=\"\"><\/div>\n<h3>\u00bfNecesitas ayuda para elegir el equipo de reparaci\u00f3n de asfalto adecuado?<\/h3>\n<p>Estamos aqu\u00ed para ayudarte. Ponte en contacto con nosotros hoy mismo para obtener m\u00e1s informaci\u00f3n sobre nuestros equipos de reparaci\u00f3n de asfalto, solicitar un presupuesto o programar una demostraci\u00f3n. BearCat Manufacturing est\u00e1 aqu\u00ed para ayudarte a hacer crecer tu negocio. Para obtener el mejor equipo de reparaci\u00f3n de asfalto de Minnesota, llama al <a href=\"tel:9286847851\">928-684-7851<\/a>.  <\/p>\n","protected":false},"excerpt":{"rendered":"<p>C\u00f3mo elegir el mejor equipo de reparaci\u00f3n de asfalto para tus necesidades Cuando se trata de mantener calzadas de asfalto, aparcamientos o carreteras, es crucial disponer del equipo de reparaci\u00f3n de asfalto adecuado. El asfalto da\u00f1ado puede suponer riesgos para la seguridad, reducir el atractivo de la acera y aumentar los costes de reparaci\u00f3n a &hellip; <a href=\"https:\/\/bearcatmfg.com\/es\/equipos-de-reparacion-de-asfalto-minnesota\/\" class=\"more-link\">Continue reading <span class=\"screen-reader-text\">Equipos de reparaci\u00f3n de asfalto Minnesota<\/span><\/a><\/p>\n","protected":false},"author":1,"featured_media":4135,"parent":0,"menu_order":0,"comment_status":"closed","ping_status":"closed","template":"","meta":{"_acf_changed":false,"footnotes":""},"class_list":["post-4142","page","type-page","status-publish","has-post-thumbnail","hentry"],"acf":[],"_links":{"self":[{"href":"https:\/\/bearcatmfg.com\/es\/wp-json\/wp\/v2\/pages\/4142","targetHints":{"allow":["GET"]}}],"collection":[{"href":"https:\/\/bearcatmfg.com\/es\/wp-json\/wp\/v2\/pages"}],"about":[{"href":"https:\/\/bearcatmfg.com\/es\/wp-json\/wp\/v2\/types\/page"}],"author":[{"embeddable":true,"href":"https:\/\/bearcatmfg.com\/es\/wp-json\/wp\/v2\/users\/1"}],"replies":[{"embeddable":true,"href":"https:\/\/bearcatmfg.com\/es\/wp-json\/wp\/v2\/comments?post=4142"}],"version-history":[{"count":1,"href":"https:\/\/bearcatmfg.com\/es\/wp-json\/wp\/v2\/pages\/4142\/revisions"}],"predecessor-version":[{"id":4230,"href":"https:\/\/bearcatmfg.com\/es\/wp-json\/wp\/v2\/pages\/4142\/revisions\/4230"}],"wp:featuredmedia":[{"embeddable":true,"href":"https:\/\/bearcatmfg.com\/es\/wp-json\/wp\/v2\/media\/4135"}],"wp:attachment":[{"href":"https:\/\/bearcatmfg.com\/es\/wp-json\/wp\/v2\/media?parent=4142"}],"curies":[{"name":"wp","href":"https:\/\/api.w.org\/{rel}","templated":true}]}}