{"id":4144,"date":"2025-01-22T05:15:17","date_gmt":"2025-01-22T05:15:17","guid":{"rendered":"https:\/\/bearcatmfg.com\/selladores-de-grietas-nevada\/"},"modified":"2025-01-22T05:15:17","modified_gmt":"2025-01-22T05:15:17","slug":"selladores-de-grietas-nevada","status":"publish","type":"page","link":"https:\/\/bearcatmfg.com\/es\/selladores-de-grietas-nevada\/","title":{"rendered":"Selladores de grietas Nevada"},"content":{"rendered":"<h3>Suministramos equipos de asfalto de primera clase<\/h3>\n<p>Si buscas selladoras de grietas fiables y de alta calidad en Nevada, BearCat Manufacturing te tiene cubierto. Con una s\u00f3lida experiencia en la producci\u00f3n de equipos de mantenimiento de carreteras l\u00edderes en el sector, estamos orgullosos de ser la <a href=\"https:\/\/bearcatmfg.com\/chip-seal-equipment-nevada\/\">elecci\u00f3n de confianza de contratistas y municipios<\/a> de todo Nevada. Desde los \u00e1ridos desiertos hasta las bulliciosas calles de las ciudades, nuestras selladoras de grietas est\u00e1n dise\u00f1adas para soportar el clima \u00fanico de Nevada y las exigentes condiciones de las carreteras. Para obtener las mejores selladoras de grietas de Nevada, ll\u00e1manos hoy mismo al <a href=\"tel:9286847851\">928-684-7851<\/a>.   <\/p>\n<h3>Por qu\u00e9 es importante el sellado de grietas<\/h3>\n<p>Las fluctuaciones extremas de temperatura de Nevada, desde el calor abrasador del verano hasta los inviernos g\u00e9lidos, pueden causar estragos en las carreteras de asfalto. Las grietas se forman cuando el asfalto se expande y contrae, permitiendo que el agua penetre y degrade a\u00fan m\u00e1s el pavimento. Si no se tratan, estas peque\u00f1as grietas pueden provocar baches, da\u00f1os estructurales y costosas reparaciones. El sellado de grietas es un m\u00e9todo probado para prolongar la vida de tus carreteras y proteger tu inversi\u00f3n. Al sellar las grietas a tiempo, evitas la infiltraci\u00f3n de agua y mantienes la integridad de tu asfalto, ahorrando tiempo y dinero a largo plazo.    <\/p>\n<h3>Fabricaci\u00f3n BearCat: Tu socio en soluciones de sellado de grietas<\/h3>\n<p>En BearCat Manufacturing, comprendemos los retos a los que se enfrentan los equipos de mantenimiento de carreteras de Nevada. Por eso hemos dise\u00f1ado nuestras selladoras de grietas para que ofrezcan un rendimiento, una durabilidad y una facilidad de uso excepcionales. Nuestras selladoras de grietas est\u00e1n fabricadas con precisi\u00f3n e innovaci\u00f3n para garantizar <a href=\"https:\/\/bearcatmfg.com\/asphalt-crack-sealing\/\">un sellado eficaz de las grietas del asfalto<\/a>, independientemente de su tama\u00f1o o ubicaci\u00f3n. Ofrecemos la Selladora de Grietas<a href=\"https:\/\/bearcatmfg.com\/our-products\/ecs-250-rubberized-crack-seal-machine\/\"> ECS-250 <\/a>de 250 galones y la Selladora de Grietas de Goma <a href=\"https:\/\/bearcatmfg.com\/our-products\/ecs-400-rubberized-crack-seal-machine\/\">ECS-400<\/a> de 400 galones. Ambas son totalmente di\u00e9sel. Sus principales caracter\u00edsticas son:     <\/p>\n<ul class=\"col-3\">\n<li>Materiales de primera calidad<\/li>\n<li>Controles operativos ubicados en el centro<\/li>\n<li>Panel de control de temperatura f\u00e1cil de operar<\/li>\n<li>Brazo de manguera para minimizar el desgaste<\/li>\n<li>Cierres de seguridad de las puertas mejorados<\/li>\n<\/ul>\n<h3>Aplicaciones de los selladores de grietas en Nevada<\/h3>\n<p>Tanto si trabajas en carreteras rurales del norte de Nevada como en calles urbanas de Las Vegas, nuestras selladoras de grietas son lo bastante vers\u00e1tiles para abordar una amplia gama de proyectos:<\/p>\n<ul class=\"col-3\">\n<li>Autopistas y autov\u00edas<\/li>\n<li>Calzadas residenciales y comerciales<\/li>\n<li>Aparcamientos<\/li>\n<li>Calles municipales<\/li>\n<li>Pistas del aeropuerto<\/li>\n<\/ul>\n<div class=\"left-img\"><img loading=\"lazy\" decoding=\"async\" class=\"alignnone\" src=\"https:\/\/bearcatmfg.com\/wp-content\/uploads\/2024\/12\/black-asphalt-with-tar-to-repair-damaged-ground.webp\" alt=\"La atenci\u00f3n oportuna a las grietas del asfalto es importante. BearCat Manufacturing vende los mejores selladores de grietas de Nevada.\" width=\"500\" height=\"350\" title=\"\"><\/div>\n<h3>\u00bfListo para sellar algunas grietas?<\/h3>\n<p>No dejes que las grietas del asfalto comprometan la seguridad y longevidad de tus carreteras. BearCat Manufacturing est\u00e1 aqu\u00ed para proporcionarte las soluciones de sellado de grietas que necesitas para mantener la infraestructura de Nevada. Para obtener los mejores selladores de grietas de Nevada, llama al <a href=\"tel:9286847851\">928-684-7851<\/a>.  <\/p>\n","protected":false},"excerpt":{"rendered":"<p>Suministramos equipos de asfalto de primera clase Si buscas selladoras de grietas fiables y de alta calidad en Nevada, BearCat Manufacturing te tiene cubierto. Con una s\u00f3lida experiencia en la producci\u00f3n de equipos de mantenimiento de carreteras l\u00edderes en el sector, estamos orgullosos de ser la elecci\u00f3n de confianza de contratistas y municipios de todo &hellip; <a href=\"https:\/\/bearcatmfg.com\/es\/selladores-de-grietas-nevada\/\" class=\"more-link\">Continue reading <span class=\"screen-reader-text\">Selladores de grietas Nevada<\/span><\/a><\/p>\n","protected":false},"author":1,"featured_media":4061,"parent":0,"menu_order":0,"comment_status":"closed","ping_status":"closed","template":"","meta":{"_acf_changed":false,"footnotes":""},"class_list":["post-4144","page","type-page","status-publish","has-post-thumbnail","hentry"],"acf":[],"_links":{"self":[{"href":"https:\/\/bearcatmfg.com\/es\/wp-json\/wp\/v2\/pages\/4144","targetHints":{"allow":["GET"]}}],"collection":[{"href":"https:\/\/bearcatmfg.com\/es\/wp-json\/wp\/v2\/pages"}],"about":[{"href":"https:\/\/bearcatmfg.com\/es\/wp-json\/wp\/v2\/types\/page"}],"author":[{"embeddable":true,"href":"https:\/\/bearcatmfg.com\/es\/wp-json\/wp\/v2\/users\/1"}],"replies":[{"embeddable":true,"href":"https:\/\/bearcatmfg.com\/es\/wp-json\/wp\/v2\/comments?post=4144"}],"version-history":[{"count":0,"href":"https:\/\/bearcatmfg.com\/es\/wp-json\/wp\/v2\/pages\/4144\/revisions"}],"wp:featuredmedia":[{"embeddable":true,"href":"https:\/\/bearcatmfg.com\/es\/wp-json\/wp\/v2\/media\/4061"}],"wp:attachment":[{"href":"https:\/\/bearcatmfg.com\/es\/wp-json\/wp\/v2\/media?parent=4144"}],"curies":[{"name":"wp","href":"https:\/\/api.w.org\/{rel}","templated":true}]}}