{"id":4145,"date":"2025-01-22T05:15:17","date_gmt":"2025-01-22T05:15:17","guid":{"rendered":"https:\/\/bearcatmfg.com\/selladores-de-grietas-iowa\/"},"modified":"2025-03-07T06:02:56","modified_gmt":"2025-03-07T06:02:56","slug":"selladores-de-grietas-iowa","status":"publish","type":"page","link":"https:\/\/bearcatmfg.com\/es\/selladores-de-grietas-iowa\/","title":{"rendered":"Selladores de grietas Iowa"},"content":{"rendered":"<h3>\u00bfHa llegado el momento de comprar un nuevo sellador de grietas?<\/h3>\n<p>Dirigir una empresa de mantenimiento de carreteras en Iowa significa enfrentarse a las siempre cambiantes condiciones meteorol\u00f3gicas del estado, que pasan factura a las carreteras de asfalto. El sellado de grietas es una parte fundamental del <a href=\"https:\/\/bearcatmfg.com\/es\/mantenimiento-del-asfalto\/\">mantenimiento de las carreteras<\/a>, ya que garantiza su longevidad y evita costosas reparaciones. Pero, \u00bfc\u00f3mo saber cu\u00e1ndo ha llegado el momento de invertir en una nueva selladora de grietas? BearCat Manufacturing est\u00e1 aqu\u00ed para guiarte en el proceso de toma de decisiones y proporcionarte el equipo de alta calidad que necesitas. Si est\u00e1s considerando la compra de selladoras de grietas en Iowa, ll\u00e1manos al    <br \/><a href=\"tel:9286847851\">928-684-7851<\/a>.<\/p>\n<h3>Se\u00f1ales de que es hora de un nuevo sellador de grietas<\/h3>\n<p>Una selladora de grietas fiable es esencial para mantener la eficacia y ofrecer resultados de primera. He aqu\u00ed algunas se\u00f1ales de que puede haber llegado el momento de sustituir tu viejo equipo: <\/p>\n<ul>\n<li><strong>Aver\u00edas frecuentes &#8211; <\/strong>Si tu selladora de grietas actual requiere reparaciones constantes, no s\u00f3lo es frustrante, sino tambi\u00e9n costoso. Una m\u00e1quina nueva te ahorrar\u00e1 tiempo y reducir\u00e1 los gastos de mantenimiento. <\/li>\n<li><strong>Disminuci\u00f3n del rendimiento &#8211; <\/strong>\u00bfNotas juntas desiguales o un funcionamiento m\u00e1s lento? Esto podr\u00eda ser una se\u00f1al de que tu equipo ya no est\u00e1 a la altura. <\/li>\n<li><strong>Aumento del tiempo de inactividad: <\/strong>los equipos antiguos suelen averiarse con m\u00e1s frecuencia, lo que provoca retrasos en los proyectos y el incumplimiento de los plazos.<\/li>\n<li><strong>Tecnolog\u00eda obsoleta &#8211; <\/strong> Las selladoras de grietas modernas incorporan tecnolog\u00eda avanzada que mejora la eficacia, la seguridad y la facilidad de uso. Si tu m\u00e1quina carece de estas caracter\u00edsticas, una actualizaci\u00f3n podr\u00eda aumentar tu productividad. <\/li>\n<li><strong>Mayores costes de explotaci\u00f3n: <\/strong>los equipos antiguos pueden consumir m\u00e1s combustible o materiales, lo que reduce tus beneficios.<\/li>\n<\/ul>\n<h3>\u00bfPor qu\u00e9 invertir en un nuevo sellador de grietas?<\/h3>\n<p>Adquirir una nueva selladora de grietas es una inversi\u00f3n estrat\u00e9gica que puede mejorar tu negocio de m\u00faltiples maneras.<\/p>\n<h3>\u00bfPor qu\u00e9 elegir BearCat Manufacturing?<\/h3>\n<p>BearCat Manufacturing es un nombre de confianza en el sector <a href=\"https:\/\/bearcatmfg.com\/es\/que-equipo-necesita-para-reparar-carreteras\/\">del mantenimiento de carreteras<\/a>, que ofrece selladoras de grietas que combinan innovaci\u00f3n, durabilidad y facilidad de uso. Nuestro equipo est\u00e1 dise\u00f1ado espec\u00edficamente para afrontar los retos del clima y las condiciones de las carreteras de Iowa. Ofrecemos dos modelos totalmente di\u00e9sel: el<a href=\"https:\/\/bearcatmfg.com\/es\/our-products\/maquina-selladora-de-grietas-engomada-ecs-250\/\"> ECS-250 <\/a>de 250 galones y el <a href=\"https:\/\/bearcatmfg.com\/es\/our-products\/maquina-selladora-de-grietas-de-caucho-ecs-400\/\">ECS-400<\/a> de 400 galones.  <\/p>\n<h3>Caracter\u00edsticas principales de los selladores de grietas BearCat:<\/h3>\n<ul>\n<li><strong>Construcci\u00f3n duradera: <\/strong>fabricada para soportar un uso intensivo y condiciones meteorol\u00f3gicas extremas.<\/li>\n<li><strong>Tecnolog\u00eda avanzada &#8211; <\/strong>Funciones como los controles precisos de temperatura y la aplicaci\u00f3n eficaz del material garantizan un rendimiento \u00f3ptimo.<\/li>\n<li><strong>Facilidad de manejo: <\/strong>los dise\u00f1os f\u00e1ciles de usar hacen que nuestras m\u00e1quinas sean accesibles para equipos de todos los niveles.<\/li>\n<\/ul>\n<h3>\u00bfCu\u00e1ndo debes hacer la inversi\u00f3n?<\/h3>\n<p>La decisi\u00f3n de comprar una nueva selladora de grietas depende de las necesidades y objetivos de tu empresa. Ten en cuenta factores como el volumen de tus proyectos, el estado actual del equipo y tu presupuesto. Si tu vieja m\u00e1quina te est\u00e1 frenando, actualizarla ahora podr\u00eda ahorrarte dinero y dolores de cabeza a largo plazo.  <\/p>\n<div class=\"left-img\"><img loading=\"lazy\" decoding=\"async\" class=\"alignnone\" src=\"https:\/\/bearcatmfg.com\/wp-content\/uploads\/2024\/12\/black-asphalt-with-tar-to-repair-damaged-ground.webp\" alt=\"La atenci\u00f3n oportuna a las grietas salva el asfalto. BearCat Manufacturing fabrica los selladores de grietas en los que conf\u00eda Iowa.\" width=\"500\" height=\"350\" title=\"\"><\/div>\n<h3><strong>\u00bfEst\u00e1s listo para actualizar tu sellador de grietas?<\/strong><\/h3>\n<p>\u00bfListo para dar el siguiente paso? Ponte en contacto con nosotros hoy mismo para obtener m\u00e1s informaci\u00f3n sobre nuestros selladores de grietas, solicitar un presupuesto o programar una demostraci\u00f3n. Deja que BearCat Manufacturing te proporcione las herramientas que necesitas para hacer crecer tu <a href=\"https:\/\/bearcatmfg.com\/es\/equipos-de-mantenimiento-de-carreteras\/\">negocio de mantenimiento de carreteras<\/a> en Iowa. Para obtener los mejores selladores de grietas de Iowa, llama al <a href=\"tel:9286847851\">928-684-7851<\/a>.<\/p>\n","protected":false},"excerpt":{"rendered":"<p>\u00bfHa llegado el momento de comprar un nuevo sellador de grietas? Dirigir una empresa de mantenimiento de carreteras en Iowa significa enfrentarse a las siempre cambiantes condiciones meteorol\u00f3gicas del estado, que pasan factura a las carreteras de asfalto. El sellado de grietas es una parte fundamental del mantenimiento de las carreteras, ya que garantiza su &hellip; <a href=\"https:\/\/bearcatmfg.com\/es\/selladores-de-grietas-iowa\/\" class=\"more-link\">Continue reading <span class=\"screen-reader-text\">Selladores de grietas Iowa<\/span><\/a><\/p>\n","protected":false},"author":1,"featured_media":4061,"parent":0,"menu_order":0,"comment_status":"closed","ping_status":"closed","template":"","meta":{"_acf_changed":false,"footnotes":""},"class_list":["post-4145","page","type-page","status-publish","has-post-thumbnail","hentry"],"acf":[],"_links":{"self":[{"href":"https:\/\/bearcatmfg.com\/es\/wp-json\/wp\/v2\/pages\/4145","targetHints":{"allow":["GET"]}}],"collection":[{"href":"https:\/\/bearcatmfg.com\/es\/wp-json\/wp\/v2\/pages"}],"about":[{"href":"https:\/\/bearcatmfg.com\/es\/wp-json\/wp\/v2\/types\/page"}],"author":[{"embeddable":true,"href":"https:\/\/bearcatmfg.com\/es\/wp-json\/wp\/v2\/users\/1"}],"replies":[{"embeddable":true,"href":"https:\/\/bearcatmfg.com\/es\/wp-json\/wp\/v2\/comments?post=4145"}],"version-history":[{"count":1,"href":"https:\/\/bearcatmfg.com\/es\/wp-json\/wp\/v2\/pages\/4145\/revisions"}],"predecessor-version":[{"id":4299,"href":"https:\/\/bearcatmfg.com\/es\/wp-json\/wp\/v2\/pages\/4145\/revisions\/4299"}],"wp:featuredmedia":[{"embeddable":true,"href":"https:\/\/bearcatmfg.com\/es\/wp-json\/wp\/v2\/media\/4061"}],"wp:attachment":[{"href":"https:\/\/bearcatmfg.com\/es\/wp-json\/wp\/v2\/media?parent=4145"}],"curies":[{"name":"wp","href":"https:\/\/api.w.org\/{rel}","templated":true}]}}