{"id":4148,"date":"2025-01-22T05:16:01","date_gmt":"2025-01-22T05:16:01","guid":{"rendered":"https:\/\/bearcatmfg.com\/equipos-de-asfalto-minnesota\/"},"modified":"2025-01-22T05:16:01","modified_gmt":"2025-01-22T05:16:01","slug":"equipos-de-asfalto-minnesota","status":"publish","type":"page","link":"https:\/\/bearcatmfg.com\/es\/equipos-de-asfalto-minnesota\/","title":{"rendered":"Equipos de asfalto Minnesota"},"content":{"rendered":"<h3>C\u00f3mo elegir la maquinaria de asfalto adecuada para tu proyecto<\/h3>\n<p>Elegir el equipo de asfaltado adecuado es esencial para el \u00e9xito de cualquier proyecto de pavimentaci\u00f3n, tanto si trabajas en una calzada residencial como en un aparcamiento comercial o una autopista a gran escala. La calidad de tus resultados y la eficacia de tu trabajo dependen en gran medida del equipo que utilices. Con una amplia <a href=\"https:\/\/bearcatmfg.com\/chip-seal-equipment-minnesota\/\">variedad de maquinaria de asfalto disponible<\/a>, seleccionar las herramientas adecuadas para tu proyecto puede ser todo un reto. En BearCat Manufacturing, podemos orientarte para que conozcas los factores clave que debes tener en cuenta al elegir la mejor maquinaria de asfalto de Minnesota para tus necesidades.    Ll\u00e1menos al 928-684-7851.<\/p>\n<h3>\u00a1Hablemos de asfalto!<\/h3>\n<p>Hay varios pasos para planificar el equipo de asfaltado que necesitas. Esto es lo que te recomendamos: <\/p>\n<ul>\n<li>En primer lugar, eval\u00faa el tama\u00f1o y el alcance de tu proyecto. Los proyectos m\u00e1s peque\u00f1os, como entradas de veh\u00edculos o peque\u00f1os aparcamientos, pueden requerir s\u00f3lo equipos b\u00e1sicos como rodillos de asfalto y peque\u00f1as extendedoras. En cambio, los proyectos m\u00e1s grandes, como autopistas o urbanizaciones comerciales, suelen requerir una gama completa de equipos pesados, como grandes extendedoras, fresadoras y rodillos de compactaci\u00f3n.  <\/li>\n<li>Piensa si necesitas maquinaria a gran escala o equipos m\u00e1s peque\u00f1os y port\u00e1tiles.<\/li>\n<li>Si tu proyecto implica una repavimentaci\u00f3n o fresado, necesitar\u00e1s fresadoras de asfalto para eliminar la superficie antigua antes de colocar el asfalto nuevo. Si tu proyecto implica la colocaci\u00f3n de asfalto nuevo, las extendedoras de asfalto son esenciales para distribuir la mezcla asf\u00e1ltica uniformemente por la superficie. Adem\u00e1s, para los proyectos que impliquen parches o reparaciones, pueden necesitarse calentadores de asfalto por infrarrojos para recalentar y ablandar el asfalto para reparaciones sin juntas.  <\/li>\n<li>Si trabajas en espacios reducidos o en peque\u00f1as zonas residenciales, los equipos compactos son m\u00e1s pr\u00e1cticos, ya que proporcionan maniobrabilidad y facilidad de uso. Para proyectos m\u00e1s grandes, se necesitar\u00e1n m\u00e1quinas potentes con mayor capacidad para manejar el volumen de asfalto y garantizar un extendido eficaz. Ten en cuenta la potencia y la capacidad operativa de la maquinaria. Por ejemplo, los proyectos de gran envergadura pueden requerir extendedoras con mayor potencia para garantizar un flujo constante de asfalto, mientras que los rodillos con frecuencia variable pueden proporcionar el nivel adecuado de compactaci\u00f3n en funci\u00f3n de las especificaciones del proyecto.   <\/li>\n<\/ul>\n<h3>Nuestros equipos ofrecen durabilidad y fiabilidad<\/h3>\n<p>La durabilidad y la fiabilidad son consideraciones clave a la hora de <a href=\"https:\/\/bearcatmfg.com\/what-are-the-best-brands-for-asphalt-distributors\/\">elegir maquinaria para el asfalto<\/a>. Invertir en maquinaria de alta calidad que pueda soportar un uso intensivo y condiciones duras es esencial. Eso te permite mantener la productividad y evitar costosas aver\u00edas. H\u00e1blanos de nuestros distribuidores de asfalto, esparcidores de gravilla, selladores de grietas y equipos personalizados.   <\/p>\n<div class=\"left-img\"><img loading=\"lazy\" decoding=\"async\" class=\"alignnone\" src=\"https:\/\/bearcatmfg.com\/wp-content\/uploads\/2024\/09\/glass_dist-4.3.2-Copy.webp\" alt=\"Se ve uno de los esparcidores de asfalto de BearCat. BearCat tiene el mejor equipo de asfalto de Minnesota.\" width=\"500\" height=\"350\" title=\"\"><\/div>\n<h3>\u00bfEst\u00e1s listo para asfaltar?<\/h3>\n<p>BearCat Manufacturing es tu socio para asegurarte de que tienes el <a href=\"https:\/\/bearcatmfg.com\/equipment-new-asphalt-contractors-need\/\">equipo adecuado para hacer el trabajo<\/a>. Para comprar la mejor maquinaria de asfalto de Minnesota, llama al <a href=\"tel:9286847851\">928-684-7851<\/a>. <\/p>\n","protected":false},"excerpt":{"rendered":"<p>C\u00f3mo elegir la maquinaria de asfalto adecuada para tu proyecto Elegir el equipo de asfaltado adecuado es esencial para el \u00e9xito de cualquier proyecto de pavimentaci\u00f3n, tanto si trabajas en una calzada residencial como en un aparcamiento comercial o una autopista a gran escala. La calidad de tus resultados y la eficacia de tu trabajo &hellip; <a href=\"https:\/\/bearcatmfg.com\/es\/equipos-de-asfalto-minnesota\/\" class=\"more-link\">Continue reading <span class=\"screen-reader-text\">Equipos de asfalto Minnesota<\/span><\/a><\/p>\n","protected":false},"author":1,"featured_media":1553,"parent":0,"menu_order":0,"comment_status":"closed","ping_status":"closed","template":"","meta":{"_acf_changed":false,"footnotes":""},"class_list":["post-4148","page","type-page","status-publish","has-post-thumbnail","hentry"],"acf":[],"_links":{"self":[{"href":"https:\/\/bearcatmfg.com\/es\/wp-json\/wp\/v2\/pages\/4148","targetHints":{"allow":["GET"]}}],"collection":[{"href":"https:\/\/bearcatmfg.com\/es\/wp-json\/wp\/v2\/pages"}],"about":[{"href":"https:\/\/bearcatmfg.com\/es\/wp-json\/wp\/v2\/types\/page"}],"author":[{"embeddable":true,"href":"https:\/\/bearcatmfg.com\/es\/wp-json\/wp\/v2\/users\/1"}],"replies":[{"embeddable":true,"href":"https:\/\/bearcatmfg.com\/es\/wp-json\/wp\/v2\/comments?post=4148"}],"version-history":[{"count":0,"href":"https:\/\/bearcatmfg.com\/es\/wp-json\/wp\/v2\/pages\/4148\/revisions"}],"wp:featuredmedia":[{"embeddable":true,"href":"https:\/\/bearcatmfg.com\/es\/wp-json\/wp\/v2\/media\/1553"}],"wp:attachment":[{"href":"https:\/\/bearcatmfg.com\/es\/wp-json\/wp\/v2\/media?parent=4148"}],"curies":[{"name":"wp","href":"https:\/\/api.w.org\/{rel}","templated":true}]}}