{"id":4149,"date":"2025-01-22T05:16:02","date_gmt":"2025-01-22T05:16:02","guid":{"rendered":"https:\/\/bearcatmfg.com\/equipos-de-asfalto-iowa\/"},"modified":"2025-01-22T05:16:02","modified_gmt":"2025-01-22T05:16:02","slug":"equipos-de-asfalto-iowa","status":"publish","type":"page","link":"https:\/\/bearcatmfg.com\/es\/equipos-de-asfalto-iowa\/","title":{"rendered":"Equipos de asfalto Iowa"},"content":{"rendered":"<h3>Ventajas de asfaltar sobre hormig\u00f3n viejo<\/h3>\n<p>La pavimentaci\u00f3n con asfalto se ha convertido en una de las opciones m\u00e1s populares para calzadas, aparcamientos y carreteras. Una pregunta habitual a la que se enfrentan los propietarios y administradores de fincas es si deben retirar el hormig\u00f3n viejo antes de colocar asfalto nuevo. La buena noticia es que el asfalto puede colocarse directamente sobre las superficies de hormig\u00f3n existentes, lo que ofrece una serie de ventajas tanto en t\u00e9rminos de coste como de rendimiento.<a href=\"https:\/\/bearcatmfg.com\/asphalt-distributors\/\"> \u00bfBuscas equipos de asfaltado<\/a> en Iowa?    Llame a BearCat Manufacturing al 928-684-7851.<\/p>\n<h3>El asfalto funciona bien sobre el hormig\u00f3n viejo<\/h3>\n<p>Si tienes una zona de hormig\u00f3n viejo y deteriorado, hay muchas razones para a\u00f1adir una capa de asfalto sobre \u00e9l. Algunas de las ventajas son: <\/p>\n<ul>\n<li>Hay un importante ahorro de costes. Retirar el hormig\u00f3n viejo puede ser un proceso largo y costoso. Requiere maquinaria pesada, mano de obra cualificada y una eliminaci\u00f3n adecuada, todo lo cual se suma al coste total de tu proyecto de pavimentaci\u00f3n. Si mantienes el hormig\u00f3n existente en su sitio y colocas asfalto encima, reduces significativamente los gastos de mano de obra y material. En la mayor\u00eda de los casos, s\u00f3lo necesitar\u00e1s una fina capa de asfalto para conseguir un acabado liso y duradero. Esto supone un ahorro sustancial.     <\/li>\n<li>Es mucho m\u00e1s r\u00e1pido. Como no hay que romper ni retirar el hormig\u00f3n viejo, el proceso general de instalaci\u00f3n es mucho m\u00e1s r\u00e1pido. El asfalto puede colocarse directamente sobre el hormig\u00f3n en un periodo de tiempo relativamente corto, minimizando el tiempo de inactividad y reduciendo las molestias a tu propiedad. Para las propiedades comerciales, esto significa menos interrupciones de las operaciones comerciales, mientras que los propietarios de viviendas residenciales pueden disfrutar de una calzada reci\u00e9n pavimentada en menos tiempo. El r\u00e1pido proceso de instalaci\u00f3n hace que las superposiciones de asfalto sean una elecci\u00f3n c\u00f3moda y eficaz.    <\/li>\n<li>Es duradero. El hormig\u00f3n sirve de base fuerte y estable para el asfalto. Cuando se prepara adecuadamente, el hormig\u00f3n viejo proporciona una base s\u00f3lida para la nueva capa de asfalto, garantizando que tu nueva superficie sea duradera y capaz de soportar cargas pesadas. Esto es especialmente importante en aparcamientos o entradas de veh\u00edculos con mucho tr\u00e1fico o que soportan veh\u00edculos grandes. La combinaci\u00f3n de la resistencia del hormig\u00f3n y la flexibilidad del asfalto da como resultado una superficie duradera que puede soportar condiciones meteorol\u00f3gicas cambiantes y un uso intenso.    <\/li>\n<li>El asfalto ofrece excelentes propiedades de drenaje en comparaci\u00f3n con el hormig\u00f3n. Con el tiempo, las superficies de hormig\u00f3n pueden desarrollar grietas o secciones irregulares que provocan estancamientos de agua y problemas de drenaje. Cuando el asfalto se coloca sobre el hormig\u00f3n, proporciona una superficie nueva y lisa que puede inclinarse o coronarse para facilitar una mejor evacuaci\u00f3n del agua. Un drenaje adecuado es esencial para mantener la longevidad de tu pavimento y evitar da\u00f1os por agua.   <\/li>\n<\/ul>\n<h3>Una nueva capa de asfalto tiene un atractivo est\u00e9tico<\/h3>\n<p>El asfalto proporciona un aspecto elegante y moderno que puede mejorar significativamente el atractivo de tu propiedad. Una capa nueva de asfalto puede ocultar las grietas, decoloraci\u00f3n e imperfecciones del hormig\u00f3n viejo, dando a tu entrada o aparcamiento un aspecto limpio y uniforme. Adem\u00e1s, el color oscuro del asfalto contrasta muy bien con el paisaje y los exteriores de los edificios, ofreciendo un acabado est\u00e9ticamente agradable.  <\/p>\n<h3>Podemos ayudarte con el equipo adecuado<\/h3>\n<p>En BearCat, tenemos los <a href=\"https:\/\/bearcatmfg.com\/equipment-new-asphalt-contractors-need\/\">equipos de asfalto<\/a> m\u00e1s <a href=\"https:\/\/bearcatmfg.com\/equipment-new-asphalt-contractors-need\/\">duraderos y fiables<\/a>. Cuando inviertes en nuestra maquinaria de alta calidad, puedes esperar mejores resultados en cada proyecto. H\u00e1blanos de nuestros distribuidores de asfalto, esparcidores de gravilla, selladores de grietas y equipos personalizados.  <\/p>\n<div class=\"left-img\"><img loading=\"lazy\" decoding=\"async\" class=\"alignnone\" src=\"https:\/\/bearcatmfg.com\/wp-content\/uploads\/2024\/09\/IMG_2392-Copy-2-.webp\" alt=\"Se ve uno de los esparcidores de asfalto de BearCat. BearCat Manufacturing tiene la mejor maquinaria para asfalto de Iowa.\" width=\"500\" height=\"350\" title=\"\"><\/div>\n<h3>\u00a1Empecemos a pavimentar!<\/h3>\n<p>BearCat Manufacturing es tu socio para asegurarte de que dispones del equipo adecuado para hacer el trabajo. Para comprar el mejor equipo de asfalto de Iowa, llama al <a href=\"tel:9286847851\">928-684-7851<\/a>. <\/p>\n","protected":false},"excerpt":{"rendered":"<p>Ventajas de asfaltar sobre hormig\u00f3n viejo La pavimentaci\u00f3n con asfalto se ha convertido en una de las opciones m\u00e1s populares para calzadas, aparcamientos y carreteras. Una pregunta habitual a la que se enfrentan los propietarios y administradores de fincas es si deben retirar el hormig\u00f3n viejo antes de colocar asfalto nuevo. La buena noticia es &hellip; <a href=\"https:\/\/bearcatmfg.com\/es\/equipos-de-asfalto-iowa\/\" class=\"more-link\">Continue reading <span class=\"screen-reader-text\">Equipos de asfalto Iowa<\/span><\/a><\/p>\n","protected":false},"author":1,"featured_media":771,"parent":0,"menu_order":0,"comment_status":"closed","ping_status":"closed","template":"","meta":{"_acf_changed":false,"footnotes":""},"class_list":["post-4149","page","type-page","status-publish","has-post-thumbnail","hentry"],"acf":[],"_links":{"self":[{"href":"https:\/\/bearcatmfg.com\/es\/wp-json\/wp\/v2\/pages\/4149","targetHints":{"allow":["GET"]}}],"collection":[{"href":"https:\/\/bearcatmfg.com\/es\/wp-json\/wp\/v2\/pages"}],"about":[{"href":"https:\/\/bearcatmfg.com\/es\/wp-json\/wp\/v2\/types\/page"}],"author":[{"embeddable":true,"href":"https:\/\/bearcatmfg.com\/es\/wp-json\/wp\/v2\/users\/1"}],"replies":[{"embeddable":true,"href":"https:\/\/bearcatmfg.com\/es\/wp-json\/wp\/v2\/comments?post=4149"}],"version-history":[{"count":0,"href":"https:\/\/bearcatmfg.com\/es\/wp-json\/wp\/v2\/pages\/4149\/revisions"}],"wp:featuredmedia":[{"embeddable":true,"href":"https:\/\/bearcatmfg.com\/es\/wp-json\/wp\/v2\/media\/771"}],"wp:attachment":[{"href":"https:\/\/bearcatmfg.com\/es\/wp-json\/wp\/v2\/media?parent=4149"}],"curies":[{"name":"wp","href":"https:\/\/api.w.org\/{rel}","templated":true}]}}