{"id":4150,"date":"2025-01-22T05:16:03","date_gmt":"2025-01-22T05:16:03","guid":{"rendered":"https:\/\/bearcatmfg.com\/equipos-de-asfalto-kansas\/"},"modified":"2025-01-22T05:16:03","modified_gmt":"2025-01-22T05:16:03","slug":"equipos-de-asfalto-kansas","status":"publish","type":"page","link":"https:\/\/bearcatmfg.com\/es\/equipos-de-asfalto-kansas\/","title":{"rendered":"Equipos de asfalto Kansas"},"content":{"rendered":"<h3>\u00bfEst\u00e1s comprando maquinaria para asfalto? Esto es lo que debes saber <\/h3>\n<p>Invertir en maquinaria de asfalto puede ser una decisi\u00f3n importante para las empresas y contratistas que participan en proyectos de construcci\u00f3n, pavimentaci\u00f3n o infraestructuras. La maquinaria adecuada puede mejorar la eficacia, reducir los costes operativos y garantizar resultados de alta calidad. Cuando llamas a BearCat Manufacturing, sabes que vas a obtener el equipo adecuado para hacer el trabajo. Para comprar la mejor maquinaria para asfalto de Kansas, llama al 928-684-7851.   <\/p>\n<h3><strong>Te ayudaremos a entender tus necesidades<\/strong><\/h3>\n<p>Podemos ser un recurso importante a la hora de tomar tus decisiones de compra. \u00bfTrabajas principalmente en peque\u00f1os accesos residenciales, grandes aparcamientos comerciales o carreteras? La escala y el alcance de tus proyectos determinar\u00e1n el tipo de maquinaria que necesitas. Por ejemplo, los proyectos m\u00e1s peque\u00f1os pueden requerir m\u00e1quinas compactas como las miniextendedoras, mientras que la construcci\u00f3n de carreteras a gran escala se beneficiar\u00eda de m\u00e1quinas para trabajos pesados como las extendedoras de tama\u00f1o completo y las fresadoras. Estos son algunos de los tipos de equipo que puedes considerar:    <\/p>\n<ul class=\"col-2\">\n<li><a href=\"https:\/\/bearcatmfg.com\/our-products\/bc-502-asphalt-distributor\/\">Distribuidores de asfalto<\/a><\/li>\n<li><a href=\"https:\/\/bearcatmfg.com\/what-equipment-do-i-need-for-chip-seal-paving\/\">Esparcidores de virutas<\/a><\/li>\n<li><a href=\"https:\/\/bearcatmfg.com\/top-rated-crack-sealers\/\">Selladores de grietas<\/a><\/li>\n<li><a href=\"https:\/\/bearcatmfg.com\/our-products\/cold-in-place-recycling\/\">Reciclaje en fr\u00edo in situ<\/a><\/li>\n<li><a href=\"https:\/\/bearcatmfg.com\/our-products\/roadtec-spray-paver\/\">Adoquines pulverizados<\/a><\/li>\n<\/ul>\n<p>Comprender la funci\u00f3n y las caracter\u00edsticas de estas m\u00e1quinas te ayudar\u00e1 a <a href=\"https:\/\/bearcatmfg.com\/equipment-new-asphalt-contractors-need\/\">determinar qu\u00e9 piezas del equipo de asfalto son necesarias<\/a> para tus proyectos.<\/p>\n<h3>\u00bfBuscas Formaci\u00f3n?<\/h3>\n<p>Nuestra Escuela de Mantenimiento BearCat cubre el funcionamiento, la resoluci\u00f3n de problemas, el mantenimiento y la seguridad de todos nuestros equipos. La escuela cubre nuestros distribuidores m\u00e1s recientes, esparcidores de gravilla, selladores de grietas, RES Roadsavers y, por supuesto, responderemos a preguntas espec\u00edficas sobre cualquier producto Etnyre. Adem\u00e1s, <a href=\"https:\/\/bearcatmfg.com\/training\/\">podemos organizar formaci\u00f3n individualizada para tu equipo<\/a> en tus instalaciones o en las nuestras.  <\/p>\n<h3>\u00bfEst\u00e1s buscando opciones de financiaci\u00f3n?<\/h3>\n<p>Los equipos de asfalto son una inversi\u00f3n importante, por eso disponemos de planes de financiaci\u00f3n flexibles para todas las empresas. Tambi\u00e9n ofrecemos una l\u00ednea completa de arrendamientos y pr\u00e9stamos. Incluso ofrecemos un plan de pago aplazado, que da a tu empresa de 90 a 180 d\u00edas para generar flujos de caja antes de tener que empezar a hacer pagos mensuales.  <\/p>\n<div class=\"left-img\"><img loading=\"lazy\" decoding=\"async\" class=\"alignnone\" src=\"https:\/\/bearcatmfg.com\/wp-content\/uploads\/2024\/09\/dist.3.2.2.2.webp\" alt=\"BearCat Manufacturing tiene a la venta los mejores esparcidores de gravilla de todo Estados Unidos, incluidos los mejores equipos de asfalto de Kansas.\" width=\"500\" height=\"350\" title=\"\"><\/div>\n<h3>\u00a1Estamos aqu\u00ed para todas tus necesidades de asfalto!<\/h3>\n<p>BearCat Manufacturing es tu socio para asegurarte de que tienes el equipo adecuado para hacer el trabajo. Para comprar el mejor equipo de asfalto de Kansas, llama al <a href=\"tel:9286847851\">928-684-7851<\/a>. <\/p>\n","protected":false},"excerpt":{"rendered":"<p>\u00bfEst\u00e1s comprando maquinaria para asfalto? Esto es lo que debes saber Invertir en maquinaria de asfalto puede ser una decisi\u00f3n importante para las empresas y contratistas que participan en proyectos de construcci\u00f3n, pavimentaci\u00f3n o infraestructuras. La maquinaria adecuada puede mejorar la eficacia, reducir los costes operativos y garantizar resultados de alta calidad. Cuando llamas a &hellip; <a href=\"https:\/\/bearcatmfg.com\/es\/equipos-de-asfalto-kansas\/\" class=\"more-link\">Continue reading <span class=\"screen-reader-text\">Equipos de asfalto Kansas<\/span><\/a><\/p>\n","protected":false},"author":1,"featured_media":3766,"parent":0,"menu_order":0,"comment_status":"closed","ping_status":"closed","template":"","meta":{"_acf_changed":false,"footnotes":""},"class_list":["post-4150","page","type-page","status-publish","has-post-thumbnail","hentry"],"acf":[],"_links":{"self":[{"href":"https:\/\/bearcatmfg.com\/es\/wp-json\/wp\/v2\/pages\/4150","targetHints":{"allow":["GET"]}}],"collection":[{"href":"https:\/\/bearcatmfg.com\/es\/wp-json\/wp\/v2\/pages"}],"about":[{"href":"https:\/\/bearcatmfg.com\/es\/wp-json\/wp\/v2\/types\/page"}],"author":[{"embeddable":true,"href":"https:\/\/bearcatmfg.com\/es\/wp-json\/wp\/v2\/users\/1"}],"replies":[{"embeddable":true,"href":"https:\/\/bearcatmfg.com\/es\/wp-json\/wp\/v2\/comments?post=4150"}],"version-history":[{"count":0,"href":"https:\/\/bearcatmfg.com\/es\/wp-json\/wp\/v2\/pages\/4150\/revisions"}],"wp:featuredmedia":[{"embeddable":true,"href":"https:\/\/bearcatmfg.com\/es\/wp-json\/wp\/v2\/media\/3766"}],"wp:attachment":[{"href":"https:\/\/bearcatmfg.com\/es\/wp-json\/wp\/v2\/media?parent=4150"}],"curies":[{"name":"wp","href":"https:\/\/api.w.org\/{rel}","templated":true}]}}