{"id":4158,"date":"2025-01-22T05:19:50","date_gmt":"2025-01-22T05:19:50","guid":{"rendered":"https:\/\/bearcatmfg.com\/los-mejores-esparcidores-de-virutas-illinois\/"},"modified":"2025-01-22T05:19:50","modified_gmt":"2025-01-22T05:19:50","slug":"los-mejores-esparcidores-de-virutas-illinois","status":"publish","type":"page","link":"https:\/\/bearcatmfg.com\/es\/los-mejores-esparcidores-de-virutas-illinois\/","title":{"rendered":"Los mejores esparcidores de virutas Illinois"},"content":{"rendered":"<p>Conf\u00eda en nuestros esparcidores de gravilla para un mantenimiento de carreteras de calidad<\/p>\n<h3>La importancia de los esparcidores de gravilla en el mantenimiento de carreteras<\/h3>\n<p>El mantenimiento de carreteras es un aspecto cr\u00edtico de la gesti\u00f3n de infraestructuras, que garantiza que las carreteras sigan siendo seguras, duraderas y eficaces para el transporte. Entre las diversas t\u00e9cnicas utilizadas en el mantenimiento de carreteras, el sellado de gravilla destaca por su rentabilidad y longevidad. Una pieza crucial del equipo en el proceso de sellado de virutas es el esparcidor de virutas. Para obtener los mejores esparcidores de gravilla de Illinois, llama a BearCat Manufacturing al 928-684-7851   <\/p>\n<h3>\u00bfQu\u00e9 puede hacer un esparcidor de virutas?<\/h3>\n<p>Un esparcidor de gravilla es una <a href=\"https:\/\/bearcatmfg.com\/what-equipment-do-you-need-for-road-repair\/\">m\u00e1quina especializada que se utiliza en la construcci\u00f3n y el mantenimiento de carreteras<\/a> para distribuir uniformemente la gravilla de los \u00e1ridos. Este proceso, conocido como sellado de virutas, suele contribuir a prolongar la vida \u00fatil de las carreteras existentes. Puede mejorar la resistencia al deslizamiento y proporcionar una capa protectora contra los elementos. Los esparcidores de virutas garantizan que los \u00e1ridos se distribuyan uniformemente por la superficie de la carretera, lo que es fundamental para la eficacia y durabilidad del sellado de virutas.   <\/p>\n<h3>\u00bfC\u00f3mo funciona un esparcidor de virutas?<\/h3>\n<p>El <a href=\"https:\/\/bearcatmfg.com\/what-equipment-do-i-need-for-chip-seal-paving\/\">proceso de sellado de gravilla<\/a> suele empezar con la aplicaci\u00f3n de un <a href=\"https:\/\/bearcatmfg.com\/equipment-for-asphalt-repair\/\">ligante asf\u00e1ltico<\/a> l\u00edquido, que act\u00faa como pegamento para mantener las gravilla en su sitio. El esparcidor de virutas sigue al distribuidor de asfalto y extiende una capa de virutas de \u00e1rido sobre el ligante h\u00famedo. La m\u00e1quina utiliza un sistema de cinta transportadora para llevar los \u00e1ridos desde la tolva hasta el mecanismo de esparcimiento. A medida que el esparcidor de gravilla avanza, el \u00e1rido se dispersa sobre la superficie de la carretera, donde un rodillo lo presiona inmediatamente contra el ligante asf\u00e1ltico, creando una fuerte uni\u00f3n. El resultado es una superficie duradera y texturizada que mejora la seguridad vial y prolonga la vida \u00fatil del pavimento.    <\/p>\n<h3>\u00bfCu\u00e1les son las ventajas de los esparcidores de gravilla en el mantenimiento de carreteras?<\/h3>\n<p>El uso de esparcidores de gravilla en el mantenimiento de carreteras ofrece numerosas ventajas, lo que los convierte en una herramienta indispensable para las cuadrillas de mantenimiento de carreteras:<\/p>\n<ul>\n<li><strong>Rentabilidad:<\/strong> El sellado de virutas es una alternativa rentable a m\u00e9todos de repavimentaci\u00f3n m\u00e1s extensos, como los recubrimientos de asfalto. Utilizando un esparcidor de gravilla, los ayuntamientos y las agencias de carreteras pueden mantener las carreteras a una fracci\u00f3n del coste, preservando los presupuestos sin dejar de proporcionar firmes de calidad. <\/li>\n<li><strong>Mayor durabilidad:<\/strong> Los esparcidores de gravilla garantizan una distribuci\u00f3n uniforme del \u00e1rido, crucial para la durabilidad del sellado de gravilla. Una capa uniforme de \u00e1rido proporciona una superficie protectora uniforme que puede soportar el tr\u00e1fico y las condiciones meteorol\u00f3gicas, prolongando la vida de la calzada. <\/li>\n<li><strong>Mayor seguridad:<\/strong> La textura rugosa creada por las virutas de \u00e1rido mejora la resistencia al derrape, reduciendo la probabilidad de accidentes, especialmente en condiciones h\u00famedas o heladas. Esta mejora de la tracci\u00f3n es un importante beneficio para la seguridad, tanto de los conductores como de los peatones. <\/li>\n<li><strong>Versatilidad:<\/strong> Los esparcidores de virutas funcionan bien en varios tipos de carreteras, desde autopistas a caminos rurales, lo que los convierte en herramientas vers\u00e1tiles para el mantenimiento de carreteras.<\/li>\n<li><strong>Aplicaci\u00f3n r\u00e1pida:<\/strong> El sellado de gravilla con un esparcidor de gravilla es un proceso relativamente r\u00e1pido en comparaci\u00f3n con otros m\u00e9todos de mantenimiento de carreteras. Normalmente puedes reabrir las carreteras al tr\u00e1fico en cuesti\u00f3n de horas, minimizando las molestias a los conductores y reduciendo el tiempo de inactividad asociado a las reparaciones de carreteras. <\/li>\n<\/ul>\n<h3>\u00bfQu\u00e9 opciones hay?<\/h3>\n<p>BearCat ofrece dos opciones principales:<\/p>\n<ul>\n<li><strong>La Astilladora T\u00e1ndem 20\u2032: <\/strong>La Astilladora T\u00e1ndem 20\u2032 es mejor, m\u00e1s r\u00e1pida y m\u00e1s fuerte. \u00a1Esta m\u00e1quina te da una extensi\u00f3n de 10\u2032 &#8211; 20\u2032 sobre la marcha! Caracter\u00edsticas como los controles de velocidad computarizados, las correas de alta capacidad, etc., vienen de serie con este popular modelo de esparcidor de virutas.<\/li>\n<li><strong>Astilladora Stealth 16\u2032 en t\u00e1ndem:<\/strong> Este modelo de esparcidor de virutas es algo m\u00e1s peque\u00f1o pero igual de eficaz y te permite transportarlo sin permiso. Sus caracter\u00edsticas est\u00e1ndar incluyen una tolva trasera plegable, control de velocidad computarizado, cintas de alta capacidad, etc.<\/li>\n<\/ul>\n<div class=\"left-img\"><img loading=\"lazy\" decoding=\"async\" class=\"alignnone\" src=\"https:\/\/bearcatmfg.com\/wp-content\/uploads\/2024\/08\/best-chip-spreaders-illinois-seo-66bf0f606c497.webp\" alt=\"Exposici\u00f3n de un esparcidor de virutas. BearCat Manufacturing fabrica los mejores esparcidores de virutas.\" width=\"500\" height=\"350\" title=\"\"><\/div>\n<h3>\u00a1Mantengamos juntos algunas carreteras!<\/h3>\n<p>\u00bfBuscas las mejores esparcidoras de gravilla de Illinois? Proporcionamos equipos industriales de mantenimiento de carreteras para contratistas de asfalto en Illinois, Arizona, Tennessee, Texas y en todo Estados Unidos. Llama hoy a BearCat al <a href=\"tel:9286847851\">928-684-7851<\/a>.  <\/p>\n","protected":false},"excerpt":{"rendered":"<p>Conf\u00eda en nuestros esparcidores de gravilla para un mantenimiento de carreteras de calidad La importancia de los esparcidores de gravilla en el mantenimiento de carreteras El mantenimiento de carreteras es un aspecto cr\u00edtico de la gesti\u00f3n de infraestructuras, que garantiza que las carreteras sigan siendo seguras, duraderas y eficaces para el transporte. Entre las diversas &hellip; <a href=\"https:\/\/bearcatmfg.com\/es\/los-mejores-esparcidores-de-virutas-illinois\/\" class=\"more-link\">Continue reading <span class=\"screen-reader-text\">Los mejores esparcidores de virutas Illinois<\/span><\/a><\/p>\n","protected":false},"author":1,"featured_media":3789,"parent":0,"menu_order":0,"comment_status":"closed","ping_status":"closed","template":"","meta":{"_acf_changed":false,"footnotes":""},"class_list":["post-4158","page","type-page","status-publish","has-post-thumbnail","hentry"],"acf":[],"_links":{"self":[{"href":"https:\/\/bearcatmfg.com\/es\/wp-json\/wp\/v2\/pages\/4158","targetHints":{"allow":["GET"]}}],"collection":[{"href":"https:\/\/bearcatmfg.com\/es\/wp-json\/wp\/v2\/pages"}],"about":[{"href":"https:\/\/bearcatmfg.com\/es\/wp-json\/wp\/v2\/types\/page"}],"author":[{"embeddable":true,"href":"https:\/\/bearcatmfg.com\/es\/wp-json\/wp\/v2\/users\/1"}],"replies":[{"embeddable":true,"href":"https:\/\/bearcatmfg.com\/es\/wp-json\/wp\/v2\/comments?post=4158"}],"version-history":[{"count":0,"href":"https:\/\/bearcatmfg.com\/es\/wp-json\/wp\/v2\/pages\/4158\/revisions"}],"wp:featuredmedia":[{"embeddable":true,"href":"https:\/\/bearcatmfg.com\/es\/wp-json\/wp\/v2\/media\/3789"}],"wp:attachment":[{"href":"https:\/\/bearcatmfg.com\/es\/wp-json\/wp\/v2\/media?parent=4158"}],"curies":[{"name":"wp","href":"https:\/\/api.w.org\/{rel}","templated":true}]}}