{"id":4161,"date":"2025-01-22T05:21:49","date_gmt":"2025-01-22T05:21:49","guid":{"rendered":"https:\/\/bearcatmfg.com\/equipo-de-asfaltado-kansas\/"},"modified":"2025-01-22T05:21:49","modified_gmt":"2025-01-22T05:21:49","slug":"equipo-de-asfaltado-kansas","status":"publish","type":"page","link":"https:\/\/bearcatmfg.com\/es\/equipo-de-asfaltado-kansas\/","title":{"rendered":"Equipo de asfaltado Kansas"},"content":{"rendered":"<h3>Ayudamos a mantener en buen estado los pavimentos de Kansas<\/h3>\n<p>El sellado de virutas es un tratamiento de la superficie de la carretera que combina <a href=\"https:\/\/bearcatmfg.com\/equipment-new-asphalt-contractors-need\/\">asfalto<\/a> y \u00e1ridos (peque\u00f1as piedras o virutas) para crear una superficie duradera y resistente a la intemperie. Se utiliza desde hace d\u00e9cadas en la <a href=\"https:\/\/bearcatmfg.com\/what-equipment-do-you-need-for-road-repair\/\">construcci\u00f3n<\/a> y el mantenimiento de <a href=\"https:\/\/bearcatmfg.com\/what-equipment-do-you-need-for-road-repair\/\">carreteras<\/a>. El asfaltado es especialmente adecuado para las zonas rurales. Esta opci\u00f3n ofrece rentabilidad y rendimiento. Si buscas una soluci\u00f3n para el firme de las carreteras que sea econ\u00f3mica y duradera, el asfaltado es la opci\u00f3n perfecta, y si quieres la maquinaria para asfaltado en la que conf\u00eda Kansas, recurre a BearCat Manufacturing.     Llama al <a href=\"tel:928684785\">928-684-7851<\/a>.<\/p>\n<h3>El asfaltado ofrece muchas ventajas<\/h3>\n<p>Una de las mayores ventajas del sellado de virutas es su asequibilidad. Comparado con las superficies tradicionales de asfalto u hormig\u00f3n, el asfaltado requiere menos material y su aplicaci\u00f3n es menos costosa. El menor coste no significa que se sacrifique la calidad: el asfaltado proporciona una durabilidad y un rendimiento excelentes por una fracci\u00f3n del coste de otros m\u00e9todos de pavimentaci\u00f3n. Para los ayuntamientos y contratistas que buscan estirar sus presupuestos, el sellado de virutas es una opci\u00f3n ideal. Otras ventajas son:    <\/p>\n<ul>\n<li>Las superficies asfaltadas ofrecen una tracci\u00f3n mejorada en comparaci\u00f3n con el asfalto o el hormig\u00f3n tradicionales. La textura rugosa creada por la capa de \u00e1ridos proporciona un mejor agarre a los neum\u00e1ticos, reduciendo el riesgo de derrape en condiciones de humedad o hielo. La tracci\u00f3n mejorada de las superficies de aglomerado mejora el control del veh\u00edculo y la seguridad general de la carretera, por lo que es una soluci\u00f3n pr\u00e1ctica para zonas propensas a condiciones meteorol\u00f3gicas adversas.  <\/li>\n<li>El asfalto asf\u00e1ltico proporciona una durabilidad excelente, protegiendo las carreteras del desgaste causado por el tiempo, el tr\u00e1fico y otros factores. La combinaci\u00f3n de asfalto y \u00e1ridos forma una superficie fuerte y resistente a la intemperie, capaz de soportar cargas pesadas y condiciones duras. Adem\u00e1s, el sellado de virutas sirve como capa protectora que impide la penetraci\u00f3n del agua, que es una de las principales causas del deterioro de las carreteras. Si se mantiene adecuadamente, el sellado de virutas puede prolongar la vida de una carretera varios a\u00f1os. Esto retrasa la necesidad de costosos proyectos de repavimentaci\u00f3n o reconstrucci\u00f3n.    <\/li>\n<li>El asfaltado es m\u00e1s r\u00e1pido de aplicar que los m\u00e9todos tradicionales de pavimentaci\u00f3n, lo que significa menos tiempo de cierre de la carretera y una interrupci\u00f3n m\u00ednima del tr\u00e1fico. El proceso consiste en rociar una capa de emulsi\u00f3n asf\u00e1ltica caliente sobre la calzada. Despu\u00e9s viene una capa de \u00e1rido, que se presiona con un rodillo. Una vez curada la superficie, est\u00e1 lista para su uso. La aplicaci\u00f3n del sellado asf\u00e1ltico es relativamente r\u00e1pida. Por eso reduce el tiempo de inactividad y las molestias tanto para los residentes como para los usuarios de la carretera, lo que la convierte en una soluci\u00f3n pr\u00e1ctica para los proyectos de mantenimiento de carreteras.     <\/li>\n<\/ul>\n<h3>El asfaltado es respetuoso con el medio ambiente<\/h3>\n<p>El asfaltado se considera un tratamiento ecol\u00f3gico del firme por varias razones. En primer lugar, utiliza menos materias primas que los m\u00e9todos tradicionales de pavimentaci\u00f3n, lo que reduce el consumo de recursos. En segundo lugar, puede aplicarse sobre superficies de carreteras existentes, reduciendo la necesidad de retirar y eliminar el asfalto viejo. Esto hace que el sellado de virutas sea una opci\u00f3n m\u00e1s ecol\u00f3gica para los proyectos de mantenimiento y construcci\u00f3n de carreteras.   <\/p>\n<div class=\"left-img\"><img loading=\"lazy\" decoding=\"async\" class=\"alignnone\" src=\"https:\/\/bearcatmfg.com\/wp-content\/uploads\/2024\/10\/Chip-Seal-Equipment-Kansas-seo.webp\" alt=\"Se ve un equipo de asfaltado. BearCat Manufacturing vende equipos de asfaltado en Kansas.\" width=\"500\" height=\"350\" title=\"\"><\/div>\n<h3>\u00a1Nos aseguraremos de que tengas lo que necesitas!<\/h3>\n<p>Tanto si est\u00e1s mejorando carreteras viejas como manteniendo las nuevas, disponer del equipo de sellado de virutas adecuado garantizar\u00e1 que el firme de tus carreteras sea duradero, seguro y duradero. Conf\u00eda en BearCat Manufacturing para asegurarte de que tienes el equipo adecuado para hacer el trabajo. Para comprar el mejor equipo de asfaltado de Kansas, llama <a href=\"\">al 928-684-7851<\/a>.  <\/p>\n","protected":false},"excerpt":{"rendered":"<p>Ayudamos a mantener en buen estado los pavimentos de Kansas El sellado de virutas es un tratamiento de la superficie de la carretera que combina asfalto y \u00e1ridos (peque\u00f1as piedras o virutas) para crear una superficie duradera y resistente a la intemperie. Se utiliza desde hace d\u00e9cadas en la construcci\u00f3n y el mantenimiento de carreteras. &hellip; <a href=\"https:\/\/bearcatmfg.com\/es\/equipo-de-asfaltado-kansas\/\" class=\"more-link\">Continue reading <span class=\"screen-reader-text\">Equipo de asfaltado Kansas<\/span><\/a><\/p>\n","protected":false},"author":1,"featured_media":3902,"parent":0,"menu_order":0,"comment_status":"closed","ping_status":"closed","template":"","meta":{"_acf_changed":false,"footnotes":""},"class_list":["post-4161","page","type-page","status-publish","has-post-thumbnail","hentry"],"acf":[],"_links":{"self":[{"href":"https:\/\/bearcatmfg.com\/es\/wp-json\/wp\/v2\/pages\/4161","targetHints":{"allow":["GET"]}}],"collection":[{"href":"https:\/\/bearcatmfg.com\/es\/wp-json\/wp\/v2\/pages"}],"about":[{"href":"https:\/\/bearcatmfg.com\/es\/wp-json\/wp\/v2\/types\/page"}],"author":[{"embeddable":true,"href":"https:\/\/bearcatmfg.com\/es\/wp-json\/wp\/v2\/users\/1"}],"replies":[{"embeddable":true,"href":"https:\/\/bearcatmfg.com\/es\/wp-json\/wp\/v2\/comments?post=4161"}],"version-history":[{"count":0,"href":"https:\/\/bearcatmfg.com\/es\/wp-json\/wp\/v2\/pages\/4161\/revisions"}],"wp:featuredmedia":[{"embeddable":true,"href":"https:\/\/bearcatmfg.com\/es\/wp-json\/wp\/v2\/media\/3902"}],"wp:attachment":[{"href":"https:\/\/bearcatmfg.com\/es\/wp-json\/wp\/v2\/media?parent=4161"}],"curies":[{"name":"wp","href":"https:\/\/api.w.org\/{rel}","templated":true}]}}