{"id":4307,"date":"2025-03-07T06:14:26","date_gmt":"2025-03-07T06:14:26","guid":{"rendered":"https:\/\/bearcatmfg.com\/equipos-de-asfalto-rhode-island\/"},"modified":"2025-03-10T01:33:26","modified_gmt":"2025-03-10T01:33:26","slug":"equipos-de-asfalto-rhode-island","status":"publish","type":"page","link":"https:\/\/bearcatmfg.com\/es\/equipos-de-asfalto-rhode-island\/","title":{"rendered":"Equipos de asfalto Rhode Island"},"content":{"rendered":"<h3>Consigue el mejor equipo de mantenimiento del asfalto de BearCat<\/h3>\n<p>Cuando trabajas en la industria de la carretera y el asfalto, es crucial trabajar con el mejor equipo. Te garantiza completar los proyectos a tiempo y dentro del presupuesto. En <a href=\"https:\/\/bearcatmfg.com\/es\/sobre-nosotros\/\">BearCat Manufacturing<\/a> fabricamos equipos de la m\u00e1xima calidad dise\u00f1ados para mantener las carreteras con eficacia. Tanto si realizas proyectos de carreteras a gran escala como mantenimiento de carreteras locales, BearCat ofrece <a href=\"https:\/\/bearcatmfg.com\/es\/que-equipo-necesita-para-reparar-carreteras\/\">equipos<\/a> especializados para satisfacer tus necesidades. Todo para garantizar que las carreteras se mantengan en condiciones \u00f3ptimas. Y cuando necesites el mejor equipo de asfalto para las carreteras de Rhode Island, BearCat es el nombre que debes elegir.     <\/p>\n<h3>Por qu\u00e9 elegir BearCat<\/h3>\n<p>BearCat Manufacturing ofrece una amplia gama de equipos de mantenimiento del asfalto, cada uno de ellos dise\u00f1ado pensando en la durabilidad, el rendimiento y la fiabilidad. En concreto, ofrecemos lo siguiente para tus necesidades de asfalto. <\/p>\n<ul>\n<li><strong>Distribuidores de asfalto &#8211; <\/strong>Nuestros distribuidores, como el <a href=\"https:\/\/bearcatmfg.com\/es\/our-products\/distribuidor-de-asfalto-bc-502\/\">Distribuidor de Asfalto BC-502<\/a>, est\u00e1n dise\u00f1ados para ofrecer precisi\u00f3n y eficacia en la pulverizaci\u00f3n de asfalto l\u00edquido. Conocido como \u00abla leyenda\u00bb del sector, el BC-502 garantiza una aplicaci\u00f3n uniforme, esencial para la pavimentaci\u00f3n y construcci\u00f3n de carreteras de calidad. <\/li>\n<li><strong>Esparcidoras de gravilla &#8211; <\/strong>Nuestras esparcidoras de gravilla, incluidas la <a href=\"https:\/\/bearcatmfg.com\/es\/our-products\/astilladora-tandem-de-20\/\">Super 20&#8242; Tandem Chipper<\/a> y la <a href=\"https:\/\/bearcatmfg.com\/es\/our-products\/astilladora-stealth-16-tandem\/\">Stealth 16&#8242; Tandem Chipper<\/a>, proporcionan soluciones r\u00e1pidas y eficientes para aplicar gravilla a los firmes de las carreteras. Caracter\u00edsticas como los controles de velocidad informatizados, las cintas de alta capacidad y las tolvas de esparcido ajustables permiten un control preciso del tama\u00f1o y la distribuci\u00f3n de la viruta, mejorando la productividad en proyectos de diversos tama\u00f1os. <\/li>\n<li>Selladoras de grietas <strong>&#8211; <\/strong>Las selladoras de grietas BearCat, como las m\u00e1quinas selladoras de grietas engomadas <a href=\"https:\/\/bearcatmfg.com\/es\/our-products\/maquina-selladora-de-grietas-engomada-ecs-250\/\">ECS-250<\/a> y <a href=\"https:\/\/bearcatmfg.com\/es\/our-products\/maquina-selladora-de-grietas-de-caucho-ecs-400\/\">ECS-400<\/a>, est\u00e1n dise\u00f1adas para rellenar eficazmente las grietas de las calzadas. Al tratar estas imperfecciones con prontitud, nuestras selladoras ayudan a reducir los costes de mantenimiento, prolongan la vida \u00fatil de los pavimentos y mejoran la seguridad vial. <\/li>\n<li><strong>Equipos a medida &#8211; <\/strong>Tambi\u00e9n ofrecemos equipos a medida, como la <a href=\"https:\/\/bearcatmfg.com\/es\/our-products\/pavimentadora-por-pulverizacion-sp-200-roadtec\/\">extendedora de rociado SP-200 Roadtec<\/a>, que combina la aplicaci\u00f3n de asfalto l\u00edquido y \u00e1ridos en una sola pasada, agilizando el proceso de sellado de virutas y mejorando la eficacia.<\/li>\n<\/ul>\n<p>Te mereces el mejor equipo de asfaltado para que las carreteras de Rhode Island sigan siendo seguras y fiables. Y el mejor equipo es BearCat. <\/p>\n<h3>Acerca de BearCat<\/h3>\n<p>Fundada en 1969 por Ken Hill y Don Carson, la rica historia de BearCat Manufacturing tiene sus ra\u00edces en la innovaci\u00f3n. Desde la modificaci\u00f3n de camiones para funciones controladas desde la cabina hasta el dise\u00f1o de nuestra propia barra de pulverizaci\u00f3n con v\u00e1lvulas de pulverizaci\u00f3n de obturador y aletas de ruptura, nuestro legado se basa en avances pioneros en la industria del asfalto. Este esp\u00edritu de ingenio sigue impuls\u00e1ndonos hoy en d\u00eda. Por ello, seguimos dedicados a proporcionar soluciones a medida que satisfagan las necesidades cambiantes de nuestros clientes.   <\/p>\n<div class=\"left-img\"><img loading=\"lazy\" decoding=\"async\" class=\"alignnone\" src=\"https:\/\/bearcatmfg.com\/wp-content\/uploads\/2025\/03\/road-construction-aerial-view.webp\" alt=\"BearCat MFG construye los mejores equipos de asfalto para las carreteras de Rhode Island\" width=\"500\" height=\"350\" title=\"\"><\/div>\n<h3>Contacte con BearCat hoy mismo<\/h3>\n<p>Con sede en Wickenburg, AZ, BearCat Manufacturing atiende con orgullo a clientes de todo Estados Unidos. Para saber m\u00e1s sobre nuestra oferta de equipos y descubrir c\u00f3mo podemos suministrarte los mejores equipos de asfalto en Rhode Island, <a href=\"https:\/\/bearcatmfg.com\/es\/contactenos\/\">ponte en contacto con nosotros<\/a> en el <a href=\"tel:9286847851\">928-684-7851<\/a>. Nuestro equipo est\u00e1 preparado para ayudarte a seleccionar lo que mejor se adapte a tus necesidades.  <\/p>\n","protected":false},"excerpt":{"rendered":"<p>Consigue el mejor equipo de mantenimiento del asfalto de BearCat Cuando trabajas en la industria de la carretera y el asfalto, es crucial trabajar con el mejor equipo. Te garantiza completar los proyectos a tiempo y dentro del presupuesto. En BearCat Manufacturing fabricamos equipos de la m\u00e1xima calidad dise\u00f1ados para mantener las carreteras con eficacia. &hellip; <a href=\"https:\/\/bearcatmfg.com\/es\/equipos-de-asfalto-rhode-island\/\" class=\"more-link\">Continue reading <span class=\"screen-reader-text\">Equipos de asfalto Rhode Island<\/span><\/a><\/p>\n","protected":false},"author":1,"featured_media":4303,"parent":0,"menu_order":0,"comment_status":"closed","ping_status":"closed","template":"","meta":{"_acf_changed":false,"footnotes":""},"class_list":["post-4307","page","type-page","status-publish","has-post-thumbnail","hentry"],"acf":[],"_links":{"self":[{"href":"https:\/\/bearcatmfg.com\/es\/wp-json\/wp\/v2\/pages\/4307","targetHints":{"allow":["GET"]}}],"collection":[{"href":"https:\/\/bearcatmfg.com\/es\/wp-json\/wp\/v2\/pages"}],"about":[{"href":"https:\/\/bearcatmfg.com\/es\/wp-json\/wp\/v2\/types\/page"}],"author":[{"embeddable":true,"href":"https:\/\/bearcatmfg.com\/es\/wp-json\/wp\/v2\/users\/1"}],"replies":[{"embeddable":true,"href":"https:\/\/bearcatmfg.com\/es\/wp-json\/wp\/v2\/comments?post=4307"}],"version-history":[{"count":2,"href":"https:\/\/bearcatmfg.com\/es\/wp-json\/wp\/v2\/pages\/4307\/revisions"}],"predecessor-version":[{"id":4319,"href":"https:\/\/bearcatmfg.com\/es\/wp-json\/wp\/v2\/pages\/4307\/revisions\/4319"}],"wp:featuredmedia":[{"embeddable":true,"href":"https:\/\/bearcatmfg.com\/es\/wp-json\/wp\/v2\/media\/4303"}],"wp:attachment":[{"href":"https:\/\/bearcatmfg.com\/es\/wp-json\/wp\/v2\/media?parent=4307"}],"curies":[{"name":"wp","href":"https:\/\/api.w.org\/{rel}","templated":true}]}}