{"id":4314,"date":"2025-03-07T06:22:40","date_gmt":"2025-03-07T06:22:40","guid":{"rendered":"https:\/\/bearcatmfg.com\/equipos-de-asfalto-california\/"},"modified":"2025-04-07T07:15:15","modified_gmt":"2025-04-07T07:15:15","slug":"equipos-de-asfalto-california","status":"publish","type":"page","link":"https:\/\/bearcatmfg.com\/es\/equipos-de-asfalto-california\/","title":{"rendered":"Equipos de asfalto California"},"content":{"rendered":"<h3>El mejor equipo de sellado de virutas para el mantenimiento del asfalto<\/h3>\n<p>El sector de las carreteras y el asfalto depende de equipos de alta calidad para completar los proyectos de forma eficaz y rentable. Y \u00e9se es precisamente el motivo por el que <a href=\"https:\/\/bearcatmfg.com\/es\/sobre-nosotros\/\">BearCat Manufacturing<\/a> construye equipos de primer nivel. Los productos BearCat est\u00e1n dise\u00f1ados para ayudarte a mantener las carreteras con precisi\u00f3n y fiabilidad. Tanto si gestionas proyectos de carreteras a gran escala como el mantenimiento de carreteras locales, BearCat proporciona <a href=\"https:\/\/bearcatmfg.com\/es\/que-equipo-necesita-para-reparar-carreteras\/\">equipos<\/a> especializados para mantener las carreteras en condiciones \u00f3ptimas. Cuando se trata de elegir el mejor equipo de asfalto para las carreteras de California, BearCat es el nombre en el que confiar.    <\/p>\n<h3>Qu\u00e9 ofrece BearCat<\/h3>\n<p>Tanto si trabajas en proyectos grandes como peque\u00f1os, la variada gama de equipos de mantenimiento del asfalto de BearCat Manufacturing te proporciona las herramientas que necesitas para hacer bien el trabajo. Cada equipo est\u00e1 dise\u00f1ado para ofrecer durabilidad, alto rendimiento y fiabilidad. Nuestra gama incluye:  <\/p>\n<ul>\n<li><strong>Distribuidores de asfalto &#8211; <\/strong>Nuestro <a href=\"https:\/\/bearcatmfg.com\/es\/our-products\/distribuidor-de-asfalto-bc-502\/\">distribuidor de asfalto BC-502<\/a> es una leyenda del sector, conocido por su precisi\u00f3n y eficacia en la pulverizaci\u00f3n de asfalto l\u00edquido. Con una aplicaci\u00f3n uniforme y funciones de control avanzadas, garantiza la pavimentaci\u00f3n y construcci\u00f3n de carreteras de alta calidad. <\/li>\n<li><strong>Esparcidoras de virutas &#8211; <\/strong>Nuestras esparcidoras <a href=\"https:\/\/bearcatmfg.com\/es\/our-products\/astilladora-tandem-de-20\/\">Super 20&#8242; en t\u00e1ndem<\/a> y <a href=\"https:\/\/bearcatmfg.com\/es\/our-products\/astilladora-stealth-16-tandem\/\">Stealth 16&#8242; en t\u00e1ndem<\/a> proporcionan soluciones r\u00e1pidas y eficaces para aplicar virutas de \u00e1ridos a los firmes de las carreteras. Equipadas con controles de velocidad informatizados, cintas de alta capacidad y tolvas de esparcido ajustables, estas m\u00e1quinas ofrecen un control preciso sobre el tama\u00f1o y la distribuci\u00f3n de las virutas, mejorando la productividad general. <\/li>\n<li>Selladoras de grietas <strong>&#8211; <\/strong>Las selladoras de grietas BearCat, incluidas las m\u00e1quinas selladoras de grietas engomadas <a href=\"https:\/\/bearcatmfg.com\/es\/our-products\/maquina-selladora-de-grietas-engomada-ecs-250\/\">ECS-250<\/a> y <a href=\"https:\/\/bearcatmfg.com\/es\/our-products\/maquina-selladora-de-grietas-de-caucho-ecs-400\/\">ECS-400<\/a>, rellenan eficazmente las grietas de las calzadas. Solucionar r\u00e1pidamente estas imperfecciones ayuda a reducir los costes de mantenimiento, alargar la vida del pavimento y mejorar la seguridad vial. <\/li>\n<li><strong>Equipos a medida &#8211; <\/strong>Tambi\u00e9n ofrecemos soluciones a medida, como la <a href=\"https:\/\/bearcatmfg.com\/es\/our-products\/pavimentadora-por-pulverizacion-sp-200-roadtec\/\">extendedora de rociado SP-200 Roadtec<\/a>, que agiliza el proceso de sellado de virutas combinando la aplicaci\u00f3n de asfalto l\u00edquido y \u00e1ridos en una sola pasada, lo que aumenta la eficacia y reduce el tiempo del proyecto.<\/li>\n<\/ul>\n<p>Para las exigentes condiciones de las carreteras de California, necesitas equipos de asfalto que ofrezcan un rendimiento y una fiabilidad superiores. BearCat proporciona los mejores equipos de asfalto para las carreteras de California, manteniendo las carreteras seguras y duraderas. <\/p>\n<h3>Acerca de BearCat<\/h3>\n<p>Fundada en 1969 por Ken Hill y Don Carson, BearCat Manufacturing tiene una larga historia de innovaci\u00f3n en la industria del asfalto. Desde ser pioneros en las funciones controladas por cabina en los camiones hasta dise\u00f1ar nuestra caracter\u00edstica barra de pulverizaci\u00f3n con v\u00e1lvulas de pulverizaci\u00f3n de asiento y aletas de ruptura, nuestra empresa ha estado a la vanguardia de las soluciones de vanguardia para el asfalto. Nuestro compromiso con la innovaci\u00f3n contin\u00faa hoy, ya que desarrollamos soluciones a medida que se adaptan a las necesidades cambiantes de nuestros clientes.  <\/p>\n<div class=\"left-img\"><img loading=\"lazy\" decoding=\"async\" class=\"alignnone\" src=\"https:\/\/bearcatmfg.com\/wp-content\/uploads\/2025\/03\/asphalt-paving-stock-photo.webp\" alt=\"BearCat MFG fabrica los mejores equipos de asfalto para las carreteras de California\" width=\"500\" height=\"350\" title=\"\"><\/div>\n<h3>Contacte con BearCat hoy mismo<\/h3>\n<p>Con sede en Wickenburg, AZ, BearCat Manufacturing atiende con orgullo a clientes de todo Estados Unidos. Si buscas el mejor equipo de asfalto para las carreteras de California, <a href=\"https:\/\/bearcatmfg.com\/es\/contactenos\/\">ponte en contacto con nosotros<\/a> en el <a href=\"tel:9286847851\">928-684-7851<\/a>. Nuestro equipo est\u00e1 preparado para ayudarte a encontrar el equipo perfecto para tus necesidades.  <\/p>\n","protected":false},"excerpt":{"rendered":"<p>El mejor equipo de sellado de virutas para el mantenimiento del asfalto El sector de las carreteras y el asfalto depende de equipos de alta calidad para completar los proyectos de forma eficaz y rentable. Y \u00e9se es precisamente el motivo por el que BearCat Manufacturing construye equipos de primer nivel. Los productos BearCat est\u00e1n &hellip; <a href=\"https:\/\/bearcatmfg.com\/es\/equipos-de-asfalto-california\/\" class=\"more-link\">Continue reading <span class=\"screen-reader-text\">Equipos de asfalto California<\/span><\/a><\/p>\n","protected":false},"author":1,"featured_media":3862,"parent":0,"menu_order":0,"comment_status":"closed","ping_status":"closed","template":"","meta":{"_acf_changed":false,"footnotes":""},"class_list":["post-4314","page","type-page","status-publish","has-post-thumbnail","hentry"],"acf":[],"_links":{"self":[{"href":"https:\/\/bearcatmfg.com\/es\/wp-json\/wp\/v2\/pages\/4314","targetHints":{"allow":["GET"]}}],"collection":[{"href":"https:\/\/bearcatmfg.com\/es\/wp-json\/wp\/v2\/pages"}],"about":[{"href":"https:\/\/bearcatmfg.com\/es\/wp-json\/wp\/v2\/types\/page"}],"author":[{"embeddable":true,"href":"https:\/\/bearcatmfg.com\/es\/wp-json\/wp\/v2\/users\/1"}],"replies":[{"embeddable":true,"href":"https:\/\/bearcatmfg.com\/es\/wp-json\/wp\/v2\/comments?post=4314"}],"version-history":[{"count":2,"href":"https:\/\/bearcatmfg.com\/es\/wp-json\/wp\/v2\/pages\/4314\/revisions"}],"predecessor-version":[{"id":4327,"href":"https:\/\/bearcatmfg.com\/es\/wp-json\/wp\/v2\/pages\/4314\/revisions\/4327"}],"wp:featuredmedia":[{"embeddable":true,"href":"https:\/\/bearcatmfg.com\/es\/wp-json\/wp\/v2\/media\/3862"}],"wp:attachment":[{"href":"https:\/\/bearcatmfg.com\/es\/wp-json\/wp\/v2\/media?parent=4314"}],"curies":[{"name":"wp","href":"https:\/\/api.w.org\/{rel}","templated":true}]}}