{"id":4332,"date":"2025-04-07T07:25:49","date_gmt":"2025-04-07T07:25:49","guid":{"rendered":"https:\/\/bearcatmfg.com\/equipos-de-reparacion-de-asfalto-iowa\/"},"modified":"2025-04-27T23:07:34","modified_gmt":"2025-04-27T23:07:34","slug":"equipos-de-reparacion-de-asfalto-iowa","status":"publish","type":"page","link":"https:\/\/bearcatmfg.com\/es\/equipos-de-reparacion-de-asfalto-iowa\/","title":{"rendered":"Equipos de reparaci\u00f3n de asfalto Iowa"},"content":{"rendered":"<h3>Consigue equipos fiables de mantenimiento del asfalto de BearCat Manufacturing<\/h3>\n<p>Cuando est\u00e1s en el negocio de las carreteras y el asfalto, el equipo adecuado marca la diferencia. En <a href=\"https:\/\/bearcatmfg.com\/es\/sobre-nosotros\/\">BearCat Manufacturing<\/a>, dise\u00f1amos y construimos m\u00e1quinas de mantenimiento del asfalto de la m\u00e1xima calidad que te garantizan un trabajo bien hecho, a tiempo y dentro del presupuesto. Tanto si te ocupas de grandes proyectos de autopistas como de reparaciones rutinarias de carreteras, <a href=\"https:\/\/bearcatmfg.com\/es\/equipamiento-que-necesitan-los-nuevos-contratistas-de-asfalto\/\">BearCat tiene el equipo en el que conf\u00edan los contratistas<\/a> para mantener las carreteras lisas, seguras y duraderas. Y cuando necesites el mejor equipo de reparaci\u00f3n de asfalto de Iowa, elige BearCat.   <\/p>\n<h3>Por qu\u00e9 destaca la maquinaria para asfalto BearCat<\/h3>\n<p>BearCat Manufacturing ofrece una l\u00ednea completa de herramientas de alto rendimiento para el mantenimiento del asfalto, fabricadas para ofrecer durabilidad y fiabilidad en las condiciones m\u00e1s duras. Esto es lo que ofrecemos: <\/p>\n<ul>\n<li><strong>Distribuidores<\/strong> de Asfalto &#8211; Imprescindibles en cualquier proyecto de pavimentaci\u00f3n o mantenimiento, nuestros distribuidores de asfalto -incluido el famoso <a href=\"https:\/\/bearcatmfg.com\/es\/distribuidor-de-asfalto-iowa\/\">Distribuidor de Asfalto BC-502-<\/a> est\u00e1n dise\u00f1ados para ofrecer precisi\u00f3n y eficacia. Apodado \u00abla leyenda\u00bb, el BC-502 garantiza una aplicaci\u00f3n precisa y uniforme del asfalto en todo momento. <\/li>\n<li><strong>Astilladoras &#8211; <\/strong>Prolonga la vida del pavimento hasta 12 a\u00f1os con <a href=\"https:\/\/bearcatmfg.com\/es\/los-mejores-esparcidores-de-virutas-en-venta\/\">las astilladoras BearCat<\/a>. Nuestros modelos, como la Esparcidora de Virutas en T\u00e1ndem Super 20&#8242; y la Esparcidora de Virutas en T\u00e1ndem Stealth 16&#8242;, proporcionan un m\u00e9todo seguro y eficaz para sellar y conservar las superficies de las carreteras. <\/li>\n<li><strong>Selladoras <\/strong>de Grietas <strong>&#8211; <\/strong>Evita que las peque\u00f1as grietas se conviertan en grandes problemas. <a href=\"https:\/\/bearcatmfg.com\/es\/selladores-de-grietas-iowa\/\">Las Selladoras de Grietas<\/a> Engomadas ECS-250 y ECS-400 est\u00e1n dise\u00f1adas para sellar el pavimento con rapidez y eficacia. Reducen los futuros costes de mantenimiento a la vez que aumentan la seguridad y la vida \u00fatil.  <\/li>\n<li><strong>Equipos a medida &#8211; <\/strong>\u00bfNecesitas una soluci\u00f3n a medida? La <a href=\"https:\/\/bearcatmfg.com\/es\/our-products\/pavimentadora-por-pulverizacion-sp-200-roadtec\/\">extendedora de rociado SP-200 Roadtec<\/a> de BearCat combina la aplicaci\u00f3n de asfalto l\u00edquido y \u00e1ridos en una sola pasada. Agiliza el proceso de asfaltado para mejorar la velocidad y la precisi\u00f3n.  <\/li>\n<\/ul>\n<p>Si buscas el mejor equipo de reparaci\u00f3n de asfalto para carreteras de Iowa, BearCat es el nombre que debes conocer.<\/p>\n<h3>Nuestra historia<\/h3>\n<p>Fundada en 1969 por Ken Hill y Don Carson, <a href=\"https:\/\/bearcatmfg.com\/es\/sobre-nosotros\/\">BearCat Manufacturing<\/a> naci\u00f3 del deseo de hacer las cosas mejor. Desde la invenci\u00f3n de los sistemas para camiones con cabina controlada hasta el dise\u00f1o de nuestras propias barras de pulverizaci\u00f3n con v\u00e1lvulas de asiento y aletas de ruptura, hemos construido un legado de innovaci\u00f3n. Hoy, ese mismo esp\u00edritu pionero nos impulsa a crear las soluciones que necesitan nuestros clientes: fabricadas a medida y de rendimiento probado.  <\/p>\n<div class=\"left-img\"><img loading=\"lazy\" decoding=\"async\" class=\"alignnone\" src=\"https:\/\/bearcatmfg.com\/wp-content\/uploads\/2025\/04\/Asphalt-Repair-Equipment-Iowa-seo.webp\" alt=\"Bearcat MFG ofrece los mejores equipos de reparaci\u00f3n de asfalto para las carreteras de Iowa\" width=\"500\" height=\"350\" title=\"\"><\/div>\n<h3>Contacte con BearCat hoy mismo<\/h3>\n<p>Con sede en Wickenburg, Arizona, BearCat se enorgullece de prestar asistencia a contratistas de todo el pa\u00eds. Si est\u00e1s listo para actualizar tu equipo de reparaci\u00f3n de asfalto en Iowa, estamos aqu\u00ed para ayudarte. <a href=\"https:\/\/bearcatmfg.com\/es\/contactenos\/\">Ponte en contacto con nosotros<\/a> hoy mismo en el <a href=\"tel:9286847851\">928-684-7851<\/a> para hablar con nuestro equipo y encontrar el equipo adecuado para tu pr\u00f3ximo trabajo. <\/p>\n","protected":false},"excerpt":{"rendered":"<p>Consigue equipos fiables de mantenimiento del asfalto de BearCat Manufacturing Cuando est\u00e1s en el negocio de las carreteras y el asfalto, el equipo adecuado marca la diferencia. En BearCat Manufacturing, dise\u00f1amos y construimos m\u00e1quinas de mantenimiento del asfalto de la m\u00e1xima calidad que te garantizan un trabajo bien hecho, a tiempo y dentro del presupuesto. &hellip; <a href=\"https:\/\/bearcatmfg.com\/es\/equipos-de-reparacion-de-asfalto-iowa\/\" class=\"more-link\">Continue reading <span class=\"screen-reader-text\">Equipos de reparaci\u00f3n de asfalto Iowa<\/span><\/a><\/p>\n","protected":false},"author":1,"featured_media":3862,"parent":0,"menu_order":0,"comment_status":"closed","ping_status":"closed","template":"","meta":{"_acf_changed":false,"footnotes":""},"class_list":["post-4332","page","type-page","status-publish","has-post-thumbnail","hentry"],"acf":[],"_links":{"self":[{"href":"https:\/\/bearcatmfg.com\/es\/wp-json\/wp\/v2\/pages\/4332","targetHints":{"allow":["GET"]}}],"collection":[{"href":"https:\/\/bearcatmfg.com\/es\/wp-json\/wp\/v2\/pages"}],"about":[{"href":"https:\/\/bearcatmfg.com\/es\/wp-json\/wp\/v2\/types\/page"}],"author":[{"embeddable":true,"href":"https:\/\/bearcatmfg.com\/es\/wp-json\/wp\/v2\/users\/1"}],"replies":[{"embeddable":true,"href":"https:\/\/bearcatmfg.com\/es\/wp-json\/wp\/v2\/comments?post=4332"}],"version-history":[{"count":1,"href":"https:\/\/bearcatmfg.com\/es\/wp-json\/wp\/v2\/pages\/4332\/revisions"}],"predecessor-version":[{"id":4343,"href":"https:\/\/bearcatmfg.com\/es\/wp-json\/wp\/v2\/pages\/4332\/revisions\/4343"}],"wp:featuredmedia":[{"embeddable":true,"href":"https:\/\/bearcatmfg.com\/es\/wp-json\/wp\/v2\/media\/3862"}],"wp:attachment":[{"href":"https:\/\/bearcatmfg.com\/es\/wp-json\/wp\/v2\/media?parent=4332"}],"curies":[{"name":"wp","href":"https:\/\/api.w.org\/{rel}","templated":true}]}}