{"id":4337,"date":"2025-04-08T16:20:20","date_gmt":"2025-04-08T16:20:20","guid":{"rendered":"https:\/\/bearcatmfg.com\/equipo-de-asfaltado-mejor-valorado-minnesota\/"},"modified":"2025-04-27T23:18:04","modified_gmt":"2025-04-27T23:18:04","slug":"equipo-de-asfaltado-mejor-valorado-minnesota","status":"publish","type":"page","link":"https:\/\/bearcatmfg.com\/es\/equipo-de-asfaltado-mejor-valorado-minnesota\/","title":{"rendered":"Equipo de asfaltado mejor valorado Minnesota"},"content":{"rendered":"<h3>BearCat ofrece el mejor equipo de asfaltado para tu negocio<\/h3>\n<p>Cuando se trata de mantener las carreteras, <a href=\"https:\/\/bearcatmfg.com\/es\/equipo-de-asfaltado-minnesota\/\">el sellado de virutas<\/a> sigue siendo uno de los m\u00e9todos m\u00e1s rentables y fiables que existen. Pero no todos los equipos ofrecen los mismos resultados. Para hacer el trabajo con eficacia -y hacerlo bien-, necesitas la maquinaria de asfaltado m\u00e1s valorada y en la que conf\u00eden los contratistas de Minnesota. Ah\u00ed es donde entra <a href=\"https:\/\/bearcatmfg.com\/es\/sobre-nosotros\/\">BearCat Manufacturing<\/a>. Con d\u00e9cadas de innovaci\u00f3n y experiencia pr\u00e1ctica en el sector, BearCat se ha convertido en l\u00edder en el suministro de equipos de mantenimiento de carreteras de alto rendimiento que ofrecen valor a largo plazo.    <\/p>\n<h3>Por qu\u00e9 funciona el sellado de grietas<\/h3>\n<p>El tr\u00e1fico intenso, el tiempo y el paso del tiempo afectan a las carreteras. Si no se tratan, las peque\u00f1as grietas pueden convertirse en problemas graves, que obliguen a costosas reparaciones o a una repavimentaci\u00f3n completa. Por eso es esencial un mantenimiento continuo. Y el asfaltado es una soluci\u00f3n inteligente. <a href=\"https:\/\/bearcatmfg.com\/es\/que-equipo-necesito-para-pavimentar-con-aglomerado-asfaltico\/\">El asfaltado<\/a> es un proceso que aplica varias capas de asfalto l\u00edquido seguidas de \u00e1ridos finos para crear una superficie duradera y protectora. Es eficaz, asequible y se ha demostrado que alarga la vida del pavimento hasta 12 a\u00f1os.    <\/p>\n<p>He aqu\u00ed por qu\u00e9 cada vez m\u00e1s contratistas eligen el sellado de virutas:<\/p>\n<ul>\n<li><strong>Mayor rapidez: <\/strong>con el equipo adecuado, la mayor\u00eda de los proyectos de asfaltado pueden completarse en pocos d\u00edas.<\/li>\n<li><strong>Ahorro de costes &#8211; <\/strong>Menos materiales y menos mano de obra significan menos gastos generales.<\/li>\n<li><strong>Reducci\u00f3n del tiempo de inactividad: <\/strong>las carreteras se reabren r\u00e1pidamente, minimizando las interrupciones del tr\u00e1fico.<\/li>\n<li><strong>Protecci\u00f3n duradera &#8211; <\/strong>Ayuda a conservar y prolongar la vida \u00fatil de las calzadas protegi\u00e9ndolas del desgaste diario.<\/li>\n<\/ul>\n<p>BearCat es conocido por ser el mejor del sector. Ponte en contacto para saber por qu\u00e9 BearCat es el mejor equipo de asfaltado para contratistas de Minnesota. <\/p>\n<h3>La diferencia BearCat<\/h3>\n<p>Desde 1969, <a href=\"https:\/\/bearcatmfg.com\/es\/sobre-nosotros\/\">BearCat Manufacturing<\/a> ha ayudado a contratistas de todo EE.UU. a triunfar con equipos de mantenimiento del asfalto de alta calidad. Fundada por Ken Hill y Doug Carson, la misi\u00f3n de BearCat siempre ha sido construir m\u00e1quinas inteligentes y duraderas que faciliten el trabajo en carretera y lo hagan m\u00e1s eficaz. Hemos liderado el sector con innovaciones como los sistemas de control en cabina, las barras de pulverizaci\u00f3n dise\u00f1adas a medida, las v\u00e1lvulas de pulverizaci\u00f3n de asiento y las aletas de separaci\u00f3n. Muchas de estas innovaciones siguen siendo est\u00e1ndar hoy en d\u00eda. Cuando busques los esparcidores de gravilla, selladores de grietas y distribuidores de asfalto m\u00e1s fiables, conf\u00eda en nosotros. Con BearCat, no s\u00f3lo adquieres una m\u00e1quina. Obtienes el respaldo de d\u00e9cadas de ingenier\u00eda, asistencia y rendimiento en el mundo real.      <\/p>\n<div class=\"left-img\"><img loading=\"lazy\" decoding=\"async\" class=\"alignnone\" src=\"https:\/\/bearcatmfg.com\/wp-content\/uploads\/2025\/04\/hot-tar-asphalt-road-crack-repair.webp\" alt=\"Bearcat MFG vende los mejores equipos de asfaltado para las carreteras de Minnesota\" width=\"500\" height=\"350\" title=\"\"><\/div>\n<h3>Contacte con BearCat hoy mismo<\/h3>\n<p>Si quieres mejorar tu juego de mantenimiento de carreteras, las herramientas BearCat lo har\u00e1n posible. Ofrecemos opciones personalizadas que se adaptan a las necesidades de tu proyecto, al tama\u00f1o de tu cuadrilla y a tu presupuesto. <a href=\"https:\/\/bearcatmfg.com\/es\/contactenos\/\">Ponte en contacto con nosotros hoy mismo<\/a> en el <a href=\"tel:9286847851\">928-684-7851<\/a> y deja que nuestro equipo te ayude a encontrar el equipo perfecto para tu pr\u00f3ximo trabajo. Con BearCat, tendr\u00e1s \u00e9xito.  <\/p>\n","protected":false},"excerpt":{"rendered":"<p>BearCat ofrece el mejor equipo de asfaltado para tu negocio Cuando se trata de mantener las carreteras, el sellado de virutas sigue siendo uno de los m\u00e9todos m\u00e1s rentables y fiables que existen. Pero no todos los equipos ofrecen los mismos resultados. Para hacer el trabajo con eficacia -y hacerlo bien-, necesitas la maquinaria de &hellip; <a href=\"https:\/\/bearcatmfg.com\/es\/equipo-de-asfaltado-mejor-valorado-minnesota\/\" class=\"more-link\">Continue reading <span class=\"screen-reader-text\">Equipo de asfaltado mejor valorado Minnesota<\/span><\/a><\/p>\n","protected":false},"author":1,"featured_media":1601,"parent":0,"menu_order":0,"comment_status":"closed","ping_status":"closed","template":"","meta":{"_acf_changed":false,"footnotes":""},"class_list":["post-4337","page","type-page","status-publish","has-post-thumbnail","hentry"],"acf":[],"_links":{"self":[{"href":"https:\/\/bearcatmfg.com\/es\/wp-json\/wp\/v2\/pages\/4337","targetHints":{"allow":["GET"]}}],"collection":[{"href":"https:\/\/bearcatmfg.com\/es\/wp-json\/wp\/v2\/pages"}],"about":[{"href":"https:\/\/bearcatmfg.com\/es\/wp-json\/wp\/v2\/types\/page"}],"author":[{"embeddable":true,"href":"https:\/\/bearcatmfg.com\/es\/wp-json\/wp\/v2\/users\/1"}],"replies":[{"embeddable":true,"href":"https:\/\/bearcatmfg.com\/es\/wp-json\/wp\/v2\/comments?post=4337"}],"version-history":[{"count":1,"href":"https:\/\/bearcatmfg.com\/es\/wp-json\/wp\/v2\/pages\/4337\/revisions"}],"predecessor-version":[{"id":4346,"href":"https:\/\/bearcatmfg.com\/es\/wp-json\/wp\/v2\/pages\/4337\/revisions\/4346"}],"wp:featuredmedia":[{"embeddable":true,"href":"https:\/\/bearcatmfg.com\/es\/wp-json\/wp\/v2\/media\/1601"}],"wp:attachment":[{"href":"https:\/\/bearcatmfg.com\/es\/wp-json\/wp\/v2\/media?parent=4337"}],"curies":[{"name":"wp","href":"https:\/\/api.w.org\/{rel}","templated":true}]}}