{"id":4450,"date":"2025-06-26T06:00:55","date_gmt":"2025-06-26T06:00:55","guid":{"rendered":"https:\/\/bearcatmfg.com\/los-mejores-equipos-de-asfaltado-de-kansas\/"},"modified":"2025-07-01T19:47:21","modified_gmt":"2025-07-01T19:47:21","slug":"los-mejores-equipos-de-asfaltado-de-kansas","status":"publish","type":"page","link":"https:\/\/bearcatmfg.com\/es\/los-mejores-equipos-de-asfaltado-de-kansas\/","title":{"rendered":"Los mejores equipos de asfaltado de Kansas"},"content":{"rendered":"<h3>Arregla grietas f\u00e1cilmente con el equipo de calidad de BearCat Manufacturing<\/h3>\n<p>Cualquiera que trabaje en el sector del asfalto reconoce la necesidad de un mantenimiento regular de las carreteras. Las grietas suelen provocar problemas peores en las carreteras: baches, deterioro y condiciones de conducci\u00f3n inseguras. Cuando llega el momento de hacer reparaciones, necesitas saber que tienes el mejor equipo para hacer bien el trabajo. Tanto si se trata de una reparaci\u00f3n m\u00e1s compleja de la carretera como de un arreglo r\u00e1pido, el equipo adecuado deber\u00eda ayudarte a cumplir los plazos y el presupuesto, siempre. Consigue el mejor <a href=\"https:\/\/bearcatmfg.com\/es\/que-equipo-necesito-para-pavimentar-con-aglomerado-asfaltico\/\">equipo de asfaltado<\/a> para carreteras de Kansas con <a href=\"https:\/\/bearcatmfg.com\/es\/sobre-nosotros\/\">BearCat Manufacturing<\/a>.    <\/p>\n<h3>Acerca de los selladores de virutas BearCat&#8217;s<\/h3>\n<p>Una selladora de virutas de BearCat Manufacturing es una forma inteligente y rentable de reparar las carreteras de Kansas. Este equipo te permite hacer las reparaciones necesarias en el asfalto para evitar un deterioro mayor. Como es una soluci\u00f3n sencilla y f\u00e1cil de usar, requiere un m\u00ednimo de tiempo y mano de obra. Tambi\u00e9n ayuda a prolongar la vida del pavimento hasta 12 a\u00f1os. Las selladoras de asfalto son una forma segura y eficaz de sellar el pavimento y evitar problemas mayores en el futuro.    <\/p>\n<p>No conf\u00edes en cualquier selladora de virutas. BearCat ofrece los mejores equipos de asfaltado de Kansas. Ofrecemos dos modelos en los que conf\u00edan contratistas de todo el pa\u00eds.  <\/p>\n<ul>\n<li><a href=\"https:\/\/etnyre.com\/ecs-250-rubberized-crack-seal-machine\/\" target=\"_blank\" rel=\"noopener\"><strong>M\u00e1quina selladora de grietas engomada ECS-250<\/strong><\/a> &#8211; Esta m\u00e1quina di\u00e9sel de 250 galones ofrece seguridad y comodidad. Ofrece dos puertas de carga de sellador, pestillos de seguridad que cumplen la normativa DOT, controles de funcionamiento centrales, un brazo de manguera para reducir el desgaste y un panel de control de temperatura. Tambi\u00e9n acciona los sistemas hidr\u00e1ulico y el\u00e9ctrico KRACKER.  <\/li>\n<li><a href=\"https:\/\/etnyre.com\/ecs-400-rubber-crack-sealing-machine\/\" target=\"_blank\" rel=\"noopener\"><strong>M\u00e1quina Selladora de Grietas Engomada ECS-400<\/strong><\/a> &#8211; La ECS-400 es una KRACKER di\u00e9sel de 400 galones que incorpora un motor di\u00e9sel de 27 CV. Ofrece las mismas prestaciones que la ECS-250. Sin embargo, esta m\u00e1quina ofrece un arranque r\u00e1pido y una mayor capacidad de calentamiento, lo que garantiza menos tiempo de inactividad de la cuadrilla.  <\/li>\n<\/ul>\n<p>Las selladoras de virutas son imprescindibles si eres contratista de asfalto o mantenimiento de carreteras. Y las m\u00e1quinas de BearCat son las que pueden ofrecerte la calidad que deseas, a la velocidad que necesitas. Ponte en contacto para ver c\u00f3mo podemos ayudarte.  <\/p>\n<div class=\"right-img\"><img loading=\"lazy\" decoding=\"async\" class=\"alignnone\" src=\"https:\/\/bearcatmfg.com\/wp-content\/uploads\/2025\/06\/laying-new-layer-of-asphalt.webp\" alt=\"Bearcat Manufacturing vende los mejores equipos de asfaltado para las carreteras de Kansas\" width=\"500\" height=\"350\" title=\"\"><\/div>\n<h3>Acerca de BearCat<\/h3>\n<p>Ken Hill y Don Carson fundaron <a href=\"https:\/\/bearcatmfg.com\/es\/sobre-nosotros\/\">BearCat Manufacturing<\/a> en 1969, tras reconocer la necesidad de ofrecer mejores equipos para el negocio del asfalto. Desde entonces, BearCat se ha mantenido a la vanguardia. Nuestra empresa invent\u00f3 los sistemas de camiones con cabina controlada. Incluso dise\u00f1amos barras de pulverizaci\u00f3n con v\u00e1lvulas de asiento y aletas de ruptura. Nuestro legado es de innovaci\u00f3n y calidad. Y ese esp\u00edritu sigue vivo hoy, ya que seguimos construyendo soluciones que nuestros clientes necesitan y desean. Las fabricamos a medida y probamos su rendimiento.      <\/p>\n<h3>Contacte con BearCat hoy mismo<\/h3>\n<p>Si est\u00e1s listo para poner a prueba el equipo de sellado de virutas mejor valorado de Kansas, ponte <a href=\"https:\/\/bearcatmfg.com\/es\/contactenos\/\">en<\/a> contacto con BearCat hoy mismo. Ll\u00e1manos al <a href=\"tel:9286847851\">928-684-7851<\/a> para hablar con nosotros y comprobar lo beneficiosas que pueden ser nuestras m\u00e1quinas de asfaltado para tu negocio. <\/p>\n","protected":false},"excerpt":{"rendered":"<p>Arregla grietas f\u00e1cilmente con el equipo de calidad de BearCat Manufacturing Cualquiera que trabaje en el sector del asfalto reconoce la necesidad de un mantenimiento regular de las carreteras. Las grietas suelen provocar problemas peores en las carreteras: baches, deterioro y condiciones de conducci\u00f3n inseguras. Cuando llega el momento de hacer reparaciones, necesitas saber que &hellip; <a href=\"https:\/\/bearcatmfg.com\/es\/los-mejores-equipos-de-asfaltado-de-kansas\/\" class=\"more-link\">Continue reading <span class=\"screen-reader-text\">Los mejores equipos de asfaltado de Kansas<\/span><\/a><\/p>\n","protected":false},"author":1,"featured_media":3820,"parent":0,"menu_order":0,"comment_status":"closed","ping_status":"closed","template":"","meta":{"_acf_changed":false,"footnotes":""},"class_list":["post-4450","page","type-page","status-publish","has-post-thumbnail","hentry"],"acf":[],"_links":{"self":[{"href":"https:\/\/bearcatmfg.com\/es\/wp-json\/wp\/v2\/pages\/4450","targetHints":{"allow":["GET"]}}],"collection":[{"href":"https:\/\/bearcatmfg.com\/es\/wp-json\/wp\/v2\/pages"}],"about":[{"href":"https:\/\/bearcatmfg.com\/es\/wp-json\/wp\/v2\/types\/page"}],"author":[{"embeddable":true,"href":"https:\/\/bearcatmfg.com\/es\/wp-json\/wp\/v2\/users\/1"}],"replies":[{"embeddable":true,"href":"https:\/\/bearcatmfg.com\/es\/wp-json\/wp\/v2\/comments?post=4450"}],"version-history":[{"count":2,"href":"https:\/\/bearcatmfg.com\/es\/wp-json\/wp\/v2\/pages\/4450\/revisions"}],"predecessor-version":[{"id":4463,"href":"https:\/\/bearcatmfg.com\/es\/wp-json\/wp\/v2\/pages\/4450\/revisions\/4463"}],"wp:featuredmedia":[{"embeddable":true,"href":"https:\/\/bearcatmfg.com\/es\/wp-json\/wp\/v2\/media\/3820"}],"wp:attachment":[{"href":"https:\/\/bearcatmfg.com\/es\/wp-json\/wp\/v2\/media?parent=4450"}],"curies":[{"name":"wp","href":"https:\/\/api.w.org\/{rel}","templated":true}]}}